{"id":1011,"date":"2015-03-30T08:00:04","date_gmt":"2015-03-30T08:00:04","guid":{"rendered":"http:\/\/ww2.museosantacruz.org\/?page_id=1011"},"modified":"2024-05-10T20:47:21","modified_gmt":"2024-05-10T21:47:21","slug":"ayuda-y-recomendaciones","status":"publish","type":"page","link":"https:\/\/ww2.museosantacruz.org\/?page_id=1011","title":{"rendered":"Ayuda"},"content":{"rendered":"<p><strong><span style=\"color: #0000ff; font-family: Arial;\"><img decoding=\"async\" src=\"https:\/\/ww2.museosantacruz.org\/wp-content\/uploads\/2015\/03\/ARCHIVO.gif\" \/><\/span><\/strong><\/p>\n<p><strong><span style=\"color: #0000ff; font-family: Arial;\">Acceso y consulta del Archivo Digital <\/span><br \/>\n<\/strong><\/p>\n<p><span style=\"color: #550000; font-family: Arial;\">El acceso a los documentos de <strong>Archivo Digita<\/strong>l se lleva a mediante un <strong>Cat\u00e1logo <em>est\u00e1tico<\/em><\/strong>, con 3 \u00edndices: <a href=\"https:\/\/ww2.museosantacruz.org\/?page_id=4076\"><span style=\"color: #ff0000;\"><strong>AUTORES<\/strong><\/span><\/a>, <a href=\"https:\/\/ww2.museosantacruz.org\/?page_id=3919\"><span style=\"color: #339966;\"><strong>MATERIAS<\/strong> <\/span><\/a>y <strong><a href=\"https:\/\/ww2.museosantacruz.org\/?page_id=3917\">FUENTES<\/a> <\/strong>(pulsa para entrar en cada uno de ellos). <\/span><\/p>\n<p><span style=\"color: #550000; font-family: Arial;\">Cada documento ha sido brevemente catalogado e indexado mediante una \u00abficha\u00bb con los siguientes elementos:<strong> Autor(es), T\u00edtulo, paginaci\u00f3n, notas, Materia(s) y enlace<\/strong> al fichero del documento.<\/span><\/p>\n<p><span style=\"color: #550000; font-family: Arial;\">La indexaci\u00f3n por <strong>Materias<\/strong> y <strong>Autores<\/strong> es m\u00faltiple, lo que significa que un mismo documento aparece tantas veces como entradas tenga en dichos \u00edndices.<\/span><\/p>\n<p><span style=\"color: #0000ff; font-family: Arial;\"><strong>Navegaci\u00f3n en los \u00edndices <\/strong><\/span><\/p>\n<p><span style=\"color: #550000; font-family: Arial;\">Cada \u00edndice presenta una tabla en el lado izquierdo, con todas sus entradas. Pulse sobre ellas para ver las \u00abfichas\u00bb de los documentos.<br \/>\n<\/span><span style=\"color: #550000; font-family: Arial;\">Junto a cada \u00abentrada\u00bb de los diferentes \u00edndices figura este icono: <img loading=\"lazy\" decoding=\"async\" src=\"http:\/\/www.museosantacruz.org\/Archivo\/flecha_arriba.png\" alt=\"\" width=\"26\" height=\"26\" \/>. Pulse sobre \u00e9l para ir al principio del <\/span> <span style=\"color: #550000; font-family: Arial;\"> \u00edndice (p\u00e1gina).<br \/>\nTambi\u00e9n puede localizar los documentos usando nuestro <strong><a href=\"https:\/\/ww2.museosantacruz.org\/?page_id=2795\">Buscador<\/a>.<\/strong><br \/>\n<\/span><\/p>\n<p><span style=\"color: #550000; font-family: Arial;\"><strong><span style=\"color: #0000ff; font-family: Arial;\">Documentos<\/span><\/strong><\/span><\/p>\n<p><span style=\"color: #550000; font-family: Arial;\">La gran mayor\u00eda de documentos est\u00e1n en formato PDF, con reconocimiento OCR, optimizados para vista en <strong>web. <\/strong><\/span><strong><br \/>\n<\/strong><\/p>\n","protected":false},"excerpt":{"rendered":"<p>Acceso y consulta del Archivo Digital El acceso a los documentos de Archivo Digital se lleva a mediante un Cat\u00e1logo est\u00e1tico, con 3 \u00edndices: AUTORES, MATERIAS y FUENTES (pulsa para entrar en cada uno de ellos). Cada documento ha sido brevemente catalogado e indexado mediante una \u00abficha\u00bb con los siguientes&#8230; <a class=\"continue-reading-link\" href=\"https:\/\/ww2.museosantacruz.org\/?page_id=1011\">Continue reading<\/a><\/p>\n","protected":false},"author":1,"featured_media":460,"parent":51,"menu_order":4,"comment_status":"closed","ping_status":"open","template":"","meta":{"footnotes":""},"class_list":["post-1011","page","type-page","status-publish","has-post-thumbnail","hentry"],"_links":{"self":[{"href":"https:\/\/ww2.museosantacruz.org\/index.php?rest_route=\/wp\/v2\/pages\/1011","targetHints":{"allow":["GET"]}}],"collection":[{"href":"https:\/\/ww2.museosantacruz.org\/index.php?rest_route=\/wp\/v2\/pages"}],"about":[{"href":"https:\/\/ww2.museosantacruz.org\/index.php?rest_route=\/wp\/v2\/types\/page"}],"author":[{"embeddable":true,"href":"https:\/\/ww2.museosantacruz.org\/index.php?rest_route=\/wp\/v2\/users\/1"}],"replies":[{"embeddable":true,"href":"https:\/\/ww2.museosantacruz.org\/index.php?rest_route=%2Fwp%2Fv2%2Fcomments&post=1011"}],"version-history":[{"count":10,"href":"https:\/\/ww2.museosantacruz.org\/index.php?rest_route=\/wp\/v2\/pages\/1011\/revisions"}],"predecessor-version":[{"id":4400,"href":"https:\/\/ww2.museosantacruz.org\/index.php?rest_route=\/wp\/v2\/pages\/1011\/revisions\/4400"}],"up":[{"embeddable":true,"href":"https:\/\/ww2.museosantacruz.org\/index.php?rest_route=\/wp\/v2\/pages\/51"}],"wp:featuredmedia":[{"embeddable":true,"href":"https:\/\/ww2.museosantacruz.org\/index.php?rest_route=\/wp\/v2\/media\/460"}],"wp:attachment":[{"href":"https:\/\/ww2.museosantacruz.org\/index.php?rest_route=%2Fwp%2Fv2%2Fmedia&parent=1011"}],"curies":[{"name":"wp","href":"https:\/\/api.w.org\/{rel}","templated":true}]}}