{"id":1238,"date":"2015-04-15T14:55:27","date_gmt":"2015-04-15T14:55:27","guid":{"rendered":"http:\/\/ww2.museosantacruz.org\/?page_id=1238"},"modified":"2015-04-29T00:58:46","modified_gmt":"2015-04-29T00:58:46","slug":"programas-de-fiestas","status":"publish","type":"page","link":"https:\/\/ww2.museosantacruz.org\/?page_id=1238","title":{"rendered":"Programas de fiestas"},"content":{"rendered":"<nav aria-label=\"breadcrumbs\">\n            <div class=\"breadcrumb-container theme4\">\n                <ol>\n                                    <\/ol>\n            <\/div>\n        <\/nav>    <script type=\"application\/ld+json\">\n        {\n            \"@context\": \"http:\/\/schema.org\",\n            \"@type\": \"BreadcrumbList\",\n            \"itemListElement\": [\n                            ]\n        }\n    <\/script>\n    <style type=\"text\/css\">\n        .breadcrumb-container {\n            font-size: 13px;\n        }\n\n        .breadcrumb-container ul {\n            margin: 0;\n            padding: 0;\n        }\n\n        .breadcrumb-container li {\n            box-sizing: unset;\n            display: inline-block;\n            margin: 0;\n            padding: 0;\n        }\n\n        .breadcrumb-container li a {\n            box-sizing: unset;\n            padding: 0 10px;\n        }\n\n        .breadcrumb-container {\n            font-size: 12px !important;\n                    }\n\n        .breadcrumb-container li a {\n            color: #301400 !important;\n            font-size: 12px !important;\n            line-height: 12px !important;\n                    }\n\n        .breadcrumb-container li .separator {\n            color: #000000 !important;\n            font-size: 12px !important;\n                    }\n\n        .breadcrumb-container li:last-child .separator {\n            display: none;\n        }\n    <\/style>\n    <style type=\"text\/css\">\n\n        .breadcrumb-container.theme4 li {\n            display: inline-block;\n            margin: 0 14px;\n            padding: 0;\n        }\n\n        .breadcrumb-container.theme4 a {\n            background: #ddb57a;\n            color: rgb(102, 102, 102);\n            display: inline-block;\n            font-size: 14px;\n            height: 16px;\n            margin: 0;\n            padding: 5px 10px;\n            text-decoration: none;\n            position:relative;\n        }\n\n\n        .breadcrumb-container.theme4 a::after {\n            -moz-border-bottom-colors: none;\n            -moz-border-left-colors: none;\n            -moz-border-right-colors: none;\n            -moz-border-top-colors: none;\n            border-color: rgba(0, 0, 0, 0) rgba(0, 0, 0, 0) rgba(0, 0, 0, 0) #ddb57a;\n            border-image: none;\n            border-style: solid;\n            border-width: 13px;\n            content: \" \";\n            display: inline-block;\n            height: 0;\n            line-height: 0;\n            position: absolute;\n            right: -26px;\n            top: 0;\n            width: 0;\n        }\n\n        .breadcrumb-container.theme4 .separator {\n            display: none;\n        }\n    <\/style>\n        <style type=\"text\/css\">\n        .breadcrumb-container{}\r\n.breadcrumb-container ul{}\r\n.breadcrumb-container li{}\r\n.breadcrumb-container a{}\r\n.breadcrumb-container .separator{}\r\n    <\/style>\n    <script>\n            <\/script>\n\n<h3 style=\"text-align: right;\">M\u00e1s \u00e1lbumes: <a title=\"Fotos\" href=\"http:\/\/ww2.museosantacruz.org\/?page_id=41\">Fotos antiguas<\/a> &#8211; <a title=\"Fotos antiguas 2\" href=\"http:\/\/ww2.museosantacruz.org\/?page_id=1278\">Fotos antiguas 2 <\/a>\u2013 <a title=\"D\u00edas de f\u00fatbol\" href=\"http:\/\/ww2.museosantacruz.org\/?page_id=1241\">D\u00edas de f\u00fatbol<\/a><\/h3>\n<h2 style=\"text-align: center;\"><span style=\"color: #808000;\">\u00c1lbum 3: Programas de fiestas<\/span><\/h2>\n\n\t\t<style type=\"text\/css\">\n\t\t\t#gallery-1 {\n\t\t\t\tmargin: auto;\n\t\t\t}\n\t\t\t#gallery-1 .gallery-item {\n\t\t\t\tfloat: left;\n\t\t\t\tmargin-top: 10px;\n\t\t\t\ttext-align: center;\n\t\t\t\twidth: 50%;\n\t\t\t}\n\t\t\t#gallery-1 img {\n\t\t\t\tborder: 2px solid #cfcfcf;\n\t\t\t}\n\t\t\t#gallery-1 .gallery-caption {\n\t\t\t\tmargin-left: 0;\n\t\t\t}\n\t\t\t\/* see gallery_shortcode() in wp-includes\/media.php *\/\n\t\t<\/style>\n\t\t<div id='gallery-1' class='gallery galleryid-1238 gallery-columns-2 gallery-size-full'><dl class='gallery-item'>\n\t\t\t<dt class='gallery-icon portrait'>\n\t\t\t\t<a href='https:\/\/ww2.museosantacruz.org\/wp-content\/uploads\/2015\/04\/programa-fiestas-33-portada1.jpg'><img loading=\"lazy\" decoding=\"async\" width=\"400\" height=\"462\" src=\"https:\/\/ww2.museosantacruz.org\/wp-content\/uploads\/2015\/04\/programa-fiestas-33-portada1.jpg\" class=\"attachment-full size-full\" alt=\"\" aria-describedby=\"gallery-1-1226\" srcset=\"https:\/\/ww2.museosantacruz.org\/wp-content\/uploads\/2015\/04\/programa-fiestas-33-portada1.jpg 400w, https:\/\/ww2.museosantacruz.org\/wp-content\/uploads\/2015\/04\/programa-fiestas-33-portada1-260x300.jpg 260w\" sizes=\"auto, (max-width: 400px) 100vw, 400px\" \/><\/a>\n\t\t\t<\/dt>\n\t\t\t\t<dd class='wp-caption-text gallery-caption' id='gallery-1-1226'>\n\t\t\t\tPrograma Fiestas 1.933 &#8211; Portada\n\t\t\t\t<\/dd><\/dl><dl class='gallery-item'>\n\t\t\t<dt class='gallery-icon portrait'>\n\t\t\t\t<a href='https:\/\/ww2.museosantacruz.org\/wp-content\/uploads\/2015\/04\/programa-fiestas-33-h01.jpg'><img loading=\"lazy\" decoding=\"async\" width=\"400\" height=\"461\" src=\"https:\/\/ww2.museosantacruz.org\/wp-content\/uploads\/2015\/04\/programa-fiestas-33-h01.jpg\" class=\"attachment-full size-full\" alt=\"\" aria-describedby=\"gallery-1-1222\" srcset=\"https:\/\/ww2.museosantacruz.org\/wp-content\/uploads\/2015\/04\/programa-fiestas-33-h01.jpg 400w, https:\/\/ww2.museosantacruz.org\/wp-content\/uploads\/2015\/04\/programa-fiestas-33-h01-260x300.jpg 260w\" sizes=\"auto, (max-width: 400px) 100vw, 400px\" \/><\/a>\n\t\t\t<\/dt>\n\t\t\t\t<dd class='wp-caption-text gallery-caption' id='gallery-1-1222'>\n\t\t\t\tPrograma Fiestas 1.933 \u2013 p.1\n\t\t\t\t<\/dd><\/dl><br style=\"clear: both\" \/><dl class='gallery-item'>\n\t\t\t<dt class='gallery-icon portrait'>\n\t\t\t\t<a href='https:\/\/ww2.museosantacruz.org\/wp-content\/uploads\/2015\/04\/programa-fiestas-33-h03.jpg'><img loading=\"lazy\" decoding=\"async\" width=\"400\" height=\"498\" src=\"https:\/\/ww2.museosantacruz.org\/wp-content\/uploads\/2015\/04\/programa-fiestas-33-h03.jpg\" class=\"attachment-full size-full\" alt=\"\" aria-describedby=\"gallery-1-1224\" srcset=\"https:\/\/ww2.museosantacruz.org\/wp-content\/uploads\/2015\/04\/programa-fiestas-33-h03.jpg 400w, https:\/\/ww2.museosantacruz.org\/wp-content\/uploads\/2015\/04\/programa-fiestas-33-h03-241x300.jpg 241w\" sizes=\"auto, (max-width: 400px) 100vw, 400px\" \/><\/a>\n\t\t\t<\/dt>\n\t\t\t\t<dd class='wp-caption-text gallery-caption' id='gallery-1-1224'>\n\t\t\t\tPrograma Fiestas 1.933 &#8211; p.2\n\t\t\t\t<\/dd><\/dl><dl class='gallery-item'>\n\t\t\t<dt class='gallery-icon portrait'>\n\t\t\t\t<a href='https:\/\/ww2.museosantacruz.org\/wp-content\/uploads\/2015\/04\/programa-fiestas-33-h02.jpg'><img loading=\"lazy\" decoding=\"async\" width=\"400\" height=\"483\" src=\"https:\/\/ww2.museosantacruz.org\/wp-content\/uploads\/2015\/04\/programa-fiestas-33-h02.jpg\" class=\"attachment-full size-full\" alt=\"\" aria-describedby=\"gallery-1-1223\" srcset=\"https:\/\/ww2.museosantacruz.org\/wp-content\/uploads\/2015\/04\/programa-fiestas-33-h02.jpg 400w, https:\/\/ww2.museosantacruz.org\/wp-content\/uploads\/2015\/04\/programa-fiestas-33-h02-248x300.jpg 248w\" sizes=\"auto, (max-width: 400px) 100vw, 400px\" \/><\/a>\n\t\t\t<\/dt>\n\t\t\t\t<dd class='wp-caption-text gallery-caption' id='gallery-1-1223'>\n\t\t\t\tPrograma Fiestas 1.933 &#8211; p.1\n\t\t\t\t<\/dd><\/dl><br style=\"clear: both\" \/><dl class='gallery-item'>\n\t\t\t<dt class='gallery-icon portrait'>\n\t\t\t\t<a href='https:\/\/ww2.museosantacruz.org\/wp-content\/uploads\/2015\/04\/programa-fiestas-33-h04.jpg'><img loading=\"lazy\" decoding=\"async\" width=\"400\" height=\"462\" src=\"https:\/\/ww2.museosantacruz.org\/wp-content\/uploads\/2015\/04\/programa-fiestas-33-h04.jpg\" class=\"attachment-full size-full\" alt=\"\" aria-describedby=\"gallery-1-1225\" srcset=\"https:\/\/ww2.museosantacruz.org\/wp-content\/uploads\/2015\/04\/programa-fiestas-33-h04.jpg 400w, https:\/\/ww2.museosantacruz.org\/wp-content\/uploads\/2015\/04\/programa-fiestas-33-h04-260x300.jpg 260w\" sizes=\"auto, (max-width: 400px) 100vw, 400px\" \/><\/a>\n\t\t\t<\/dt>\n\t\t\t\t<dd class='wp-caption-text gallery-caption' id='gallery-1-1225'>\n\t\t\t\tPrograma Fiestas 1.933 \u2013 p.4\n\t\t\t\t<\/dd><\/dl><dl class='gallery-item'>\n\t\t\t<dt class='gallery-icon portrait'>\n\t\t\t\t<a href='https:\/\/ww2.museosantacruz.org\/wp-content\/uploads\/2015\/04\/programa-fiestas-43-portada.jpg'><img loading=\"lazy\" decoding=\"async\" width=\"259\" height=\"547\" src=\"https:\/\/ww2.museosantacruz.org\/wp-content\/uploads\/2015\/04\/programa-fiestas-43-portada.jpg\" class=\"attachment-full size-full\" alt=\"\" aria-describedby=\"gallery-1-1228\" srcset=\"https:\/\/ww2.museosantacruz.org\/wp-content\/uploads\/2015\/04\/programa-fiestas-43-portada.jpg 259w, https:\/\/ww2.museosantacruz.org\/wp-content\/uploads\/2015\/04\/programa-fiestas-43-portada-142x300.jpg 142w\" sizes=\"auto, (max-width: 259px) 100vw, 259px\" \/><\/a>\n\t\t\t<\/dt>\n\t\t\t\t<dd class='wp-caption-text gallery-caption' id='gallery-1-1228'>\n\t\t\t\tPrograma Fiestas 1.943 &#8211; Portada\n\t\t\t\t<\/dd><\/dl><br style=\"clear: both\" \/><dl class='gallery-item'>\n\t\t\t<dt class='gallery-icon landscape'>\n\t\t\t\t<a href='https:\/\/ww2.museosantacruz.org\/wp-content\/uploads\/2015\/04\/programa-fiestas-43-anuncio.jpg'><img loading=\"lazy\" decoding=\"async\" width=\"400\" height=\"400\" src=\"https:\/\/ww2.museosantacruz.org\/wp-content\/uploads\/2015\/04\/programa-fiestas-43-anuncio.jpg\" class=\"attachment-full size-full\" alt=\"\" aria-describedby=\"gallery-1-1227\" srcset=\"https:\/\/ww2.museosantacruz.org\/wp-content\/uploads\/2015\/04\/programa-fiestas-43-anuncio.jpg 400w, https:\/\/ww2.museosantacruz.org\/wp-content\/uploads\/2015\/04\/programa-fiestas-43-anuncio-150x150.jpg 150w, https:\/\/ww2.museosantacruz.org\/wp-content\/uploads\/2015\/04\/programa-fiestas-43-anuncio-300x300.jpg 300w\" sizes=\"auto, (max-width: 400px) 100vw, 400px\" \/><\/a>\n\t\t\t<\/dt>\n\t\t\t\t<dd class='wp-caption-text gallery-caption' id='gallery-1-1227'>\n\t\t\t\tPrograma Fiestas 1.943 &#8211; Anuncios\n\t\t\t\t<\/dd><\/dl><dl class='gallery-item'>\n\t\t\t<dt class='gallery-icon portrait'>\n\t\t\t\t<a href='https:\/\/ww2.museosantacruz.org\/wp-content\/uploads\/2015\/04\/programa-fiestas-44-portada1.jpg'><img loading=\"lazy\" decoding=\"async\" width=\"317\" height=\"582\" src=\"https:\/\/ww2.museosantacruz.org\/wp-content\/uploads\/2015\/04\/programa-fiestas-44-portada1.jpg\" class=\"attachment-full size-full\" alt=\"\" aria-describedby=\"gallery-1-1229\" srcset=\"https:\/\/ww2.museosantacruz.org\/wp-content\/uploads\/2015\/04\/programa-fiestas-44-portada1.jpg 317w, https:\/\/ww2.museosantacruz.org\/wp-content\/uploads\/2015\/04\/programa-fiestas-44-portada1-163x300.jpg 163w\" sizes=\"auto, (max-width: 317px) 100vw, 317px\" \/><\/a>\n\t\t\t<\/dt>\n\t\t\t\t<dd class='wp-caption-text gallery-caption' id='gallery-1-1229'>\n\t\t\t\tPrograma Fiestas 1.944 &#8211; Portada\n\t\t\t\t<\/dd><\/dl><br style=\"clear: both\" \/><dl class='gallery-item'>\n\t\t\t<dt class='gallery-icon landscape'>\n\t\t\t\t<a href='https:\/\/ww2.museosantacruz.org\/wp-content\/uploads\/2015\/04\/programa-fiestas-45.jpg'><img loading=\"lazy\" decoding=\"async\" width=\"792\" height=\"593\" src=\"https:\/\/ww2.museosantacruz.org\/wp-content\/uploads\/2015\/04\/programa-fiestas-45.jpg\" class=\"attachment-full size-full\" alt=\"\" aria-describedby=\"gallery-1-1230\" srcset=\"https:\/\/ww2.museosantacruz.org\/wp-content\/uploads\/2015\/04\/programa-fiestas-45.jpg 792w, https:\/\/ww2.museosantacruz.org\/wp-content\/uploads\/2015\/04\/programa-fiestas-45-300x225.jpg 300w\" sizes=\"auto, (max-width: 792px) 100vw, 792px\" \/><\/a>\n\t\t\t<\/dt>\n\t\t\t\t<dd class='wp-caption-text gallery-caption' id='gallery-1-1230'>\n\t\t\t\tPrograma Fiestas 1.945\n\t\t\t\t<\/dd><\/dl><dl class='gallery-item'>\n\t\t\t<dt class='gallery-icon portrait'>\n\t\t\t\t<a href='https:\/\/ww2.museosantacruz.org\/wp-content\/uploads\/2015\/04\/programa-fiestas-54-portada.jpg'><img loading=\"lazy\" decoding=\"async\" width=\"300\" height=\"541\" src=\"https:\/\/ww2.museosantacruz.org\/wp-content\/uploads\/2015\/04\/programa-fiestas-54-portada.jpg\" class=\"attachment-full size-full\" alt=\"\" aria-describedby=\"gallery-1-1231\" srcset=\"https:\/\/ww2.museosantacruz.org\/wp-content\/uploads\/2015\/04\/programa-fiestas-54-portada.jpg 300w, https:\/\/ww2.museosantacruz.org\/wp-content\/uploads\/2015\/04\/programa-fiestas-54-portada-166x300.jpg 166w\" sizes=\"auto, (max-width: 300px) 100vw, 300px\" \/><\/a>\n\t\t\t<\/dt>\n\t\t\t\t<dd class='wp-caption-text gallery-caption' id='gallery-1-1231'>\n\t\t\t\tPrograma Fiestas 1.954 &#8211; Portada\n\t\t\t\t<\/dd><\/dl><br style=\"clear: both\" \/><dl class='gallery-item'>\n\t\t\t<dt class='gallery-icon portrait'>\n\t\t\t\t<a href='https:\/\/ww2.museosantacruz.org\/wp-content\/uploads\/2015\/04\/programa-fiestas-57-portada.jpg'><img loading=\"lazy\" decoding=\"async\" width=\"400\" height=\"575\" src=\"https:\/\/ww2.museosantacruz.org\/wp-content\/uploads\/2015\/04\/programa-fiestas-57-portada.jpg\" class=\"attachment-full size-full\" alt=\"\" aria-describedby=\"gallery-1-1233\" srcset=\"https:\/\/ww2.museosantacruz.org\/wp-content\/uploads\/2015\/04\/programa-fiestas-57-portada.jpg 400w, https:\/\/ww2.museosantacruz.org\/wp-content\/uploads\/2015\/04\/programa-fiestas-57-portada-209x300.jpg 209w\" sizes=\"auto, (max-width: 400px) 100vw, 400px\" \/><\/a>\n\t\t\t<\/dt>\n\t\t\t\t<dd class='wp-caption-text gallery-caption' id='gallery-1-1233'>\n\t\t\t\tPrograma Fiestas 1.957 &#8211; Anuncios\n\t\t\t\t<\/dd><\/dl><dl class='gallery-item'>\n\t\t\t<dt class='gallery-icon landscape'>\n\t\t\t\t<a href='https:\/\/ww2.museosantacruz.org\/wp-content\/uploads\/2015\/04\/programa-fiestas-57-central.jpg'><img loading=\"lazy\" decoding=\"async\" width=\"792\" height=\"609\" src=\"https:\/\/ww2.museosantacruz.org\/wp-content\/uploads\/2015\/04\/programa-fiestas-57-central.jpg\" class=\"attachment-full size-full\" alt=\"\" aria-describedby=\"gallery-1-1232\" srcset=\"https:\/\/ww2.museosantacruz.org\/wp-content\/uploads\/2015\/04\/programa-fiestas-57-central.jpg 792w, https:\/\/ww2.museosantacruz.org\/wp-content\/uploads\/2015\/04\/programa-fiestas-57-central-300x231.jpg 300w\" sizes=\"auto, (max-width: 792px) 100vw, 792px\" \/><\/a>\n\t\t\t<\/dt>\n\t\t\t\t<dd class='wp-caption-text gallery-caption' id='gallery-1-1232'>\n\t\t\t\tPrograma Fiestas 1.957 &#8211; Central\n\t\t\t\t<\/dd><\/dl><br style=\"clear: both\" \/><dl class='gallery-item'>\n\t\t\t<dt class='gallery-icon portrait'>\n\t\t\t\t<a href='https:\/\/ww2.museosantacruz.org\/wp-content\/uploads\/2015\/04\/programa-fiestas-58-portada.jpg'><img loading=\"lazy\" decoding=\"async\" width=\"400\" height=\"564\" src=\"https:\/\/ww2.museosantacruz.org\/wp-content\/uploads\/2015\/04\/programa-fiestas-58-portada.jpg\" class=\"attachment-full size-full\" alt=\"\" aria-describedby=\"gallery-1-1235\" srcset=\"https:\/\/ww2.museosantacruz.org\/wp-content\/uploads\/2015\/04\/programa-fiestas-58-portada.jpg 400w, https:\/\/ww2.museosantacruz.org\/wp-content\/uploads\/2015\/04\/programa-fiestas-58-portada-213x300.jpg 213w\" sizes=\"auto, (max-width: 400px) 100vw, 400px\" \/><\/a>\n\t\t\t<\/dt>\n\t\t\t\t<dd class='wp-caption-text gallery-caption' id='gallery-1-1235'>\n\t\t\t\tPrograma Fiestas 1.958 &#8211; Portada\n\t\t\t\t<\/dd><\/dl><dl class='gallery-item'>\n\t\t\t<dt class='gallery-icon portrait'>\n\t\t\t\t<a href='https:\/\/ww2.museosantacruz.org\/wp-content\/uploads\/2015\/04\/programa-fiestas-69-portada.jpg'><img loading=\"lazy\" decoding=\"async\" width=\"400\" height=\"567\" src=\"https:\/\/ww2.museosantacruz.org\/wp-content\/uploads\/2015\/04\/programa-fiestas-69-portada.jpg\" class=\"attachment-full size-full\" alt=\"\" aria-describedby=\"gallery-1-1236\" srcset=\"https:\/\/ww2.museosantacruz.org\/wp-content\/uploads\/2015\/04\/programa-fiestas-69-portada.jpg 400w, https:\/\/ww2.museosantacruz.org\/wp-content\/uploads\/2015\/04\/programa-fiestas-69-portada-212x300.jpg 212w\" sizes=\"auto, (max-width: 400px) 100vw, 400px\" \/><\/a>\n\t\t\t<\/dt>\n\t\t\t\t<dd class='wp-caption-text gallery-caption' id='gallery-1-1236'>\n\t\t\t\tPrograma Fiestas 1.969 &#8211; Portada\n\t\t\t\t<\/dd><\/dl><br style=\"clear: both\" \/><dl class='gallery-item'>\n\t\t\t<dt class='gallery-icon landscape'>\n\t\t\t\t<a href='https:\/\/ww2.museosantacruz.org\/wp-content\/uploads\/2015\/04\/programa-fiestas-58-anuncio.jpg'><img loading=\"lazy\" decoding=\"async\" width=\"600\" height=\"458\" src=\"https:\/\/ww2.museosantacruz.org\/wp-content\/uploads\/2015\/04\/programa-fiestas-58-anuncio.jpg\" class=\"attachment-full size-full\" alt=\"\" aria-describedby=\"gallery-1-1234\" srcset=\"https:\/\/ww2.museosantacruz.org\/wp-content\/uploads\/2015\/04\/programa-fiestas-58-anuncio.jpg 600w, https:\/\/ww2.museosantacruz.org\/wp-content\/uploads\/2015\/04\/programa-fiestas-58-anuncio-300x229.jpg 300w\" sizes=\"auto, (max-width: 600px) 100vw, 600px\" \/><\/a>\n\t\t\t<\/dt>\n\t\t\t\t<dd class='wp-caption-text gallery-caption' id='gallery-1-1234'>\n\t\t\t\tPrograma Fiestas 1.969 &#8211; Anuncios\n\t\t\t\t<\/dd><\/dl>\n\t\t\t<br style='clear: both' \/>\n\t\t<\/div>\n\n","protected":false},"excerpt":{"rendered":"<p>M\u00e1s \u00e1lbumes: Fotos antiguas &#8211; Fotos antiguas 2 \u2013 D\u00edas de f\u00fatbol \u00c1lbum 3: Programas de fiestas <a class=\"continue-reading-link\" href=\"https:\/\/ww2.museosantacruz.org\/?page_id=1238\">Continue reading<\/a><\/p>\n","protected":false},"author":1,"featured_media":0,"parent":41,"menu_order":4,"comment_status":"open","ping_status":"open","template":"template-full-width.php","meta":{"footnotes":""},"class_list":["post-1238","page","type-page","status-publish","hentry"],"_links":{"self":[{"href":"https:\/\/ww2.museosantacruz.org\/index.php?rest_route=\/wp\/v2\/pages\/1238","targetHints":{"allow":["GET"]}}],"collection":[{"href":"https:\/\/ww2.museosantacruz.org\/index.php?rest_route=\/wp\/v2\/pages"}],"about":[{"href":"https:\/\/ww2.museosantacruz.org\/index.php?rest_route=\/wp\/v2\/types\/page"}],"author":[{"embeddable":true,"href":"https:\/\/ww2.museosantacruz.org\/index.php?rest_route=\/wp\/v2\/users\/1"}],"replies":[{"embeddable":true,"href":"https:\/\/ww2.museosantacruz.org\/index.php?rest_route=%2Fwp%2Fv2%2Fcomments&post=1238"}],"version-history":[{"count":6,"href":"https:\/\/ww2.museosantacruz.org\/index.php?rest_route=\/wp\/v2\/pages\/1238\/revisions"}],"predecessor-version":[{"id":1694,"href":"https:\/\/ww2.museosantacruz.org\/index.php?rest_route=\/wp\/v2\/pages\/1238\/revisions\/1694"}],"up":[{"embeddable":true,"href":"https:\/\/ww2.museosantacruz.org\/index.php?rest_route=\/wp\/v2\/pages\/41"}],"wp:attachment":[{"href":"https:\/\/ww2.museosantacruz.org\/index.php?rest_route=%2Fwp%2Fv2%2Fmedia&parent=1238"}],"curies":[{"name":"wp","href":"https:\/\/api.w.org\/{rel}","templated":true}]}}