{"id":1241,"date":"2015-04-15T14:57:45","date_gmt":"2015-04-15T14:57:45","guid":{"rendered":"http:\/\/ww2.museosantacruz.org\/?page_id=1241"},"modified":"2023-01-28T19:10:56","modified_gmt":"2023-01-28T17:10:56","slug":"dias-de-futbol","status":"publish","type":"page","link":"https:\/\/ww2.museosantacruz.org\/?page_id=1241","title":{"rendered":"D\u00edas de f\u00fatbol"},"content":{"rendered":"<nav aria-label=\"breadcrumbs\">\n            <div class=\"breadcrumb-container theme4\">\n                <ol>\n                                    <\/ol>\n            <\/div>\n        <\/nav>    <script type=\"application\/ld+json\">\n        {\n            \"@context\": \"http:\/\/schema.org\",\n            \"@type\": \"BreadcrumbList\",\n            \"itemListElement\": [\n                            ]\n        }\n    <\/script>\n    <style type=\"text\/css\">\n        .breadcrumb-container {\n            font-size: 13px;\n        }\n\n        .breadcrumb-container ul {\n            margin: 0;\n            padding: 0;\n        }\n\n        .breadcrumb-container li {\n            box-sizing: unset;\n            display: inline-block;\n            margin: 0;\n            padding: 0;\n        }\n\n        .breadcrumb-container li a {\n            box-sizing: unset;\n            padding: 0 10px;\n        }\n\n        .breadcrumb-container {\n            font-size: 12px !important;\n                    }\n\n        .breadcrumb-container li a {\n            color: #301400 !important;\n            font-size: 12px !important;\n            line-height: 12px !important;\n                    }\n\n        .breadcrumb-container li .separator {\n            color: #000000 !important;\n            font-size: 12px !important;\n                    }\n\n        .breadcrumb-container li:last-child .separator {\n            display: none;\n        }\n    <\/style>\n    <style type=\"text\/css\">\n\n        .breadcrumb-container.theme4 li {\n            display: inline-block;\n            margin: 0 14px;\n            padding: 0;\n        }\n\n        .breadcrumb-container.theme4 a {\n            background: #ddb57a;\n            color: rgb(102, 102, 102);\n            display: inline-block;\n            font-size: 14px;\n            height: 16px;\n            margin: 0;\n            padding: 5px 10px;\n            text-decoration: none;\n            position:relative;\n        }\n\n\n        .breadcrumb-container.theme4 a::after {\n            -moz-border-bottom-colors: none;\n            -moz-border-left-colors: none;\n            -moz-border-right-colors: none;\n            -moz-border-top-colors: none;\n            border-color: rgba(0, 0, 0, 0) rgba(0, 0, 0, 0) rgba(0, 0, 0, 0) #ddb57a;\n            border-image: none;\n            border-style: solid;\n            border-width: 13px;\n            content: \" \";\n            display: inline-block;\n            height: 0;\n            line-height: 0;\n            position: absolute;\n            right: -26px;\n            top: 0;\n            width: 0;\n        }\n\n        .breadcrumb-container.theme4 .separator {\n            display: none;\n        }\n    <\/style>\n        <style type=\"text\/css\">\n        .breadcrumb-container{}\r\n.breadcrumb-container ul{}\r\n.breadcrumb-container li{}\r\n.breadcrumb-container a{}\r\n.breadcrumb-container .separator{}\r\n    <\/style>\n    <script>\n            <\/script>\n\n<h3 style=\"text-align: center;\">Nota: temporalmente, nuestra \u201cFototeca\u201d <span style=\"color: #ff0000;\">no est\u00e1 accesible.<\/span><\/h3>\n<h3 style=\"text-align: center;\">M\u00e1s \u00e1lbumes: <a title=\"Fotos\" href=\"http:\/\/ww2.museosantacruz.org\/?page_id=41\">Fotos antiguas<\/a> &#8211; <a title=\"Fotos antiguas 2\" href=\"http:\/\/ww2.museosantacruz.org\/?page_id=1278\">Fotos antiguas 2 <\/a>\u2013 <a title=\"Programas de fiestas\" href=\"http:\/\/ww2.museosantacruz.org\/?page_id=1238\">Programas de Fiestas<\/a><\/h3>\n<h2 style=\"text-align: center;\"><span style=\"color: #808000;\">\u00c1lbum 2: F\u00fatbol<\/span><\/h2>\n\n\t\t<style type=\"text\/css\">\n\t\t\t#gallery-1 {\n\t\t\t\tmargin: auto;\n\t\t\t}\n\t\t\t#gallery-1 .gallery-item {\n\t\t\t\tfloat: left;\n\t\t\t\tmargin-top: 10px;\n\t\t\t\ttext-align: center;\n\t\t\t\twidth: 33%;\n\t\t\t}\n\t\t\t#gallery-1 img {\n\t\t\t\tborder: 2px solid #cfcfcf;\n\t\t\t}\n\t\t\t#gallery-1 .gallery-caption {\n\t\t\t\tmargin-left: 0;\n\t\t\t}\n\t\t\t\/* see gallery_shortcode() in wp-includes\/media.php *\/\n\t\t<\/style>\n\t\t<div id='gallery-1' class='gallery galleryid-1241 gallery-columns-3 gallery-size-full'><dl class='gallery-item'>\n\t\t\t<dt class='gallery-icon landscape'>\n\t\t\t\t<a href='https:\/\/ww2.museosantacruz.org\/wp-content\/uploads\/2015\/04\/Captura-de-pantalla-2015-03-28-a-las-01.04.35.png'><img loading=\"lazy\" decoding=\"async\" width=\"817\" height=\"593\" src=\"https:\/\/ww2.museosantacruz.org\/wp-content\/uploads\/2015\/04\/Captura-de-pantalla-2015-03-28-a-las-01.04.35.png\" class=\"attachment-full size-full\" alt=\"\" aria-describedby=\"gallery-1-1124\" srcset=\"https:\/\/ww2.museosantacruz.org\/wp-content\/uploads\/2015\/04\/Captura-de-pantalla-2015-03-28-a-las-01.04.35.png 817w, https:\/\/ww2.museosantacruz.org\/wp-content\/uploads\/2015\/04\/Captura-de-pantalla-2015-03-28-a-las-01.04.35-300x218.png 300w\" sizes=\"auto, (max-width: 817px) 100vw, 817px\" \/><\/a>\n\t\t\t<\/dt>\n\t\t\t\t<dd class='wp-caption-text gallery-caption' id='gallery-1-1124'>\n\t\t\t\tUn equipazo..\n\t\t\t\t<\/dd><\/dl><dl class='gallery-item'>\n\t\t\t<dt class='gallery-icon landscape'>\n\t\t\t\t<a href='https:\/\/ww2.museosantacruz.org\/wp-content\/uploads\/2015\/04\/Captura-de-pantalla-2015-03-28-a-las-01.04.18.png'><img loading=\"lazy\" decoding=\"async\" width=\"816\" height=\"650\" src=\"https:\/\/ww2.museosantacruz.org\/wp-content\/uploads\/2015\/04\/Captura-de-pantalla-2015-03-28-a-las-01.04.18.png\" class=\"attachment-full size-full\" alt=\"\" aria-describedby=\"gallery-1-1123\" srcset=\"https:\/\/ww2.museosantacruz.org\/wp-content\/uploads\/2015\/04\/Captura-de-pantalla-2015-03-28-a-las-01.04.18.png 816w, https:\/\/ww2.museosantacruz.org\/wp-content\/uploads\/2015\/04\/Captura-de-pantalla-2015-03-28-a-las-01.04.18-300x239.png 300w\" sizes=\"auto, (max-width: 816px) 100vw, 816px\" \/><\/a>\n\t\t\t<\/dt>\n\t\t\t\t<dd class='wp-caption-text gallery-caption' id='gallery-1-1123'>\n\t\t\t\tEn Taranc\u00f3n\n\t\t\t\t<\/dd><\/dl><dl class='gallery-item'>\n\t\t\t<dt class='gallery-icon landscape'>\n\t\t\t\t<a href='https:\/\/ww2.museosantacruz.org\/wp-content\/uploads\/2015\/04\/Captura-de-pantalla-2015-03-28-a-las-01.04.07.png'><img loading=\"lazy\" decoding=\"async\" width=\"818\" height=\"366\" src=\"https:\/\/ww2.museosantacruz.org\/wp-content\/uploads\/2015\/04\/Captura-de-pantalla-2015-03-28-a-las-01.04.07.png\" class=\"attachment-full size-full\" alt=\"\" aria-describedby=\"gallery-1-1122\" srcset=\"https:\/\/ww2.museosantacruz.org\/wp-content\/uploads\/2015\/04\/Captura-de-pantalla-2015-03-28-a-las-01.04.07.png 818w, https:\/\/ww2.museosantacruz.org\/wp-content\/uploads\/2015\/04\/Captura-de-pantalla-2015-03-28-a-las-01.04.07-300x134.png 300w\" sizes=\"auto, (max-width: 818px) 100vw, 818px\" \/><\/a>\n\t\t\t<\/dt>\n\t\t\t\t<dd class='wp-caption-text gallery-caption' id='gallery-1-1122'>\n\t\t\t\tEsto era afici\u00f3n\n\t\t\t\t<\/dd><\/dl><br style=\"clear: both\" \/><dl class='gallery-item'>\n\t\t\t<dt class='gallery-icon landscape'>\n\t\t\t\t<a href='https:\/\/ww2.museosantacruz.org\/wp-content\/uploads\/2015\/04\/Captura-de-pantalla-2015-03-28-a-las-01.03.14.png'><img loading=\"lazy\" decoding=\"async\" width=\"822\" height=\"551\" src=\"https:\/\/ww2.museosantacruz.org\/wp-content\/uploads\/2015\/04\/Captura-de-pantalla-2015-03-28-a-las-01.03.14.png\" class=\"attachment-full size-full\" alt=\"\" aria-describedby=\"gallery-1-1121\" srcset=\"https:\/\/ww2.museosantacruz.org\/wp-content\/uploads\/2015\/04\/Captura-de-pantalla-2015-03-28-a-las-01.03.14.png 822w, https:\/\/ww2.museosantacruz.org\/wp-content\/uploads\/2015\/04\/Captura-de-pantalla-2015-03-28-a-las-01.03.14-300x201.png 300w\" sizes=\"auto, (max-width: 822px) 100vw, 822px\" \/><\/a>\n\t\t\t<\/dt>\n\t\t\t\t<dd class='wp-caption-text gallery-caption' id='gallery-1-1121'>\n\t\t\t\t\u00bfEl T.S.A.?\n\t\t\t\t<\/dd><\/dl><dl class='gallery-item'>\n\t\t\t<dt class='gallery-icon landscape'>\n\t\t\t\t<a href='https:\/\/ww2.museosantacruz.org\/wp-content\/uploads\/2015\/04\/Captura-de-pantalla-2015-03-28-a-las-00.58.47.png'><img loading=\"lazy\" decoding=\"async\" width=\"847\" height=\"730\" src=\"https:\/\/ww2.museosantacruz.org\/wp-content\/uploads\/2015\/04\/Captura-de-pantalla-2015-03-28-a-las-00.58.47.png\" class=\"attachment-full size-full\" alt=\"\" aria-describedby=\"gallery-1-1120\" srcset=\"https:\/\/ww2.museosantacruz.org\/wp-content\/uploads\/2015\/04\/Captura-de-pantalla-2015-03-28-a-las-00.58.47.png 847w, https:\/\/ww2.museosantacruz.org\/wp-content\/uploads\/2015\/04\/Captura-de-pantalla-2015-03-28-a-las-00.58.47-300x259.png 300w\" sizes=\"auto, (max-width: 847px) 100vw, 847px\" \/><\/a>\n\t\t\t<\/dt>\n\t\t\t\t<dd class='wp-caption-text gallery-caption' id='gallery-1-1120'>\n\t\t\t\tLa plantilla de 1.947\n\t\t\t\t<\/dd><\/dl><dl class='gallery-item'>\n\t\t\t<dt class='gallery-icon landscape'>\n\t\t\t\t<a href='https:\/\/ww2.museosantacruz.org\/wp-content\/uploads\/2015\/04\/Captura-de-pantalla-2015-03-28-a-las-00.58.35.png'><img loading=\"lazy\" decoding=\"async\" width=\"456\" height=\"328\" src=\"https:\/\/ww2.museosantacruz.org\/wp-content\/uploads\/2015\/04\/Captura-de-pantalla-2015-03-28-a-las-00.58.35.png\" class=\"attachment-full size-full\" alt=\"\" aria-describedby=\"gallery-1-1119\" srcset=\"https:\/\/ww2.museosantacruz.org\/wp-content\/uploads\/2015\/04\/Captura-de-pantalla-2015-03-28-a-las-00.58.35.png 456w, https:\/\/ww2.museosantacruz.org\/wp-content\/uploads\/2015\/04\/Captura-de-pantalla-2015-03-28-a-las-00.58.35-300x216.png 300w\" sizes=\"auto, (max-width: 456px) 100vw, 456px\" \/><\/a>\n\t\t\t<\/dt>\n\t\t\t\t<dd class='wp-caption-text gallery-caption' id='gallery-1-1119'>\n\t\t\t\tUn equipo imbatible\n\t\t\t\t<\/dd><\/dl><br style=\"clear: both\" \/><dl class='gallery-item'>\n\t\t\t<dt class='gallery-icon portrait'>\n\t\t\t\t<a href='https:\/\/ww2.museosantacruz.org\/wp-content\/uploads\/2015\/04\/Captura-de-pantalla-2015-03-28-a-las-00.58.23.png'><img loading=\"lazy\" decoding=\"async\" width=\"394\" height=\"395\" src=\"https:\/\/ww2.museosantacruz.org\/wp-content\/uploads\/2015\/04\/Captura-de-pantalla-2015-03-28-a-las-00.58.23.png\" class=\"attachment-full size-full\" alt=\"\" aria-describedby=\"gallery-1-1118\" srcset=\"https:\/\/ww2.museosantacruz.org\/wp-content\/uploads\/2015\/04\/Captura-de-pantalla-2015-03-28-a-las-00.58.23.png 394w, https:\/\/ww2.museosantacruz.org\/wp-content\/uploads\/2015\/04\/Captura-de-pantalla-2015-03-28-a-las-00.58.23-150x150.png 150w, https:\/\/ww2.museosantacruz.org\/wp-content\/uploads\/2015\/04\/Captura-de-pantalla-2015-03-28-a-las-00.58.23-300x300.png 300w\" sizes=\"auto, (max-width: 394px) 100vw, 394px\" \/><\/a>\n\t\t\t<\/dt>\n\t\t\t\t<dd class='wp-caption-text gallery-caption' id='gallery-1-1118'>\n\t\t\t\tDos delanteros de leyenda\n\t\t\t\t<\/dd><\/dl><dl class='gallery-item'>\n\t\t\t<dt class='gallery-icon portrait'>\n\t\t\t\t<a href='https:\/\/ww2.museosantacruz.org\/wp-content\/uploads\/2015\/04\/Captura-de-pantalla-2015-03-28-a-las-00.58.07.png'><img loading=\"lazy\" decoding=\"async\" width=\"290\" height=\"407\" src=\"https:\/\/ww2.museosantacruz.org\/wp-content\/uploads\/2015\/04\/Captura-de-pantalla-2015-03-28-a-las-00.58.07.png\" class=\"attachment-full size-full\" alt=\"\" aria-describedby=\"gallery-1-1117\" srcset=\"https:\/\/ww2.museosantacruz.org\/wp-content\/uploads\/2015\/04\/Captura-de-pantalla-2015-03-28-a-las-00.58.07.png 290w, https:\/\/ww2.museosantacruz.org\/wp-content\/uploads\/2015\/04\/Captura-de-pantalla-2015-03-28-a-las-00.58.07-214x300.png 214w\" sizes=\"auto, (max-width: 290px) 100vw, 290px\" \/><\/a>\n\t\t\t<\/dt>\n\t\t\t\t<dd class='wp-caption-text gallery-caption' id='gallery-1-1117'>\n\t\t\t\tCambio de vestuario\n\t\t\t\t<\/dd><\/dl><dl class='gallery-item'>\n\t\t\t<dt class='gallery-icon landscape'>\n\t\t\t\t<a href='https:\/\/ww2.museosantacruz.org\/wp-content\/uploads\/2015\/04\/Captura-de-pantalla-2015-03-28-a-las-00.58.00.png'><img loading=\"lazy\" decoding=\"async\" width=\"557\" height=\"389\" src=\"https:\/\/ww2.museosantacruz.org\/wp-content\/uploads\/2015\/04\/Captura-de-pantalla-2015-03-28-a-las-00.58.00.png\" class=\"attachment-full size-full\" alt=\"\" aria-describedby=\"gallery-1-1116\" srcset=\"https:\/\/ww2.museosantacruz.org\/wp-content\/uploads\/2015\/04\/Captura-de-pantalla-2015-03-28-a-las-00.58.00.png 557w, https:\/\/ww2.museosantacruz.org\/wp-content\/uploads\/2015\/04\/Captura-de-pantalla-2015-03-28-a-las-00.58.00-300x210.png 300w\" sizes=\"auto, (max-width: 557px) 100vw, 557px\" \/><\/a>\n\t\t\t<\/dt>\n\t\t\t\t<dd class='wp-caption-text gallery-caption' id='gallery-1-1116'>\n\t\t\t\t\u00a1Campeones!\n\t\t\t\t<\/dd><\/dl><br style=\"clear: both\" \/><dl class='gallery-item'>\n\t\t\t<dt class='gallery-icon landscape'>\n\t\t\t\t<a href='https:\/\/ww2.museosantacruz.org\/wp-content\/uploads\/2015\/04\/Captura-de-pantalla-2015-03-28-a-las-00.56.45.png'><img loading=\"lazy\" decoding=\"async\" width=\"623\" height=\"414\" src=\"https:\/\/ww2.museosantacruz.org\/wp-content\/uploads\/2015\/04\/Captura-de-pantalla-2015-03-28-a-las-00.56.45.png\" class=\"attachment-full size-full\" alt=\"\" aria-describedby=\"gallery-1-1111\" srcset=\"https:\/\/ww2.museosantacruz.org\/wp-content\/uploads\/2015\/04\/Captura-de-pantalla-2015-03-28-a-las-00.56.45.png 623w, https:\/\/ww2.museosantacruz.org\/wp-content\/uploads\/2015\/04\/Captura-de-pantalla-2015-03-28-a-las-00.56.45-300x199.png 300w\" sizes=\"auto, (max-width: 623px) 100vw, 623px\" \/><\/a>\n\t\t\t<\/dt>\n\t\t\t\t<dd class='wp-caption-text gallery-caption' id='gallery-1-1111'>\n\t\t\t\tCuando todav\u00eda s\u00f3lo era un deporte. Se llamaba \u00abbalompi\u00e9\u00bb\n\t\t\t\t<\/dd><\/dl><dl class='gallery-item'>\n\t\t\t<dt class='gallery-icon landscape'>\n\t\t\t\t<a href='https:\/\/ww2.museosantacruz.org\/wp-content\/uploads\/2015\/04\/Captura-de-pantalla-2015-03-28-a-las-00.57.02.png'><img loading=\"lazy\" decoding=\"async\" width=\"430\" height=\"323\" src=\"https:\/\/ww2.museosantacruz.org\/wp-content\/uploads\/2015\/04\/Captura-de-pantalla-2015-03-28-a-las-00.57.02.png\" class=\"attachment-full size-full\" alt=\"\" srcset=\"https:\/\/ww2.museosantacruz.org\/wp-content\/uploads\/2015\/04\/Captura-de-pantalla-2015-03-28-a-las-00.57.02.png 430w, https:\/\/ww2.museosantacruz.org\/wp-content\/uploads\/2015\/04\/Captura-de-pantalla-2015-03-28-a-las-00.57.02-300x225.png 300w\" sizes=\"auto, (max-width: 430px) 100vw, 430px\" \/><\/a>\n\t\t\t<\/dt><\/dl><dl class='gallery-item'>\n\t\t\t<dt class='gallery-icon landscape'>\n\t\t\t\t<a href='https:\/\/ww2.museosantacruz.org\/wp-content\/uploads\/2015\/04\/Captura-de-pantalla-2015-03-28-a-las-00.57.20.png'><img loading=\"lazy\" decoding=\"async\" width=\"640\" height=\"421\" src=\"https:\/\/ww2.museosantacruz.org\/wp-content\/uploads\/2015\/04\/Captura-de-pantalla-2015-03-28-a-las-00.57.20.png\" class=\"attachment-full size-full\" alt=\"\" aria-describedby=\"gallery-1-1113\" srcset=\"https:\/\/ww2.museosantacruz.org\/wp-content\/uploads\/2015\/04\/Captura-de-pantalla-2015-03-28-a-las-00.57.20.png 640w, https:\/\/ww2.museosantacruz.org\/wp-content\/uploads\/2015\/04\/Captura-de-pantalla-2015-03-28-a-las-00.57.20-300x197.png 300w\" sizes=\"auto, (max-width: 640px) 100vw, 640px\" \/><\/a>\n\t\t\t<\/dt>\n\t\t\t\t<dd class='wp-caption-text gallery-caption' id='gallery-1-1113'>\n\t\t\t\tRivales, pero amigos.\n\t\t\t\t<\/dd><\/dl><br style=\"clear: both\" \/><dl class='gallery-item'>\n\t\t\t<dt class='gallery-icon landscape'>\n\t\t\t\t<a href='https:\/\/ww2.museosantacruz.org\/wp-content\/uploads\/2015\/04\/Captura-de-pantalla-2015-03-28-a-las-00.57.35.png'><img loading=\"lazy\" decoding=\"async\" width=\"430\" height=\"320\" src=\"https:\/\/ww2.museosantacruz.org\/wp-content\/uploads\/2015\/04\/Captura-de-pantalla-2015-03-28-a-las-00.57.35.png\" class=\"attachment-full size-full\" alt=\"\" aria-describedby=\"gallery-1-1114\" srcset=\"https:\/\/ww2.museosantacruz.org\/wp-content\/uploads\/2015\/04\/Captura-de-pantalla-2015-03-28-a-las-00.57.35.png 430w, https:\/\/ww2.museosantacruz.org\/wp-content\/uploads\/2015\/04\/Captura-de-pantalla-2015-03-28-a-las-00.57.35-300x223.png 300w\" sizes=\"auto, (max-width: 430px) 100vw, 430px\" \/><\/a>\n\t\t\t<\/dt>\n\t\t\t\t<dd class='wp-caption-text gallery-caption' id='gallery-1-1114'>\n\t\t\t\tDispuestos a darlo todo&#8230;\n\t\t\t\t<\/dd><\/dl><dl class='gallery-item'>\n\t\t\t<dt class='gallery-icon landscape'>\n\t\t\t\t<a href='https:\/\/ww2.museosantacruz.org\/wp-content\/uploads\/2015\/04\/Captura-de-pantalla-2015-03-28-a-las-00.57.46.png'><img loading=\"lazy\" decoding=\"async\" width=\"428\" height=\"289\" src=\"https:\/\/ww2.museosantacruz.org\/wp-content\/uploads\/2015\/04\/Captura-de-pantalla-2015-03-28-a-las-00.57.46.png\" class=\"attachment-full size-full\" alt=\"\" aria-describedby=\"gallery-1-1115\" srcset=\"https:\/\/ww2.museosantacruz.org\/wp-content\/uploads\/2015\/04\/Captura-de-pantalla-2015-03-28-a-las-00.57.46.png 428w, https:\/\/ww2.museosantacruz.org\/wp-content\/uploads\/2015\/04\/Captura-de-pantalla-2015-03-28-a-las-00.57.46-300x203.png 300w\" sizes=\"auto, (max-width: 428px) 100vw, 428px\" \/><\/a>\n\t\t\t<\/dt>\n\t\t\t\t<dd class='wp-caption-text gallery-caption' id='gallery-1-1115'>\n\t\t\t\tFoto oficial del equipo\n\t\t\t\t<\/dd><\/dl>\n\t\t\t<br style='clear: both' \/>\n\t\t<\/div>\n\n","protected":false},"excerpt":{"rendered":"<p>Nota: temporalmente, nuestra \u201cFototeca\u201d no est\u00e1 accesible. M\u00e1s \u00e1lbumes: Fotos antiguas &#8211; Fotos antiguas 2 \u2013 Programas de Fiestas \u00c1lbum 2: F\u00fatbol <a class=\"continue-reading-link\" href=\"https:\/\/ww2.museosantacruz.org\/?page_id=1241\">Continue reading<\/a><\/p>\n","protected":false},"author":1,"featured_media":0,"parent":41,"menu_order":2,"comment_status":"open","ping_status":"open","template":"","meta":{"footnotes":""},"class_list":["post-1241","page","type-page","status-publish","hentry"],"_links":{"self":[{"href":"https:\/\/ww2.museosantacruz.org\/index.php?rest_route=\/wp\/v2\/pages\/1241","targetHints":{"allow":["GET"]}}],"collection":[{"href":"https:\/\/ww2.museosantacruz.org\/index.php?rest_route=\/wp\/v2\/pages"}],"about":[{"href":"https:\/\/ww2.museosantacruz.org\/index.php?rest_route=\/wp\/v2\/types\/page"}],"author":[{"embeddable":true,"href":"https:\/\/ww2.museosantacruz.org\/index.php?rest_route=\/wp\/v2\/users\/1"}],"replies":[{"embeddable":true,"href":"https:\/\/ww2.museosantacruz.org\/index.php?rest_route=%2Fwp%2Fv2%2Fcomments&post=1241"}],"version-history":[{"count":7,"href":"https:\/\/ww2.museosantacruz.org\/index.php?rest_route=\/wp\/v2\/pages\/1241\/revisions"}],"predecessor-version":[{"id":2835,"href":"https:\/\/ww2.museosantacruz.org\/index.php?rest_route=\/wp\/v2\/pages\/1241\/revisions\/2835"}],"up":[{"embeddable":true,"href":"https:\/\/ww2.museosantacruz.org\/index.php?rest_route=\/wp\/v2\/pages\/41"}],"wp:attachment":[{"href":"https:\/\/ww2.museosantacruz.org\/index.php?rest_route=%2Fwp%2Fv2%2Fmedia&parent=1241"}],"curies":[{"name":"wp","href":"https:\/\/api.w.org\/{rel}","templated":true}]}}