{"id":13,"date":"2015-03-05T19:41:22","date_gmt":"2015-03-05T19:41:22","guid":{"rendered":"http:\/\/ww2.museosantacruz.org\/?page_id=13"},"modified":"2024-03-04T21:49:24","modified_gmt":"2024-03-04T22:49:24","slug":"la-asociacion","status":"publish","type":"page","link":"https:\/\/ww2.museosantacruz.org\/?page_id=13","title":{"rendered":"La Asociaci\u00f3n"},"content":{"rendered":"<nav aria-label=\"breadcrumbs\">\n            <div class=\"breadcrumb-container theme4\">\n                <ol>\n                                    <\/ol>\n            <\/div>\n        <\/nav>    <script type=\"application\/ld+json\">\n        {\n            \"@context\": \"http:\/\/schema.org\",\n            \"@type\": \"BreadcrumbList\",\n            \"itemListElement\": [\n                            ]\n        }\n    <\/script>\n    <style type=\"text\/css\">\n        .breadcrumb-container {\n            font-size: 13px;\n        }\n\n        .breadcrumb-container ul {\n            margin: 0;\n            padding: 0;\n        }\n\n        .breadcrumb-container li {\n            box-sizing: unset;\n            display: inline-block;\n            margin: 0;\n            padding: 0;\n        }\n\n        .breadcrumb-container li a {\n            box-sizing: unset;\n            padding: 0 10px;\n        }\n\n        .breadcrumb-container {\n            font-size: 12px !important;\n                    }\n\n        .breadcrumb-container li a {\n            color: #301400 !important;\n            font-size: 12px !important;\n            line-height: 12px !important;\n                    }\n\n        .breadcrumb-container li .separator {\n            color: #000000 !important;\n            font-size: 12px !important;\n                    }\n\n        .breadcrumb-container li:last-child .separator {\n            display: none;\n        }\n    <\/style>\n    <style type=\"text\/css\">\n\n        .breadcrumb-container.theme4 li {\n            display: inline-block;\n            margin: 0 14px;\n            padding: 0;\n        }\n\n        .breadcrumb-container.theme4 a {\n            background: #ddb57a;\n            color: rgb(102, 102, 102);\n            display: inline-block;\n            font-size: 14px;\n            height: 16px;\n            margin: 0;\n            padding: 5px 10px;\n            text-decoration: none;\n            position:relative;\n        }\n\n\n        .breadcrumb-container.theme4 a::after {\n            -moz-border-bottom-colors: none;\n            -moz-border-left-colors: none;\n            -moz-border-right-colors: none;\n            -moz-border-top-colors: none;\n            border-color: rgba(0, 0, 0, 0) rgba(0, 0, 0, 0) rgba(0, 0, 0, 0) #ddb57a;\n            border-image: none;\n            border-style: solid;\n            border-width: 13px;\n            content: \" \";\n            display: inline-block;\n            height: 0;\n            line-height: 0;\n            position: absolute;\n            right: -26px;\n            top: 0;\n            width: 0;\n        }\n\n        .breadcrumb-container.theme4 .separator {\n            display: none;\n        }\n    <\/style>\n        <style type=\"text\/css\">\n        .breadcrumb-container{}\r\n.breadcrumb-container ul{}\r\n.breadcrumb-container li{}\r\n.breadcrumb-container a{}\r\n.breadcrumb-container .separator{}\r\n    <\/style>\n    <script>\n            <\/script>\n\n<h4><b><a href=\"http:\/\/ww2.museosantacruz.org\/wp-content\/uploads\/2015\/03\/arado2.jpg\"><img loading=\"lazy\" decoding=\"async\" class=\" size-full wp-image-138 alignright\" src=\"http:\/\/ww2.museosantacruz.org\/wp-content\/uploads\/2015\/03\/arado2.jpg\" alt=\"arado2\" width=\"76\" height=\"40\" \/><\/a>La asociaci\u00f3n<\/b><\/h4>\n<p>La <strong><span style=\"color: #800000;\">Asociaci\u00f3n Cultural Amigos del Museo Etnol\u00f3gico \u00abJoaqu\u00edn Arias\u00bb (ACAME)<\/span><\/strong> se cre\u00f3 en el a\u00f1o 1996, por iniciativa de V\u00edctor Garc\u00eda Hij\u00f3n, Dionisio Torres, Alfredo Avia y Dionisio Urbina, con el fin de constituir un foco donde se incentivasen y canalizasen estudios y actividades relacionados con la Historia, el Patrimonio y la Cultura Popular de Santa Cruz de la Zarza.<\/p>\n<div id=\"attachment_3856\" style=\"width: 261px\" class=\"wp-caption alignleft\"><a href=\"https:\/\/ww2.museosantacruz.org\/wp-content\/uploads\/2024\/03\/ACAME.jpg\"><img loading=\"lazy\" decoding=\"async\" aria-describedby=\"caption-attachment-3856\" class=\" wp-image-3856\" src=\"https:\/\/ww2.museosantacruz.org\/wp-content\/uploads\/2024\/03\/ACAME.jpg\" alt=\"Joaqu\u00edn Arias, V\u00edctor Garc\u00eda Hij\u00f3n, Dionisio Torres, Santiago Almarza, Dionisio Urbina y Alfredo Avia (ca. 2000)\" width=\"251\" height=\"233\" \/><\/a><p id=\"caption-attachment-3856\" class=\"wp-caption-text\"><span style=\"color: #800000;\">Joaqu\u00edn Arias, V\u00edctor Garc\u00eda Hij\u00f3n, Dionisio Torres, Santiago Almarza, Dionisio Urbina y Alfredo Avia (ca. 2000)<\/span><\/p><\/div>\n<p>La Asociaci\u00f3n toma su nombre de D. Joaqu\u00edn Arias Loriente, uno de los socios fundadores y primer presidente de ACAME. Desde entonces, ACAME ha venido organizando actividades relacionadas con la cultura e historia de nuestro pueblo<strong>.<\/strong><b>\u00a0 <\/b><span style=\"font-family: Arial; font-size: small;\"><br \/>\n<\/span><\/p>\n<p>Las actividades peri\u00f3dicas organizadas por la Asociaci\u00f3n en el Municipio representan una ocasi\u00f3n para el desarrollo cultural del p\u00fablico en general, para despertar la sensibilidad por los elementos y s\u00edmbolos de la Cultura Popular como exponente de la Historia de un Pueblo.<\/p>\n<p>El esp\u00edritu de nuestra Asociaci\u00f3n se basa en la idea de que debemos hacer una Historia para todos, un relato legible para los ciudadanos de Santa Cruz de la Zarza. En definitiva la Historia de un municipio rural, contada con claves del mundo rural.<\/p>\n<h4><strong>\u00bfQuieres colaborar con nosotros?<\/strong><\/h4>\n<p>Todas las actividades de ACAME se basan en el trabajo voluntario de sus socios, amigos y colaboradores. Si quieres colaborar con la Asociaci\u00f3n, sugerir nuevas actividades, o enviarnos tus opiniones, tus documentos, tus ideas (textos, fotos, grabaciones sonoras, videos) para que los incorporemos a nuestra web, escr\u00edbenos a nuestro correo electr\u00f3nico.<\/p>\n<h4><strong>So<a href=\"http:\/\/ww2.museosantacruz.org\/wp-content\/uploads\/2015\/03\/Antigua_posada.jpg\"><img loading=\"lazy\" decoding=\"async\" class=\"size-medium wp-image-125 alignright\" src=\"http:\/\/ww2.museosantacruz.org\/wp-content\/uploads\/2015\/03\/Antigua_posada-220x300.jpg\" alt=\"Antigua_posada\" width=\"220\" height=\"300\" srcset=\"https:\/\/ww2.museosantacruz.org\/wp-content\/uploads\/2015\/03\/Antigua_posada-220x300.jpg 220w, https:\/\/ww2.museosantacruz.org\/wp-content\/uploads\/2015\/03\/Antigua_posada.jpg 352w\" sizes=\"auto, (max-width: 220px) 100vw, 220px\" \/><\/a>cios<\/strong><\/h4>\n<p>Otra modalidad de colaboraci\u00f3n con ACAME es <b> asociarse<\/b>: las cuotas de los socios son, pr\u00e1cticamente, los \u00fanicos ingresos con los que contamos actualmente para llevar a cabo todas nuestras actividades: exposiciones, talleres, publicaciones, etc.,.<\/p>\n<p>En la actualidad, tal como se acord\u00f3 en la Asamblea General, existen dos tipo de socios:<\/p>\n<ul>\n<li><b>Socios Individuales<\/b>: personas particulares. Su cuota anual es de 18 \u20ac.<\/li>\n<li><b> Socios Institucionales<\/b>: empresas, asociaciones u otros colectivos. Su cuota anual es de 60 \u20ac. La inscripci\u00f3n como socio institucional da derecho a insertar, en la p\u00e1gina principal de la web, el logotipo y un enlace a las p\u00e1ginas de los socios.<\/li>\n<\/ul>\n<p>Asimismo, en la <b><a title=\"\u201cTienda\u201d del Museo\" href=\"http:\/\/ww2.museosantacruz.org\/?page_id=763\">Tienda del Museo<\/a><\/b> podr\u00e1s adquirir las publicaciones de ACAME\u00a0y otros recuerdos; todos los beneficios se destinan a sufragar las actividades de la Asociaci\u00f3n.<\/p>\n<h4><strong>\u00bfC\u00f3mo asociarse?<\/strong><\/h4>\n<p>Es muy sencillo:<\/p>\n<ol>\n<li>Desc\u00e1rgate el formulario de solicitud: en <a href=\"http:\/\/www.museosantacruz.org\/Archivo\/Solicitud_Inscripcion_Socios.pdf\" target=\"_blank\" rel=\"noopener noreferrer\"> <b> pdf<\/b> <img loading=\"lazy\" decoding=\"async\" src=\"http:\/\/www.museosantacruz.org\/Archivo\/pdf.jpeg\" alt=\"\" width=\"40\" height=\"38\" border=\"0\" \/><\/a>&#8211; en<b> <a href=\"http:\/\/www.museosantacruz.org\/Archivo\/Solicitud_Inscripcion_Socios.doc\" target=\"_blank\" rel=\"noopener noreferrer\">word<\/a><\/b><a href=\"http:\/\/www.museosantacruz.org\/Archivo\/Solicitud_Inscripcion_Socios.doc\" target=\"_blank\" rel=\"noopener noreferrer\"><img loading=\"lazy\" decoding=\"async\" src=\"http:\/\/www.museosantacruz.org\/Archivo\/word.jpg\" alt=\"\" width=\"36\" height=\"33\" border=\"0\" \/><\/a>)<\/li>\n<li>Rell\u00e9nalo y gu\u00e1rdalo<\/li>\n<li>Env\u00edanoslo por correo electr\u00f3nico u ordinario<\/li>\n<\/ol>\n<p>Muchas gracias de antemano por tu colaboraci\u00f3n y por tu inter\u00e9s<\/p>\n<h4><strong>Datos de contacto<\/strong><\/h4>\n<p><strong><span style=\"color: #800000; font-family: Arial,Helvetica,sans-serif;\">Asociaci\u00f3n Cultural \u00abAmigos del Museo Etnol\u00f3gico Joaqu\u00edn Arias\u00bb (ACAME)<br \/>\nCalle de la Tercia 25 45370<br \/>\nSanta Cruz de la Zarza (Toledo) <\/span><\/strong><\/p>\n","protected":false},"excerpt":{"rendered":"<p>La asociaci\u00f3n La Asociaci\u00f3n Cultural Amigos del Museo Etnol\u00f3gico \u00abJoaqu\u00edn Arias\u00bb (ACAME) se cre\u00f3 en el a\u00f1o 1996, por iniciativa de V\u00edctor Garc\u00eda Hij\u00f3n, Dionisio Torres, Alfredo Avia y Dionisio Urbina, con el fin de constituir un foco donde se incentivasen y canalizasen estudios y actividades relacionados con la Historia,&#8230; <a class=\"continue-reading-link\" href=\"https:\/\/ww2.museosantacruz.org\/?page_id=13\">Continue reading<\/a><\/p>\n","protected":false},"author":1,"featured_media":0,"parent":0,"menu_order":1,"comment_status":"open","ping_status":"open","template":"","meta":{"footnotes":""},"class_list":["post-13","page","type-page","status-publish","hentry"],"_links":{"self":[{"href":"https:\/\/ww2.museosantacruz.org\/index.php?rest_route=\/wp\/v2\/pages\/13","targetHints":{"allow":["GET"]}}],"collection":[{"href":"https:\/\/ww2.museosantacruz.org\/index.php?rest_route=\/wp\/v2\/pages"}],"about":[{"href":"https:\/\/ww2.museosantacruz.org\/index.php?rest_route=\/wp\/v2\/types\/page"}],"author":[{"embeddable":true,"href":"https:\/\/ww2.museosantacruz.org\/index.php?rest_route=\/wp\/v2\/users\/1"}],"replies":[{"embeddable":true,"href":"https:\/\/ww2.museosantacruz.org\/index.php?rest_route=%2Fwp%2Fv2%2Fcomments&post=13"}],"version-history":[{"count":27,"href":"https:\/\/ww2.museosantacruz.org\/index.php?rest_route=\/wp\/v2\/pages\/13\/revisions"}],"predecessor-version":[{"id":3858,"href":"https:\/\/ww2.museosantacruz.org\/index.php?rest_route=\/wp\/v2\/pages\/13\/revisions\/3858"}],"wp:attachment":[{"href":"https:\/\/ww2.museosantacruz.org\/index.php?rest_route=%2Fwp%2Fv2%2Fmedia&parent=13"}],"curies":[{"name":"wp","href":"https:\/\/api.w.org\/{rel}","templated":true}]}}