{"id":1423,"date":"2015-04-17T18:11:38","date_gmt":"2015-04-17T18:11:38","guid":{"rendered":"http:\/\/ww2.museosantacruz.org\/?page_id=1423"},"modified":"2023-05-02T19:29:53","modified_gmt":"2023-05-02T20:29:53","slug":"otros-mayos","status":"publish","type":"page","link":"https:\/\/ww2.museosantacruz.org\/?page_id=1423","title":{"rendered":"Otros \u00abmayos\u00bb&#8230;"},"content":{"rendered":"<nav aria-label=\"breadcrumbs\">\n            <div class=\"breadcrumb-container theme4\">\n                <ol>\n                                    <\/ol>\n            <\/div>\n        <\/nav>    <script type=\"application\/ld+json\">\n        {\n            \"@context\": \"http:\/\/schema.org\",\n            \"@type\": \"BreadcrumbList\",\n            \"itemListElement\": [\n                            ]\n        }\n    <\/script>\n    <style type=\"text\/css\">\n        .breadcrumb-container {\n            font-size: 13px;\n        }\n\n        .breadcrumb-container ul {\n            margin: 0;\n            padding: 0;\n        }\n\n        .breadcrumb-container li {\n            box-sizing: unset;\n            display: inline-block;\n            margin: 0;\n            padding: 0;\n        }\n\n        .breadcrumb-container li a {\n            box-sizing: unset;\n            padding: 0 10px;\n        }\n\n        .breadcrumb-container {\n            font-size: 12px !important;\n                    }\n\n        .breadcrumb-container li a {\n            color: #301400 !important;\n            font-size: 12px !important;\n            line-height: 12px !important;\n                    }\n\n        .breadcrumb-container li .separator {\n            color: #000000 !important;\n            font-size: 12px !important;\n                    }\n\n        .breadcrumb-container li:last-child .separator {\n            display: none;\n        }\n    <\/style>\n    <style type=\"text\/css\">\n\n        .breadcrumb-container.theme4 li {\n            display: inline-block;\n            margin: 0 14px;\n            padding: 0;\n        }\n\n        .breadcrumb-container.theme4 a {\n            background: #ddb57a;\n            color: rgb(102, 102, 102);\n            display: inline-block;\n            font-size: 14px;\n            height: 16px;\n            margin: 0;\n            padding: 5px 10px;\n            text-decoration: none;\n            position:relative;\n        }\n\n\n        .breadcrumb-container.theme4 a::after {\n            -moz-border-bottom-colors: none;\n            -moz-border-left-colors: none;\n            -moz-border-right-colors: none;\n            -moz-border-top-colors: none;\n            border-color: rgba(0, 0, 0, 0) rgba(0, 0, 0, 0) rgba(0, 0, 0, 0) #ddb57a;\n            border-image: none;\n            border-style: solid;\n            border-width: 13px;\n            content: \" \";\n            display: inline-block;\n            height: 0;\n            line-height: 0;\n            position: absolute;\n            right: -26px;\n            top: 0;\n            width: 0;\n        }\n\n        .breadcrumb-container.theme4 .separator {\n            display: none;\n        }\n    <\/style>\n        <style type=\"text\/css\">\n        .breadcrumb-container{}\r\n.breadcrumb-container ul{}\r\n.breadcrumb-container li{}\r\n.breadcrumb-container a{}\r\n.breadcrumb-container .separator{}\r\n    <\/style>\n    <script>\n            <\/script>\n\n<article id=\"post-1300\" class=\"post-1300 page type-page status-publish hentry\">\n<div class=\"entry-content\">\n<h4><strong><span style=\"color: #800000;\">Otros mayos (en Espa\u00f1a)<\/span><br \/>\n<\/strong><\/h4>\n<p>Es s\u00f3lo una muestra, pero hay much\u00edsimos m\u00e1s.<\/p>\n<hr \/>\n<p style=\"text-align: center;\">\u00a0<span style=\"color: #800000;\"><strong>Provincia de Madrid<\/strong><\/span><\/p>\n<p><center><strong>Valdarecete<\/strong><\/center><center>M\u00fasica tradicional, con letra de mayo adaptada a fines religiosos (versos de la Salve)<\/center><center><iframe loading=\"lazy\" src=\"https:\/\/www.youtube.com\/embed\/EYWjbGqCEvo?rel=0\" width=\"560\" height=\"315\" frameborder=\"0\" allowfullscreen=\"allowfullscreen\"><\/iframe><\/center><center><\/p>\n<hr \/>\n<p><strong>Ambite de Taju\u00f1a<\/strong><\/center><center>M\u00fasica tradicional, de aire e interpretaci\u00f3n muy antiguos, y letra con estructura de romance.<\/center><center><\/center><center><\/center><center><iframe loading=\"lazy\" src=\"https:\/\/www.youtube.com\/embed\/gJAi7JnVz1Q?rel=0\" width=\"560\" height=\"315\" frameborder=\"0\" allowfullscreen=\"allowfullscreen\"><\/iframe><\/center><\/p>\n<hr \/>\n<h4 style=\"text-align: center;\"><span style=\"color: #800000;\">Serran\u00eda de Cuenca y Teruel<\/span><\/h4>\n<p style=\"text-align: center;\"><strong>Alba del Campo<br \/>\n<\/strong>M\u00fasica mon\u00f3tona. Letra antigua, con variaciones (pedir licencia, pintar a la dama, etc.,.)<\/p>\n<p style=\"text-align: center;\"><iframe loading=\"lazy\" src=\"https:\/\/www.youtube.com\/embed\/gAkbjop6VAA?rel=0\" width=\"560\" height=\"315\" frameborder=\"0\" allowfullscreen=\"allowfullscreen\"><\/iframe><\/p>\n<hr \/>\n<p style=\"text-align: center;\"><strong>Albarrac\u00edn<br \/>\n<\/strong>Mayo con ritmo de jota-bolero. Cantantes solistas y coro en r\u00e9plica. Letra cl\u00e1sica de mayo.<\/p>\n<p style=\"text-align: center;\"><iframe loading=\"lazy\" src=\"https:\/\/www.youtube.com\/embed\/6W_xnGyko2w?rel=0\" width=\"560\" height=\"315\" frameborder=\"0\" allowfullscreen=\"allowfullscreen\"><\/iframe><\/p>\n<hr \/>\n<p style=\"text-align: center;\"><strong>Cuenca<br \/>\n<\/strong>Arreglo musical complejo y moderno (pasacalle, bolero, etc.,.), con algunos elementos del mayo manchego. Letra moderna.<\/p>\n<p style=\"text-align: center;\"><iframe loading=\"lazy\" src=\"https:\/\/www.youtube.com\/embed\/uhLgg-f0h8E?rel=0\" width=\"560\" height=\"315\" frameborder=\"0\" allowfullscreen=\"allowfullscreen\"><\/iframe><\/p>\n<hr \/>\n<p style=\"text-align: center;\"><strong>Noguera<br \/>\n<\/strong>Mayo tradicional serrano, con letra cl\u00e1sica.<\/p>\n<p style=\"text-align: center;\"><iframe loading=\"lazy\" src=\"https:\/\/www.youtube.com\/embed\/iroOS6--Yag?rel=0\" width=\"560\" height=\"315\" frameborder=\"0\" allowfullscreen=\"allowfullscreen\"><\/iframe><\/p>\n<hr \/>\n<p style=\"text-align: center;\"><strong>Guadalaviar<br \/>\n<\/strong>Un interesante reportaje sobre el mayo, con la particularidad de que los \u201cmayos\u201d sortean a las \u201cmayas\u201d, pujan por ellas, etc.,..<\/p>\n<p style=\"text-align: center;\"><iframe loading=\"lazy\" src=\"https:\/\/www.youtube.com\/embed\/1PPVu8xNMv0?rel=0\" width=\"560\" height=\"315\" frameborder=\"0\" allowfullscreen=\"allowfullscreen\"><\/iframe><\/p>\n<hr \/>\n<p style=\"text-align: center;\"><strong>Gea de Albarrac\u00edn, etc.<br \/>\n<\/strong>La recuperaci\u00f3n del mayo a partir de una antigua grabaci\u00f3n\u2026<\/p>\n<p><center><iframe loading=\"lazy\" src=\"https:\/\/www.youtube.com\/embed\/SxFPdaLA-0I?rel=0\" width=\"560\" height=\"315\" frameborder=\"0\" allowfullscreen=\"allowfullscreen\"><\/iframe><\/center><\/p>\n<hr \/>\n<h4 style=\"text-align: center;\"><span style=\"color: #800000;\">Guadalajara<\/span><\/h4>\n<p style=\"text-align: center;\"><strong>Guadalajara<br \/>\n<\/strong>Mayo a la Virgen, con esructura de romance<\/p>\n<p style=\"text-align: center;\"><iframe loading=\"lazy\" src=\"https:\/\/www.youtube.com\/embed\/HcWdzLPPSJc?rel=0\" width=\"560\" height=\"315\" frameborder=\"0\" allowfullscreen=\"allowfullscreen\"><\/iframe><\/p>\n<hr \/>\n<p style=\"text-align: center;\"><strong>Henche<br \/>\n<\/strong>Mayo-villancico con la letra tradicional. Comienza casi como <em>ronde\u00f1as\u00a0<\/em>y termina con jota (la introducci\u00f3n es aragonesa)<\/p>\n<p style=\"text-align: center;\"><iframe loading=\"lazy\" src=\"https:\/\/www.youtube.com\/embed\/7JUEIVkrL3o?rel=0\" width=\"560\" height=\"315\" frameborder=\"0\" allowfullscreen=\"allowfullscreen\"><\/iframe><\/p>\n<hr \/>\n<p style=\"text-align: center;\"><strong>Mond\u00e9jar<br \/>\n<\/strong>Letra tradicional con aire de seguidilla<\/p>\n<p style=\"text-align: center;\"><iframe loading=\"lazy\" src=\"https:\/\/www.youtube.com\/embed\/GzqHYpGyja0?rel=0\" width=\"560\" height=\"315\" frameborder=\"0\" allowfullscreen=\"allowfullscreen\"><\/iframe><\/p>\n<hr \/>\n<p style=\"text-align: center;\"><strong>Driebes, etc.,<br \/>\n<\/strong>Mayo a la Virgen, con m\u00fasica tradicional.<\/p>\n<p><center><iframe loading=\"lazy\" src=\"https:\/\/www.youtube.com\/embed\/L5PNYmw1nFE?rel=0\" width=\"560\" height=\"315\" frameborder=\"0\" allowfullscreen=\"allowfullscreen\"><\/iframe><\/center><\/p>\n<hr \/>\n<h4 style=\"text-align: center;\"><span style=\"color: #800000;\"><strong>Badajoz<\/strong><\/span><\/h4>\n<h4 style=\"text-align: center;\"><strong>Castilblanco<br \/>\n<\/strong>Mayo-villancico, con letra tradicional.<\/h4>\n<p style=\"text-align: center;\"><iframe loading=\"lazy\" src=\"https:\/\/www.youtube.com\/embed\/rQMdiffaxSg?rel=0\" width=\"560\" height=\"315\" frameborder=\"0\" allowfullscreen=\"allowfullscreen\"><\/iframe><\/p>\n<hr \/>\n<h4 style=\"text-align: center;\"><span style=\"color: #800000;\"><strong>Murcia<\/strong><\/span><\/h4>\n<p style=\"text-align: center;\"><strong>Pati\u00f1o<br \/>\n<\/strong>Mayo a la Virgen, con aire de villancico<\/p>\n<p><center><iframe loading=\"lazy\" src=\"https:\/\/www.youtube.com\/embed\/gdRegH7ebKM?rel=0\" width=\"560\" height=\"315\" frameborder=\"0\" allowfullscreen=\"allowfullscreen\"><\/iframe><\/center><\/p>\n<hr \/>\n<h4 style=\"text-align: center;\"><span style=\"color: #800000;\"><strong>Ja\u00e9n<\/strong><\/span><\/h4>\n<p style=\"text-align: center;\"><strong>Santisteban del Puerto<br \/>\n<\/strong>Mayo-jota a la Virgen<\/p>\n<p style=\"text-align: center;\"><strong><iframe loading=\"lazy\" src=\"https:\/\/www.youtube.com\/embed\/ERTGftLPWBU?rel=0\" width=\"560\" height=\"315\" frameborder=\"0\" allowfullscreen=\"allowfullscreen\"><\/iframe><\/strong><\/p>\n<hr \/>\n<p style=\"text-align: center;\"><strong>Sabiote<br \/>\n<\/strong>Mayo-jota a la Virgen, para \u201cbailar\u201d el paso<\/p>\n<p style=\"text-align: center;\"><strong><iframe loading=\"lazy\" src=\"https:\/\/www.youtube.com\/embed\/lcKUkbKkuIk?rel=0\" width=\"560\" height=\"315\" frameborder=\"0\" allowfullscreen=\"allowfullscreen\"><\/iframe><\/strong><\/p>\n<hr \/>\n<h4 style=\"text-align: center;\"><span style=\"color: #800000;\"><strong>Galicia<\/strong><\/span><\/h4>\n<p style=\"text-align: center;\"><strong>Vigo\u2026<br \/>\n<\/strong>Representaci\u00f3n actual de la llegada de la Primavera<\/p>\n<p><center><iframe loading=\"lazy\" src=\"https:\/\/www.youtube.com\/embed\/tl4PDUs41m4?rel=0\" width=\"560\" height=\"315\" frameborder=\"0\" allowfullscreen=\"allowfullscreen\"><\/iframe><\/center><\/p>\n<hr \/>\n<h4><span style=\"color: #800000;\"><strong>Otros \u201cMayos\u201d, m\u00e1s all\u00e1 de nuestras fronteras<br \/>\n<\/strong><\/span><\/h4>\n<p>En <span style=\"text-decoration: underline;\"><strong>Portugal<\/strong><\/span>, aunque prohibidas durante algunas \u00e9pocas hist\u00f3ricas, existen las <em><strong>cantigas janeiras<\/strong><\/em> (de enero) y las <em><strong>cantigas de maias<\/strong><\/em>.<\/p>\n<p style=\"text-align: left;\">Tambi\u00e9n en algunas regiones de <span style=\"text-decoration: underline;\"><strong>Italia<\/strong><\/span> (p. ej. As\u00eds, Terni, Fabriano, en Las Marcas y Umbria, Sicilia\u2026) siguen celebr\u00e1ndose los <em><a href=\"http:\/\/it.wikipedia.org\/wiki\/Canti_del_Maggio\" target=\"_blank\" rel=\"noopener\"><strong>Cantamaggio<\/strong><\/a>, <\/em>con letras que parecen calcadas de nuestros mayos, aunque a menudo recurren a coplas improvisadas y p\u00edcaras (los <em>saltarelli<\/em>).<\/p>\n<hr \/>\n<p style=\"text-align: center;\"><strong>Cantamaggio de Morro d&#8217;Alba (As\u00eds)<\/strong><\/p>\n<p><center><iframe loading=\"lazy\" src=\"https:\/\/www.youtube.com\/embed\/Hs-OO9LhKSE?rel=0\" width=\"560\" height=\"315\" frameborder=\"0\" allowfullscreen=\"allowfullscreen\"><\/iframe><\/center><\/p>\n<hr \/>\n<p style=\"text-align: center;\"><strong>Petriolo (Las Marcas)<\/strong><\/p>\n<p><center><iframe loading=\"lazy\" src=\"https:\/\/www.youtube.com\/embed\/FFKMQnWPBII?rel=0\" width=\"560\" height=\"315\" frameborder=\"0\" allowfullscreen=\"allowfullscreen\"><\/iframe><\/center><center><strong>Valtopina (Umbria)<\/strong><\/center><center><\/center><center><\/center>Y tambi\u00e9n se celebra la llegada de marzo en Bulgaria (<em><b>Martenitsas<\/b><\/em>), en la India (<em><strong>Holi<\/strong><\/em> o Festival de los Colores) y en <span style=\"text-decoration: underline;\"><strong>Ruman\u00eda<\/strong><\/span> (<strong>M\u0103r\u021bi\u0219or, Dragobete<\/strong>).<\/p>\n<p><center><iframe loading=\"lazy\" src=\"https:\/\/www.youtube.com\/embed\/pwBbhCYvzxs?rel=0\" width=\"560\" height=\"315\" frameborder=\"1\" allowfullscreen=\"allowfullscreen\"><\/iframe><\/center><\/p>\n<h4 style=\"text-align: center;\"><span style=\"color: #800000;\"><strong>A nuestros convecinos rumanos: Prim\u0103var\u0103 fericit<code>!<\/code><\/strong><\/span><\/h4>\n<\/div>\n<\/article>\n","protected":false},"excerpt":{"rendered":"<p>Otros mayos (en Espa\u00f1a) Es s\u00f3lo una muestra, pero hay much\u00edsimos m\u00e1s. \u00a0Provincia de Madrid ValdareceteM\u00fasica tradicional, con letra de mayo adaptada a fines religiosos (versos de la Salve) Ambite de Taju\u00f1aM\u00fasica tradicional, de aire e interpretaci\u00f3n muy antiguos, y letra con estructura de romance. Serran\u00eda de Cuenca y Teruel&#8230; <a class=\"continue-reading-link\" href=\"https:\/\/ww2.museosantacruz.org\/?page_id=1423\">Continue reading<\/a><\/p>\n","protected":false},"author":1,"featured_media":0,"parent":1300,"menu_order":0,"comment_status":"open","ping_status":"open","template":"","meta":{"footnotes":""},"class_list":["post-1423","page","type-page","status-publish","hentry"],"_links":{"self":[{"href":"https:\/\/ww2.museosantacruz.org\/index.php?rest_route=\/wp\/v2\/pages\/1423","targetHints":{"allow":["GET"]}}],"collection":[{"href":"https:\/\/ww2.museosantacruz.org\/index.php?rest_route=\/wp\/v2\/pages"}],"about":[{"href":"https:\/\/ww2.museosantacruz.org\/index.php?rest_route=\/wp\/v2\/types\/page"}],"author":[{"embeddable":true,"href":"https:\/\/ww2.museosantacruz.org\/index.php?rest_route=\/wp\/v2\/users\/1"}],"replies":[{"embeddable":true,"href":"https:\/\/ww2.museosantacruz.org\/index.php?rest_route=%2Fwp%2Fv2%2Fcomments&post=1423"}],"version-history":[{"count":17,"href":"https:\/\/ww2.museosantacruz.org\/index.php?rest_route=\/wp\/v2\/pages\/1423\/revisions"}],"predecessor-version":[{"id":3489,"href":"https:\/\/ww2.museosantacruz.org\/index.php?rest_route=\/wp\/v2\/pages\/1423\/revisions\/3489"}],"up":[{"embeddable":true,"href":"https:\/\/ww2.museosantacruz.org\/index.php?rest_route=\/wp\/v2\/pages\/1300"}],"wp:attachment":[{"href":"https:\/\/ww2.museosantacruz.org\/index.php?rest_route=%2Fwp%2Fv2%2Fmedia&parent=1423"}],"curies":[{"name":"wp","href":"https:\/\/api.w.org\/{rel}","templated":true}]}}