{"id":1484,"date":"2015-04-20T11:04:11","date_gmt":"2015-04-20T11:04:11","guid":{"rendered":"http:\/\/ww2.museosantacruz.org\/?page_id=1484"},"modified":"2015-04-29T01:15:06","modified_gmt":"2015-04-29T01:15:06","slug":"la-recoleccion-de-la-aceituna-y-la-matanza-2010","status":"publish","type":"page","link":"https:\/\/ww2.museosantacruz.org\/?page_id=1484","title":{"rendered":"La recolecci\u00f3n de la aceituna y la matanza (2010)"},"content":{"rendered":"<nav aria-label=\"breadcrumbs\">\n            <div class=\"breadcrumb-container theme4\">\n                <ol>\n                                    <\/ol>\n            <\/div>\n        <\/nav>    <script type=\"application\/ld+json\">\n        {\n            \"@context\": \"http:\/\/schema.org\",\n            \"@type\": \"BreadcrumbList\",\n            \"itemListElement\": [\n                            ]\n        }\n    <\/script>\n    <style type=\"text\/css\">\n        .breadcrumb-container {\n            font-size: 13px;\n        }\n\n        .breadcrumb-container ul {\n            margin: 0;\n            padding: 0;\n        }\n\n        .breadcrumb-container li {\n            box-sizing: unset;\n            display: inline-block;\n            margin: 0;\n            padding: 0;\n        }\n\n        .breadcrumb-container li a {\n            box-sizing: unset;\n            padding: 0 10px;\n        }\n\n        .breadcrumb-container {\n            font-size: 12px !important;\n                    }\n\n        .breadcrumb-container li a {\n            color: #301400 !important;\n            font-size: 12px !important;\n            line-height: 12px !important;\n                    }\n\n        .breadcrumb-container li .separator {\n            color: #000000 !important;\n            font-size: 12px !important;\n                    }\n\n        .breadcrumb-container li:last-child .separator {\n            display: none;\n        }\n    <\/style>\n    <style type=\"text\/css\">\n\n        .breadcrumb-container.theme4 li {\n            display: inline-block;\n            margin: 0 14px;\n            padding: 0;\n        }\n\n        .breadcrumb-container.theme4 a {\n            background: #ddb57a;\n            color: rgb(102, 102, 102);\n            display: inline-block;\n            font-size: 14px;\n            height: 16px;\n            margin: 0;\n            padding: 5px 10px;\n            text-decoration: none;\n            position:relative;\n        }\n\n\n        .breadcrumb-container.theme4 a::after {\n            -moz-border-bottom-colors: none;\n            -moz-border-left-colors: none;\n            -moz-border-right-colors: none;\n            -moz-border-top-colors: none;\n            border-color: rgba(0, 0, 0, 0) rgba(0, 0, 0, 0) rgba(0, 0, 0, 0) #ddb57a;\n            border-image: none;\n            border-style: solid;\n            border-width: 13px;\n            content: \" \";\n            display: inline-block;\n            height: 0;\n            line-height: 0;\n            position: absolute;\n            right: -26px;\n            top: 0;\n            width: 0;\n        }\n\n        .breadcrumb-container.theme4 .separator {\n            display: none;\n        }\n    <\/style>\n        <style type=\"text\/css\">\n        .breadcrumb-container{}\r\n.breadcrumb-container ul{}\r\n.breadcrumb-container li{}\r\n.breadcrumb-container a{}\r\n.breadcrumb-container .separator{}\r\n    <\/style>\n    <script>\n            <\/script>\n\n<p style=\"text-align: center;\"><span style=\"color: #800000;\"><strong>Exposici\u00f3n fotogr\u00e1fica y de aperos de labranza<br \/>\n<\/strong><\/span><\/p>\n\n\t\t<style type=\"text\/css\">\n\t\t\t#gallery-1 {\n\t\t\t\tmargin: auto;\n\t\t\t}\n\t\t\t#gallery-1 .gallery-item {\n\t\t\t\tfloat: left;\n\t\t\t\tmargin-top: 10px;\n\t\t\t\ttext-align: center;\n\t\t\t\twidth: 50%;\n\t\t\t}\n\t\t\t#gallery-1 img {\n\t\t\t\tborder: 2px solid #cfcfcf;\n\t\t\t}\n\t\t\t#gallery-1 .gallery-caption {\n\t\t\t\tmargin-left: 0;\n\t\t\t}\n\t\t\t\/* see gallery_shortcode() in wp-includes\/media.php *\/\n\t\t<\/style>\n\t\t<div id='gallery-1' class='gallery galleryid-1484 gallery-columns-2 gallery-size-full'><dl class='gallery-item'>\n\t\t\t<dt class='gallery-icon landscape'>\n\t\t\t\t<a href='https:\/\/ww2.museosantacruz.org\/wp-content\/uploads\/2015\/04\/1-copia.jpg'><img loading=\"lazy\" decoding=\"async\" width=\"640\" height=\"410\" src=\"https:\/\/ww2.museosantacruz.org\/wp-content\/uploads\/2015\/04\/1-copia.jpg\" class=\"attachment-full size-full\" alt=\"\" aria-describedby=\"gallery-1-1456\" srcset=\"https:\/\/ww2.museosantacruz.org\/wp-content\/uploads\/2015\/04\/1-copia.jpg 640w, https:\/\/ww2.museosantacruz.org\/wp-content\/uploads\/2015\/04\/1-copia-300x192.jpg 300w\" sizes=\"auto, (max-width: 640px) 100vw, 640px\" \/><\/a>\n\t\t\t<\/dt>\n\t\t\t\t<dd class='wp-caption-text gallery-caption' id='gallery-1-1456'>\n\t\t\t\tLa recolecci\u00f3n de la aceituna y la matanza (2010): Exposici\u00f3n fotogr\u00e1fica y de aperos de labranza \n\t\t\t\t<\/dd><\/dl><dl class='gallery-item'>\n\t\t\t<dt class='gallery-icon landscape'>\n\t\t\t\t<a href='https:\/\/ww2.museosantacruz.org\/wp-content\/uploads\/2015\/04\/26-copia.jpg'><img loading=\"lazy\" decoding=\"async\" width=\"640\" height=\"410\" src=\"https:\/\/ww2.museosantacruz.org\/wp-content\/uploads\/2015\/04\/26-copia.jpg\" class=\"attachment-full size-full\" alt=\"\" aria-describedby=\"gallery-1-1481\" srcset=\"https:\/\/ww2.museosantacruz.org\/wp-content\/uploads\/2015\/04\/26-copia.jpg 640w, https:\/\/ww2.museosantacruz.org\/wp-content\/uploads\/2015\/04\/26-copia-300x192.jpg 300w\" sizes=\"auto, (max-width: 640px) 100vw, 640px\" \/><\/a>\n\t\t\t<\/dt>\n\t\t\t\t<dd class='wp-caption-text gallery-caption' id='gallery-1-1481'>\n\t\t\t\tMolino de aceite\n\t\t\t\t<\/dd><\/dl><br style=\"clear: both\" \/><dl class='gallery-item'>\n\t\t\t<dt class='gallery-icon landscape'>\n\t\t\t\t<a href='https:\/\/ww2.museosantacruz.org\/wp-content\/uploads\/2015\/04\/25-copia.jpg'><img loading=\"lazy\" decoding=\"async\" width=\"640\" height=\"410\" src=\"https:\/\/ww2.museosantacruz.org\/wp-content\/uploads\/2015\/04\/25-copia.jpg\" class=\"attachment-full size-full\" alt=\"\" aria-describedby=\"gallery-1-1480\" srcset=\"https:\/\/ww2.museosantacruz.org\/wp-content\/uploads\/2015\/04\/25-copia.jpg 640w, https:\/\/ww2.museosantacruz.org\/wp-content\/uploads\/2015\/04\/25-copia-300x192.jpg 300w\" sizes=\"auto, (max-width: 640px) 100vw, 640px\" \/><\/a>\n\t\t\t<\/dt>\n\t\t\t\t<dd class='wp-caption-text gallery-caption' id='gallery-1-1480'>\n\t\t\t\tMolino de aceite\n\t\t\t\t<\/dd><\/dl><dl class='gallery-item'>\n\t\t\t<dt class='gallery-icon landscape'>\n\t\t\t\t<a href='https:\/\/ww2.museosantacruz.org\/wp-content\/uploads\/2015\/04\/24-copia.jpg'><img loading=\"lazy\" decoding=\"async\" width=\"640\" height=\"410\" src=\"https:\/\/ww2.museosantacruz.org\/wp-content\/uploads\/2015\/04\/24-copia.jpg\" class=\"attachment-full size-full\" alt=\"\" aria-describedby=\"gallery-1-1479\" srcset=\"https:\/\/ww2.museosantacruz.org\/wp-content\/uploads\/2015\/04\/24-copia.jpg 640w, https:\/\/ww2.museosantacruz.org\/wp-content\/uploads\/2015\/04\/24-copia-300x192.jpg 300w\" sizes=\"auto, (max-width: 640px) 100vw, 640px\" \/><\/a>\n\t\t\t<\/dt>\n\t\t\t\t<dd class='wp-caption-text gallery-caption' id='gallery-1-1479'>\n\t\t\t\tTrabajadores del Molino de aceite\n\t\t\t\t<\/dd><\/dl><br style=\"clear: both\" \/><dl class='gallery-item'>\n\t\t\t<dt class='gallery-icon landscape'>\n\t\t\t\t<a href='https:\/\/ww2.museosantacruz.org\/wp-content\/uploads\/2015\/04\/23-copia.jpg'><img loading=\"lazy\" decoding=\"async\" width=\"640\" height=\"410\" src=\"https:\/\/ww2.museosantacruz.org\/wp-content\/uploads\/2015\/04\/23-copia.jpg\" class=\"attachment-full size-full\" alt=\"\" aria-describedby=\"gallery-1-1478\" srcset=\"https:\/\/ww2.museosantacruz.org\/wp-content\/uploads\/2015\/04\/23-copia.jpg 640w, https:\/\/ww2.museosantacruz.org\/wp-content\/uploads\/2015\/04\/23-copia-300x192.jpg 300w\" sizes=\"auto, (max-width: 640px) 100vw, 640px\" \/><\/a>\n\t\t\t<\/dt>\n\t\t\t\t<dd class='wp-caption-text gallery-caption' id='gallery-1-1478'>\n\t\t\t\tTrabajadores del Molino de aceite\n\t\t\t\t<\/dd><\/dl><dl class='gallery-item'>\n\t\t\t<dt class='gallery-icon landscape'>\n\t\t\t\t<a href='https:\/\/ww2.museosantacruz.org\/wp-content\/uploads\/2015\/04\/22-copia.jpg'><img loading=\"lazy\" decoding=\"async\" width=\"640\" height=\"410\" src=\"https:\/\/ww2.museosantacruz.org\/wp-content\/uploads\/2015\/04\/22-copia.jpg\" class=\"attachment-full size-full\" alt=\"\" aria-describedby=\"gallery-1-1477\" srcset=\"https:\/\/ww2.museosantacruz.org\/wp-content\/uploads\/2015\/04\/22-copia.jpg 640w, https:\/\/ww2.museosantacruz.org\/wp-content\/uploads\/2015\/04\/22-copia-300x192.jpg 300w\" sizes=\"auto, (max-width: 640px) 100vw, 640px\" \/><\/a>\n\t\t\t<\/dt>\n\t\t\t\t<dd class='wp-caption-text gallery-caption' id='gallery-1-1477'>\n\t\t\t\tTrabajadores del Molino de aceite\n\t\t\t\t<\/dd><\/dl><br style=\"clear: both\" \/><dl class='gallery-item'>\n\t\t\t<dt class='gallery-icon landscape'>\n\t\t\t\t<a href='https:\/\/ww2.museosantacruz.org\/wp-content\/uploads\/2015\/04\/21-copia.jpg'><img loading=\"lazy\" decoding=\"async\" width=\"640\" height=\"410\" src=\"https:\/\/ww2.museosantacruz.org\/wp-content\/uploads\/2015\/04\/21-copia.jpg\" class=\"attachment-full size-full\" alt=\"\" aria-describedby=\"gallery-1-1476\" srcset=\"https:\/\/ww2.museosantacruz.org\/wp-content\/uploads\/2015\/04\/21-copia.jpg 640w, https:\/\/ww2.museosantacruz.org\/wp-content\/uploads\/2015\/04\/21-copia-300x192.jpg 300w\" sizes=\"auto, (max-width: 640px) 100vw, 640px\" \/><\/a>\n\t\t\t<\/dt>\n\t\t\t\t<dd class='wp-caption-text gallery-caption' id='gallery-1-1476'>\n\t\t\t\tAceituneros\n\t\t\t\t<\/dd><\/dl><dl class='gallery-item'>\n\t\t\t<dt class='gallery-icon landscape'>\n\t\t\t\t<a href='https:\/\/ww2.museosantacruz.org\/wp-content\/uploads\/2015\/04\/20-copia.jpg'><img loading=\"lazy\" decoding=\"async\" width=\"640\" height=\"410\" src=\"https:\/\/ww2.museosantacruz.org\/wp-content\/uploads\/2015\/04\/20-copia.jpg\" class=\"attachment-full size-full\" alt=\"\" aria-describedby=\"gallery-1-1475\" srcset=\"https:\/\/ww2.museosantacruz.org\/wp-content\/uploads\/2015\/04\/20-copia.jpg 640w, https:\/\/ww2.museosantacruz.org\/wp-content\/uploads\/2015\/04\/20-copia-300x192.jpg 300w\" sizes=\"auto, (max-width: 640px) 100vw, 640px\" \/><\/a>\n\t\t\t<\/dt>\n\t\t\t\t<dd class='wp-caption-text gallery-caption' id='gallery-1-1475'>\n\t\t\t\tAceituneros\n\t\t\t\t<\/dd><\/dl><br style=\"clear: both\" \/><dl class='gallery-item'>\n\t\t\t<dt class='gallery-icon landscape'>\n\t\t\t\t<a href='https:\/\/ww2.museosantacruz.org\/wp-content\/uploads\/2015\/04\/19-copia.jpg'><img loading=\"lazy\" decoding=\"async\" width=\"640\" height=\"410\" src=\"https:\/\/ww2.museosantacruz.org\/wp-content\/uploads\/2015\/04\/19-copia.jpg\" class=\"attachment-full size-full\" alt=\"\" aria-describedby=\"gallery-1-1474\" srcset=\"https:\/\/ww2.museosantacruz.org\/wp-content\/uploads\/2015\/04\/19-copia.jpg 640w, https:\/\/ww2.museosantacruz.org\/wp-content\/uploads\/2015\/04\/19-copia-300x192.jpg 300w\" sizes=\"auto, (max-width: 640px) 100vw, 640px\" \/><\/a>\n\t\t\t<\/dt>\n\t\t\t\t<dd class='wp-caption-text gallery-caption' id='gallery-1-1474'>\n\t\t\t\tAceituneros\n\t\t\t\t<\/dd><\/dl><dl class='gallery-item'>\n\t\t\t<dt class='gallery-icon landscape'>\n\t\t\t\t<a href='https:\/\/ww2.museosantacruz.org\/wp-content\/uploads\/2015\/04\/18-copia.jpg'><img loading=\"lazy\" decoding=\"async\" width=\"640\" height=\"410\" src=\"https:\/\/ww2.museosantacruz.org\/wp-content\/uploads\/2015\/04\/18-copia.jpg\" class=\"attachment-full size-full\" alt=\"\" aria-describedby=\"gallery-1-1473\" srcset=\"https:\/\/ww2.museosantacruz.org\/wp-content\/uploads\/2015\/04\/18-copia.jpg 640w, https:\/\/ww2.museosantacruz.org\/wp-content\/uploads\/2015\/04\/18-copia-300x192.jpg 300w\" sizes=\"auto, (max-width: 640px) 100vw, 640px\" \/><\/a>\n\t\t\t<\/dt>\n\t\t\t\t<dd class='wp-caption-text gallery-caption' id='gallery-1-1473'>\n\t\t\t\tAceituneros\n\t\t\t\t<\/dd><\/dl><br style=\"clear: both\" \/><dl class='gallery-item'>\n\t\t\t<dt class='gallery-icon landscape'>\n\t\t\t\t<a href='https:\/\/ww2.museosantacruz.org\/wp-content\/uploads\/2015\/04\/17-copia.jpg'><img loading=\"lazy\" decoding=\"async\" width=\"640\" height=\"410\" src=\"https:\/\/ww2.museosantacruz.org\/wp-content\/uploads\/2015\/04\/17-copia.jpg\" class=\"attachment-full size-full\" alt=\"\" aria-describedby=\"gallery-1-1472\" srcset=\"https:\/\/ww2.museosantacruz.org\/wp-content\/uploads\/2015\/04\/17-copia.jpg 640w, https:\/\/ww2.museosantacruz.org\/wp-content\/uploads\/2015\/04\/17-copia-300x192.jpg 300w\" sizes=\"auto, (max-width: 640px) 100vw, 640px\" \/><\/a>\n\t\t\t<\/dt>\n\t\t\t\t<dd class='wp-caption-text gallery-caption' id='gallery-1-1472'>\n\t\t\t\tAceituneros\n\t\t\t\t<\/dd><\/dl><dl class='gallery-item'>\n\t\t\t<dt class='gallery-icon landscape'>\n\t\t\t\t<a href='https:\/\/ww2.museosantacruz.org\/wp-content\/uploads\/2015\/04\/16-copia.jpg'><img loading=\"lazy\" decoding=\"async\" width=\"640\" height=\"410\" src=\"https:\/\/ww2.museosantacruz.org\/wp-content\/uploads\/2015\/04\/16-copia.jpg\" class=\"attachment-full size-full\" alt=\"\" aria-describedby=\"gallery-1-1471\" srcset=\"https:\/\/ww2.museosantacruz.org\/wp-content\/uploads\/2015\/04\/16-copia.jpg 640w, https:\/\/ww2.museosantacruz.org\/wp-content\/uploads\/2015\/04\/16-copia-300x192.jpg 300w\" sizes=\"auto, (max-width: 640px) 100vw, 640px\" \/><\/a>\n\t\t\t<\/dt>\n\t\t\t\t<dd class='wp-caption-text gallery-caption' id='gallery-1-1471'>\n\t\t\t\tAceituneros\n\t\t\t\t<\/dd><\/dl><br style=\"clear: both\" \/><dl class='gallery-item'>\n\t\t\t<dt class='gallery-icon landscape'>\n\t\t\t\t<a href='https:\/\/ww2.museosantacruz.org\/wp-content\/uploads\/2015\/04\/15-copia.jpg'><img loading=\"lazy\" decoding=\"async\" width=\"640\" height=\"410\" src=\"https:\/\/ww2.museosantacruz.org\/wp-content\/uploads\/2015\/04\/15-copia.jpg\" class=\"attachment-full size-full\" alt=\"\" aria-describedby=\"gallery-1-1470\" srcset=\"https:\/\/ww2.museosantacruz.org\/wp-content\/uploads\/2015\/04\/15-copia.jpg 640w, https:\/\/ww2.museosantacruz.org\/wp-content\/uploads\/2015\/04\/15-copia-300x192.jpg 300w\" sizes=\"auto, (max-width: 640px) 100vw, 640px\" \/><\/a>\n\t\t\t<\/dt>\n\t\t\t\t<dd class='wp-caption-text gallery-caption' id='gallery-1-1470'>\n\t\t\t\tAceituneros\n\t\t\t\t<\/dd><\/dl><dl class='gallery-item'>\n\t\t\t<dt class='gallery-icon landscape'>\n\t\t\t\t<a href='https:\/\/ww2.museosantacruz.org\/wp-content\/uploads\/2015\/04\/14-copia.jpg'><img loading=\"lazy\" decoding=\"async\" width=\"640\" height=\"410\" src=\"https:\/\/ww2.museosantacruz.org\/wp-content\/uploads\/2015\/04\/14-copia.jpg\" class=\"attachment-full size-full\" alt=\"\" aria-describedby=\"gallery-1-1469\" srcset=\"https:\/\/ww2.museosantacruz.org\/wp-content\/uploads\/2015\/04\/14-copia.jpg 640w, https:\/\/ww2.museosantacruz.org\/wp-content\/uploads\/2015\/04\/14-copia-300x192.jpg 300w\" sizes=\"auto, (max-width: 640px) 100vw, 640px\" \/><\/a>\n\t\t\t<\/dt>\n\t\t\t\t<dd class='wp-caption-text gallery-caption' id='gallery-1-1469'>\n\t\t\t\tAceituneras\n\t\t\t\t<\/dd><\/dl><br style=\"clear: both\" \/><dl class='gallery-item'>\n\t\t\t<dt class='gallery-icon landscape'>\n\t\t\t\t<a href='https:\/\/ww2.museosantacruz.org\/wp-content\/uploads\/2015\/04\/13-copia.jpg'><img loading=\"lazy\" decoding=\"async\" width=\"640\" height=\"410\" src=\"https:\/\/ww2.museosantacruz.org\/wp-content\/uploads\/2015\/04\/13-copia.jpg\" class=\"attachment-full size-full\" alt=\"\" aria-describedby=\"gallery-1-1468\" srcset=\"https:\/\/ww2.museosantacruz.org\/wp-content\/uploads\/2015\/04\/13-copia.jpg 640w, https:\/\/ww2.museosantacruz.org\/wp-content\/uploads\/2015\/04\/13-copia-300x192.jpg 300w\" sizes=\"auto, (max-width: 640px) 100vw, 640px\" \/><\/a>\n\t\t\t<\/dt>\n\t\t\t\t<dd class='wp-caption-text gallery-caption' id='gallery-1-1468'>\n\t\t\t\tAceituneros\n\t\t\t\t<\/dd><\/dl><dl class='gallery-item'>\n\t\t\t<dt class='gallery-icon landscape'>\n\t\t\t\t<a href='https:\/\/ww2.museosantacruz.org\/wp-content\/uploads\/2015\/04\/12-copia.jpg'><img loading=\"lazy\" decoding=\"async\" width=\"640\" height=\"410\" src=\"https:\/\/ww2.museosantacruz.org\/wp-content\/uploads\/2015\/04\/12-copia.jpg\" class=\"attachment-full size-full\" alt=\"\" aria-describedby=\"gallery-1-1467\" srcset=\"https:\/\/ww2.museosantacruz.org\/wp-content\/uploads\/2015\/04\/12-copia.jpg 640w, https:\/\/ww2.museosantacruz.org\/wp-content\/uploads\/2015\/04\/12-copia-300x192.jpg 300w\" sizes=\"auto, (max-width: 640px) 100vw, 640px\" \/><\/a>\n\t\t\t<\/dt>\n\t\t\t\t<dd class='wp-caption-text gallery-caption' id='gallery-1-1467'>\n\t\t\t\tAceituneras\n\t\t\t\t<\/dd><\/dl><br style=\"clear: both\" \/><dl class='gallery-item'>\n\t\t\t<dt class='gallery-icon landscape'>\n\t\t\t\t<a href='https:\/\/ww2.museosantacruz.org\/wp-content\/uploads\/2015\/04\/11-copia.jpg'><img loading=\"lazy\" decoding=\"async\" width=\"640\" height=\"410\" src=\"https:\/\/ww2.museosantacruz.org\/wp-content\/uploads\/2015\/04\/11-copia.jpg\" class=\"attachment-full size-full\" alt=\"\" aria-describedby=\"gallery-1-1466\" srcset=\"https:\/\/ww2.museosantacruz.org\/wp-content\/uploads\/2015\/04\/11-copia.jpg 640w, https:\/\/ww2.museosantacruz.org\/wp-content\/uploads\/2015\/04\/11-copia-300x192.jpg 300w\" sizes=\"auto, (max-width: 640px) 100vw, 640px\" \/><\/a>\n\t\t\t<\/dt>\n\t\t\t\t<dd class='wp-caption-text gallery-caption' id='gallery-1-1466'>\n\t\t\t\tLa matanza\n\t\t\t\t<\/dd><\/dl><dl class='gallery-item'>\n\t\t\t<dt class='gallery-icon landscape'>\n\t\t\t\t<a href='https:\/\/ww2.museosantacruz.org\/wp-content\/uploads\/2015\/04\/10-copia.jpg'><img loading=\"lazy\" decoding=\"async\" width=\"640\" height=\"410\" src=\"https:\/\/ww2.museosantacruz.org\/wp-content\/uploads\/2015\/04\/10-copia.jpg\" class=\"attachment-full size-full\" alt=\"\" aria-describedby=\"gallery-1-1465\" srcset=\"https:\/\/ww2.museosantacruz.org\/wp-content\/uploads\/2015\/04\/10-copia.jpg 640w, https:\/\/ww2.museosantacruz.org\/wp-content\/uploads\/2015\/04\/10-copia-300x192.jpg 300w\" sizes=\"auto, (max-width: 640px) 100vw, 640px\" \/><\/a>\n\t\t\t<\/dt>\n\t\t\t\t<dd class='wp-caption-text gallery-caption' id='gallery-1-1465'>\n\t\t\t\tLa matanza\n\t\t\t\t<\/dd><\/dl><br style=\"clear: both\" \/><dl class='gallery-item'>\n\t\t\t<dt class='gallery-icon landscape'>\n\t\t\t\t<a href='https:\/\/ww2.museosantacruz.org\/wp-content\/uploads\/2015\/04\/9-copia.jpg'><img loading=\"lazy\" decoding=\"async\" width=\"640\" height=\"410\" src=\"https:\/\/ww2.museosantacruz.org\/wp-content\/uploads\/2015\/04\/9-copia.jpg\" class=\"attachment-full size-full\" alt=\"\" aria-describedby=\"gallery-1-1464\" srcset=\"https:\/\/ww2.museosantacruz.org\/wp-content\/uploads\/2015\/04\/9-copia.jpg 640w, https:\/\/ww2.museosantacruz.org\/wp-content\/uploads\/2015\/04\/9-copia-300x192.jpg 300w\" sizes=\"auto, (max-width: 640px) 100vw, 640px\" \/><\/a>\n\t\t\t<\/dt>\n\t\t\t\t<dd class='wp-caption-text gallery-caption' id='gallery-1-1464'>\n\t\t\t\tLa matanza\n\t\t\t\t<\/dd><\/dl><dl class='gallery-item'>\n\t\t\t<dt class='gallery-icon landscape'>\n\t\t\t\t<a href='https:\/\/ww2.museosantacruz.org\/wp-content\/uploads\/2015\/04\/8-copia.jpg'><img loading=\"lazy\" decoding=\"async\" width=\"640\" height=\"410\" src=\"https:\/\/ww2.museosantacruz.org\/wp-content\/uploads\/2015\/04\/8-copia.jpg\" class=\"attachment-full size-full\" alt=\"\" aria-describedby=\"gallery-1-1463\" srcset=\"https:\/\/ww2.museosantacruz.org\/wp-content\/uploads\/2015\/04\/8-copia.jpg 640w, https:\/\/ww2.museosantacruz.org\/wp-content\/uploads\/2015\/04\/8-copia-300x192.jpg 300w\" sizes=\"auto, (max-width: 640px) 100vw, 640px\" \/><\/a>\n\t\t\t<\/dt>\n\t\t\t\t<dd class='wp-caption-text gallery-caption' id='gallery-1-1463'>\n\t\t\t\tLa matanza\n\t\t\t\t<\/dd><\/dl><br style=\"clear: both\" \/><dl class='gallery-item'>\n\t\t\t<dt class='gallery-icon landscape'>\n\t\t\t\t<a href='https:\/\/ww2.museosantacruz.org\/wp-content\/uploads\/2015\/04\/7-copia.jpg'><img loading=\"lazy\" decoding=\"async\" width=\"640\" height=\"410\" src=\"https:\/\/ww2.museosantacruz.org\/wp-content\/uploads\/2015\/04\/7-copia.jpg\" class=\"attachment-full size-full\" alt=\"\" aria-describedby=\"gallery-1-1462\" srcset=\"https:\/\/ww2.museosantacruz.org\/wp-content\/uploads\/2015\/04\/7-copia.jpg 640w, https:\/\/ww2.museosantacruz.org\/wp-content\/uploads\/2015\/04\/7-copia-300x192.jpg 300w\" sizes=\"auto, (max-width: 640px) 100vw, 640px\" \/><\/a>\n\t\t\t<\/dt>\n\t\t\t\t<dd class='wp-caption-text gallery-caption' id='gallery-1-1462'>\n\t\t\t\tLa matanza\n\t\t\t\t<\/dd><\/dl><dl class='gallery-item'>\n\t\t\t<dt class='gallery-icon landscape'>\n\t\t\t\t<a href='https:\/\/ww2.museosantacruz.org\/wp-content\/uploads\/2015\/04\/6-copia.jpg'><img loading=\"lazy\" decoding=\"async\" width=\"640\" height=\"410\" src=\"https:\/\/ww2.museosantacruz.org\/wp-content\/uploads\/2015\/04\/6-copia.jpg\" class=\"attachment-full size-full\" alt=\"\" aria-describedby=\"gallery-1-1461\" srcset=\"https:\/\/ww2.museosantacruz.org\/wp-content\/uploads\/2015\/04\/6-copia.jpg 640w, https:\/\/ww2.museosantacruz.org\/wp-content\/uploads\/2015\/04\/6-copia-300x192.jpg 300w\" sizes=\"auto, (max-width: 640px) 100vw, 640px\" \/><\/a>\n\t\t\t<\/dt>\n\t\t\t\t<dd class='wp-caption-text gallery-caption' id='gallery-1-1461'>\n\t\t\t\tLa matanza\n\t\t\t\t<\/dd><\/dl><br style=\"clear: both\" \/><dl class='gallery-item'>\n\t\t\t<dt class='gallery-icon landscape'>\n\t\t\t\t<a href='https:\/\/ww2.museosantacruz.org\/wp-content\/uploads\/2015\/04\/5-copia.jpg'><img loading=\"lazy\" decoding=\"async\" width=\"640\" height=\"410\" src=\"https:\/\/ww2.museosantacruz.org\/wp-content\/uploads\/2015\/04\/5-copia.jpg\" class=\"attachment-full size-full\" alt=\"\" aria-describedby=\"gallery-1-1460\" srcset=\"https:\/\/ww2.museosantacruz.org\/wp-content\/uploads\/2015\/04\/5-copia.jpg 640w, https:\/\/ww2.museosantacruz.org\/wp-content\/uploads\/2015\/04\/5-copia-300x192.jpg 300w\" sizes=\"auto, (max-width: 640px) 100vw, 640px\" \/><\/a>\n\t\t\t<\/dt>\n\t\t\t\t<dd class='wp-caption-text gallery-caption' id='gallery-1-1460'>\n\t\t\t\tLa matanza\n\t\t\t\t<\/dd><\/dl><dl class='gallery-item'>\n\t\t\t<dt class='gallery-icon landscape'>\n\t\t\t\t<a href='https:\/\/ww2.museosantacruz.org\/wp-content\/uploads\/2015\/04\/4-copia.jpg'><img loading=\"lazy\" decoding=\"async\" width=\"640\" height=\"410\" src=\"https:\/\/ww2.museosantacruz.org\/wp-content\/uploads\/2015\/04\/4-copia.jpg\" class=\"attachment-full size-full\" alt=\"\" aria-describedby=\"gallery-1-1459\" srcset=\"https:\/\/ww2.museosantacruz.org\/wp-content\/uploads\/2015\/04\/4-copia.jpg 640w, https:\/\/ww2.museosantacruz.org\/wp-content\/uploads\/2015\/04\/4-copia-300x192.jpg 300w\" sizes=\"auto, (max-width: 640px) 100vw, 640px\" \/><\/a>\n\t\t\t<\/dt>\n\t\t\t\t<dd class='wp-caption-text gallery-caption' id='gallery-1-1459'>\n\t\t\t\tLa matanza\n\t\t\t\t<\/dd><\/dl><br style=\"clear: both\" \/><dl class='gallery-item'>\n\t\t\t<dt class='gallery-icon landscape'>\n\t\t\t\t<a href='https:\/\/ww2.museosantacruz.org\/wp-content\/uploads\/2015\/04\/3-copia.jpg'><img loading=\"lazy\" decoding=\"async\" width=\"640\" height=\"410\" src=\"https:\/\/ww2.museosantacruz.org\/wp-content\/uploads\/2015\/04\/3-copia.jpg\" class=\"attachment-full size-full\" alt=\"\" aria-describedby=\"gallery-1-1458\" srcset=\"https:\/\/ww2.museosantacruz.org\/wp-content\/uploads\/2015\/04\/3-copia.jpg 640w, https:\/\/ww2.museosantacruz.org\/wp-content\/uploads\/2015\/04\/3-copia-300x192.jpg 300w\" sizes=\"auto, (max-width: 640px) 100vw, 640px\" \/><\/a>\n\t\t\t<\/dt>\n\t\t\t\t<dd class='wp-caption-text gallery-caption' id='gallery-1-1458'>\n\t\t\t\tLa matanza\n\t\t\t\t<\/dd><\/dl><dl class='gallery-item'>\n\t\t\t<dt class='gallery-icon landscape'>\n\t\t\t\t<a href='https:\/\/ww2.museosantacruz.org\/wp-content\/uploads\/2015\/04\/2-copia.jpg'><img loading=\"lazy\" decoding=\"async\" width=\"640\" height=\"410\" src=\"https:\/\/ww2.museosantacruz.org\/wp-content\/uploads\/2015\/04\/2-copia.jpg\" class=\"attachment-full size-full\" alt=\"\" aria-describedby=\"gallery-1-1457\" srcset=\"https:\/\/ww2.museosantacruz.org\/wp-content\/uploads\/2015\/04\/2-copia.jpg 640w, https:\/\/ww2.museosantacruz.org\/wp-content\/uploads\/2015\/04\/2-copia-300x192.jpg 300w\" sizes=\"auto, (max-width: 640px) 100vw, 640px\" \/><\/a>\n\t\t\t<\/dt>\n\t\t\t\t<dd class='wp-caption-text gallery-caption' id='gallery-1-1457'>\n\t\t\t\tLa matanza\n\t\t\t\t<\/dd><\/dl><br style=\"clear: both\" \/>\n\t\t<\/div>\n\n","protected":false},"excerpt":{"rendered":"<p>Exposici\u00f3n fotogr\u00e1fica y de aperos de labranza <a class=\"continue-reading-link\" href=\"https:\/\/ww2.museosantacruz.org\/?page_id=1484\">Continue reading<\/a><\/p>\n","protected":false},"author":1,"featured_media":0,"parent":24,"menu_order":0,"comment_status":"closed","ping_status":"open","template":"template-full-width.php","meta":{"footnotes":""},"class_list":["post-1484","page","type-page","status-publish","hentry"],"_links":{"self":[{"href":"https:\/\/ww2.museosantacruz.org\/index.php?rest_route=\/wp\/v2\/pages\/1484","targetHints":{"allow":["GET"]}}],"collection":[{"href":"https:\/\/ww2.museosantacruz.org\/index.php?rest_route=\/wp\/v2\/pages"}],"about":[{"href":"https:\/\/ww2.museosantacruz.org\/index.php?rest_route=\/wp\/v2\/types\/page"}],"author":[{"embeddable":true,"href":"https:\/\/ww2.museosantacruz.org\/index.php?rest_route=\/wp\/v2\/users\/1"}],"replies":[{"embeddable":true,"href":"https:\/\/ww2.museosantacruz.org\/index.php?rest_route=%2Fwp%2Fv2%2Fcomments&post=1484"}],"version-history":[{"count":8,"href":"https:\/\/ww2.museosantacruz.org\/index.php?rest_route=\/wp\/v2\/pages\/1484\/revisions"}],"predecessor-version":[{"id":1701,"href":"https:\/\/ww2.museosantacruz.org\/index.php?rest_route=\/wp\/v2\/pages\/1484\/revisions\/1701"}],"up":[{"embeddable":true,"href":"https:\/\/ww2.museosantacruz.org\/index.php?rest_route=\/wp\/v2\/pages\/24"}],"wp:attachment":[{"href":"https:\/\/ww2.museosantacruz.org\/index.php?rest_route=%2Fwp%2Fv2%2Fmedia&parent=1484"}],"curies":[{"name":"wp","href":"https:\/\/api.w.org\/{rel}","templated":true}]}}