{"id":1490,"date":"2015-04-20T11:27:59","date_gmt":"2015-04-20T11:27:59","guid":{"rendered":"http:\/\/ww2.museosantacruz.org\/?page_id=1490"},"modified":"2015-04-28T14:09:58","modified_gmt":"2015-04-28T14:09:58","slug":"los-juegos-de-nuestra-infancia-1997","status":"publish","type":"page","link":"https:\/\/ww2.museosantacruz.org\/?page_id=1490","title":{"rendered":"Los juegos de nuestra infancia (1997)"},"content":{"rendered":"<p><nav aria-label=\"breadcrumbs\">\n            <div class=\"breadcrumb-container theme4\">\n                <ol>\n                                    <\/ol>\n            <\/div>\n        <\/nav>    <script type=\"application\/ld+json\">\n        {\n            \"@context\": \"http:\/\/schema.org\",\n            \"@type\": \"BreadcrumbList\",\n            \"itemListElement\": [\n                            ]\n        }\n    <\/script>\n    <style type=\"text\/css\">\n        .breadcrumb-container {\n            font-size: 13px;\n        }\n\n        .breadcrumb-container ul {\n            margin: 0;\n            padding: 0;\n        }\n\n        .breadcrumb-container li {\n            box-sizing: unset;\n            display: inline-block;\n            margin: 0;\n            padding: 0;\n        }\n\n        .breadcrumb-container li a {\n            box-sizing: unset;\n            padding: 0 10px;\n        }\n\n        .breadcrumb-container {\n            font-size: 12px !important;\n                    }\n\n        .breadcrumb-container li a {\n            color: #301400 !important;\n            font-size: 12px !important;\n            line-height: 12px !important;\n                    }\n\n        .breadcrumb-container li .separator {\n            color: #000000 !important;\n            font-size: 12px !important;\n                    }\n\n        .breadcrumb-container li:last-child .separator {\n            display: none;\n        }\n    <\/style>\n    <style type=\"text\/css\">\n\n        .breadcrumb-container.theme4 li {\n            display: inline-block;\n            margin: 0 14px;\n            padding: 0;\n        }\n\n        .breadcrumb-container.theme4 a {\n            background: #ddb57a;\n            color: rgb(102, 102, 102);\n            display: inline-block;\n            font-size: 14px;\n            height: 16px;\n            margin: 0;\n            padding: 5px 10px;\n            text-decoration: none;\n            position:relative;\n        }\n\n\n        .breadcrumb-container.theme4 a::after {\n            -moz-border-bottom-colors: none;\n            -moz-border-left-colors: none;\n            -moz-border-right-colors: none;\n            -moz-border-top-colors: none;\n            border-color: rgba(0, 0, 0, 0) rgba(0, 0, 0, 0) rgba(0, 0, 0, 0) #ddb57a;\n            border-image: none;\n            border-style: solid;\n            border-width: 13px;\n            content: \" \";\n            display: inline-block;\n            height: 0;\n            line-height: 0;\n            position: absolute;\n            right: -26px;\n            top: 0;\n            width: 0;\n        }\n\n        .breadcrumb-container.theme4 .separator {\n            display: none;\n        }\n    <\/style>\n        <style type=\"text\/css\">\n        .breadcrumb-container{}\r\n.breadcrumb-container ul{}\r\n.breadcrumb-container li{}\r\n.breadcrumb-container a{}\r\n.breadcrumb-container .separator{}\r\n    <\/style>\n    <script>\n            <\/script>\nUn minucioso trabajo desarrollado por los profesores y alumnos del <a href=\"http:\/\/ceip-eduardopalomo.centros.castillalamancha.es\/\" target=\"_blank\"><span style=\"color: #800000;\"><strong>Colegio P\u00fablico \u00abE. Palomo\u00bb<\/strong><\/span><\/a> de Santa Cruz de la Zarza ha logrado recuperar y catalogar los m\u00e1s de cincuenta juegos tradicionales<em>: el g\u00fc\u00e1, las canicas, los alzabotes, el frendis, el escondecorreas, a la una mula, el escondite<\/em>, etc.<\/p>\n<p><img loading=\"lazy\" decoding=\"async\" class=\"alignright wp-image-1494 size-full\" src=\"http:\/\/ww2.museosantacruz.org\/wp-content\/uploads\/2015\/04\/ExpoJuegos.jpg\" alt=\"ExpoJuegos\" width=\"448\" height=\"317\" srcset=\"https:\/\/ww2.museosantacruz.org\/wp-content\/uploads\/2015\/04\/ExpoJuegos.jpg 448w, https:\/\/ww2.museosantacruz.org\/wp-content\/uploads\/2015\/04\/ExpoJuegos-300x212.jpg 300w\" sizes=\"auto, (max-width: 448px) 100vw, 448px\" \/>Una muestra de los materiales utilizados para el juego, as\u00ed como los juguetes de la \u00e9poca, hacen sentir a\u00f1oranza de un pasado a aquellos que vivieron su ni\u00f1ez en los parajes en torno a las Escuelas.<\/p>\n<p>Tambi\u00e9n se exponen los libros de diversi\u00f3n o entretenimiento, cromos, tebeos, cuentos y libros de lecturas.<\/p>\n<p>Al contemplar la exposici\u00f3n de Juegos se puede observar la imaginaci\u00f3n de los ni\u00f1os, que compensaba la carencia de medios: un simple bote de conservas serv\u00eda de pretexto para inventar un sofisticado juego.<\/p>\n<p>Cada juego ten\u00eda su jerga propia de cada zona: \u00ab<em>Hoy pienso goler a los somatenes, y ayer me espolicaste ya que el trompo que tenia era carrasque\u00f1o<\/em>\u00ab.<\/p>\n<p>Significado: Hoy estoy crecido, con ganas de ganar a las chapas (tapones de botellas) y ayer perd\u00ed (espolio) por tener un trompo (peonza) que daba cabezadas, pues es \u201ccarrasque\u00f1o\u201d, (malo)<\/p>\n<p><span style=\"color: #800000;\"><em> Nuestro m\u00e1s profundo agradecimiento a la aportaci\u00f3n y ayuda recibida desde el Colegio E. Palomo y a las personas que desinteresadamente han cedido el material que comprende la Exposici\u00f3n, con el reconocimiento a los Maestros y Profesores por su ardua tarea en mejorar la formaci\u00f3n de un pueblo: con ese fin montamos la exposici\u00f3n.<\/em><\/span><\/p>\n","protected":false},"excerpt":{"rendered":"<p>Un minucioso trabajo desarrollado por los profesores y alumnos del Colegio P\u00fablico \u00abE. Palomo\u00bb de Santa Cruz de la Zarza ha logrado recuperar y catalogar los m\u00e1s de cincuenta juegos tradicionales: el g\u00fc\u00e1, las canicas, los alzabotes, el frendis, el escondecorreas, a la una mula, el escondite, etc. Una muestra&#8230; <a class=\"continue-reading-link\" href=\"https:\/\/ww2.museosantacruz.org\/?page_id=1490\">Continue reading<\/a><\/p>\n","protected":false},"author":1,"featured_media":0,"parent":24,"menu_order":0,"comment_status":"closed","ping_status":"open","template":"template-full-width.php","meta":{"footnotes":""},"class_list":["post-1490","page","type-page","status-publish","hentry"],"_links":{"self":[{"href":"https:\/\/ww2.museosantacruz.org\/index.php?rest_route=\/wp\/v2\/pages\/1490","targetHints":{"allow":["GET"]}}],"collection":[{"href":"https:\/\/ww2.museosantacruz.org\/index.php?rest_route=\/wp\/v2\/pages"}],"about":[{"href":"https:\/\/ww2.museosantacruz.org\/index.php?rest_route=\/wp\/v2\/types\/page"}],"author":[{"embeddable":true,"href":"https:\/\/ww2.museosantacruz.org\/index.php?rest_route=\/wp\/v2\/users\/1"}],"replies":[{"embeddable":true,"href":"https:\/\/ww2.museosantacruz.org\/index.php?rest_route=%2Fwp%2Fv2%2Fcomments&post=1490"}],"version-history":[{"count":5,"href":"https:\/\/ww2.museosantacruz.org\/index.php?rest_route=\/wp\/v2\/pages\/1490\/revisions"}],"predecessor-version":[{"id":1675,"href":"https:\/\/ww2.museosantacruz.org\/index.php?rest_route=\/wp\/v2\/pages\/1490\/revisions\/1675"}],"up":[{"embeddable":true,"href":"https:\/\/ww2.museosantacruz.org\/index.php?rest_route=\/wp\/v2\/pages\/24"}],"wp:attachment":[{"href":"https:\/\/ww2.museosantacruz.org\/index.php?rest_route=%2Fwp%2Fv2%2Fmedia&parent=1490"}],"curies":[{"name":"wp","href":"https:\/\/api.w.org\/{rel}","templated":true}]}}