{"id":1531,"date":"2015-04-20T12:34:50","date_gmt":"2015-04-20T12:34:50","guid":{"rendered":"http:\/\/ww2.museosantacruz.org\/?page_id=1531"},"modified":"2015-04-28T14:12:05","modified_gmt":"2015-04-28T14:12:05","slug":"del-humor-en-la-prensa-por-santiago-almarza-caballero-2008","status":"publish","type":"page","link":"https:\/\/ww2.museosantacruz.org\/?page_id=1531","title":{"rendered":"Del humor en la prensa, por Santiago Almarza Caballero (2008)"},"content":{"rendered":"<p><nav aria-label=\"breadcrumbs\">\n            <div class=\"breadcrumb-container theme4\">\n                <ol>\n                                    <\/ol>\n            <\/div>\n        <\/nav>    <script type=\"application\/ld+json\">\n        {\n            \"@context\": \"http:\/\/schema.org\",\n            \"@type\": \"BreadcrumbList\",\n            \"itemListElement\": [\n                            ]\n        }\n    <\/script>\n    <style type=\"text\/css\">\n        .breadcrumb-container {\n            font-size: 13px;\n        }\n\n        .breadcrumb-container ul {\n            margin: 0;\n            padding: 0;\n        }\n\n        .breadcrumb-container li {\n            box-sizing: unset;\n            display: inline-block;\n            margin: 0;\n            padding: 0;\n        }\n\n        .breadcrumb-container li a {\n            box-sizing: unset;\n            padding: 0 10px;\n        }\n\n        .breadcrumb-container {\n            font-size: 12px !important;\n                    }\n\n        .breadcrumb-container li a {\n            color: #301400 !important;\n            font-size: 12px !important;\n            line-height: 12px !important;\n                    }\n\n        .breadcrumb-container li .separator {\n            color: #000000 !important;\n            font-size: 12px !important;\n                    }\n\n        .breadcrumb-container li:last-child .separator {\n            display: none;\n        }\n    <\/style>\n    <style type=\"text\/css\">\n\n        .breadcrumb-container.theme4 li {\n            display: inline-block;\n            margin: 0 14px;\n            padding: 0;\n        }\n\n        .breadcrumb-container.theme4 a {\n            background: #ddb57a;\n            color: rgb(102, 102, 102);\n            display: inline-block;\n            font-size: 14px;\n            height: 16px;\n            margin: 0;\n            padding: 5px 10px;\n            text-decoration: none;\n            position:relative;\n        }\n\n\n        .breadcrumb-container.theme4 a::after {\n            -moz-border-bottom-colors: none;\n            -moz-border-left-colors: none;\n            -moz-border-right-colors: none;\n            -moz-border-top-colors: none;\n            border-color: rgba(0, 0, 0, 0) rgba(0, 0, 0, 0) rgba(0, 0, 0, 0) #ddb57a;\n            border-image: none;\n            border-style: solid;\n            border-width: 13px;\n            content: \" \";\n            display: inline-block;\n            height: 0;\n            line-height: 0;\n            position: absolute;\n            right: -26px;\n            top: 0;\n            width: 0;\n        }\n\n        .breadcrumb-container.theme4 .separator {\n            display: none;\n        }\n    <\/style>\n        <style type=\"text\/css\">\n        .breadcrumb-container{}\r\n.breadcrumb-container ul{}\r\n.breadcrumb-container li{}\r\n.breadcrumb-container a{}\r\n.breadcrumb-container .separator{}\r\n    <\/style>\n    <script>\n            <\/script>\n<img loading=\"lazy\" decoding=\"async\" class=\" size-full wp-image-1536 alignright\" src=\"http:\/\/ww2.museosantacruz.org\/wp-content\/uploads\/2015\/04\/almarzafirma.gif\" alt=\"almarzafirma\" width=\"291\" height=\"265\" \/>Asociaci\u00f3n Cultural Amigos del Museo Etnol\u00f3gico Santa Cruz de la Zarza con la Colaboraci\u00f3n del<strong> Ayuntamiento de Santa Cruz de la Zarza<\/strong><\/p>\n<p><span style=\"text-decoration: underline; color: #800000;\"><strong>A modo de introducci\u00f3n<\/strong><\/span><\/p>\n<p><em>Desde peque\u00f1a he visto a mi padre con un l\u00e1piz en la mano. Recuerdo cuando trabaj<\/em><em>aba para Estudios Moro y Hanna Barber\u00e1 en la realizaci\u00f3n de dibujos animados. A m\u00ed, que tanto me gustaba ver en la tele \u201cla Familia Teler\u00edn\u201d y \u201cLos Picapiedra\u201d, era un aut\u00e9ntico lujo observar c\u00f3mo laboriosamente dibujaba, una a una, las miles de escenas que son necesarias (25 por segundo); un dominio infinito\u00a0 del l\u00e1piz y\u00a0 de la paciencia. Todo esto lo he vivido con verdadera naturalidad, pues as\u00ed me lo han hecho sentir siempre en casa. Sin darle la menor importancia. <\/em><\/p>\n<p><em>Ahora, al encontrarme con todas estas caricaturas, vi\u00f1etas, ilustraciones y dibujos publicados en prensa, me abruma y enorgullece pensar que han sido creadas por alguien tan\u00a0 querido y cercano a m\u00ed. En ellos podemos encontrar dosis de iron\u00eda, ternura, imaginaci\u00f3n, talento, tolerancia\u2026 y HUMOR, mucho humor. <\/em><\/p>\n<p><em>Mi padre cuenta con numerosos galardones y premios en su vida profesional, pero estoy segura que esta exposici\u00f3n hecha en y por su pueblo, tendr\u00e1 una especial significaci\u00f3n para \u00e9l. Gracias por ello. <\/em><\/p>\n<p><em>\u00a0\u00a0\u00a0\u00a0\u00a0\u00a0\u00a0\u00a0\u00a0\u00a0 Nieves. Julio 2008.<\/em><\/p>\n<p><span style=\"color: #800000;\"><strong><span style=\"text-decoration: underline;\"> La Exposici\u00f3n \u201cEl humor en la Prensa por Santiago Almarza<\/span>\u201d<\/strong><\/span> es una antolog\u00eda del humor gr\u00e1fico y la caricatura.<\/p>\n<p><img loading=\"lazy\" decoding=\"async\" class=\" size-full wp-image-1535 alignleft\" src=\"http:\/\/ww2.museosantacruz.org\/wp-content\/uploads\/2015\/04\/almarzapag2.gif\" alt=\"almarzapag2\" width=\"236\" height=\"196\" \/>Decir Humor Gr\u00e1fico es decir vi\u00f1eta. Solemos decir que \u201cM\u00e1s vale una imagen que mil palabras\u201d. Una vi\u00f1eta humor\u00edstica suele plasmar en segundos un mensaje que si tuviese que ser escrito llevar\u00eda m\u00e1s de un p\u00e1rrafo. Las vi\u00f1etas de Almarza son impactantes tan solo verlas y su mensaje se transmite r\u00e1pidamente. Da igual cual sea la tem\u00e1tica. Los personajes representados nos trasladan un mensaje que adem\u00e1s de hacernos re\u00edr, nos dejan una\u00a0 reflexi\u00f3n.<\/p>\n<p>Muchas veces o\u00edmos eso de \u201c\u00bfhas visto la vi\u00f1eta de de tal diario?\u201d. Los art\u00edculos de opini\u00f3n ocupando m\u00e1s galerada en ese diario no tienen tan profunda transmisi\u00f3n como una peque\u00f1a vi\u00f1eta. Con Santiago Almarzo no hay l\u00edmite a la reflexi\u00f3n y sonrisa, ya sea cuando toca temas pol\u00edticos, sociales, econ\u00f3micos, deportivos o de la tem\u00e1tica que sean.<\/p>\n<p>Santiago Almarza, adem\u00e1s de hacernos sonre\u00edr, nos hace reflexionar. A eso se le llama ser un buen Humorista Grafico.<\/p>\n<p>A\u00f1adamos a la imaginaci\u00f3n y creatividad de Santiago Almarza la calidad de sus trabajos. No suele ser normal que la genialidad del mensaje suela estar unido con calidad pict\u00f3rica. Almarza es un compendio de todo: Domina con soltura asombrosa la caricatura, que decir de sus trabajos con pinceles y acuarelas de paisajes. Por tanto en sus vi\u00f1etas se une el mensaje a una gran calidad art\u00edstica. Qu\u00e9 m\u00e1s puede pedir el lector.<\/p>\n<p><img loading=\"lazy\" decoding=\"async\" class=\"alignright size-full wp-image-1534\" src=\"http:\/\/ww2.museosantacruz.org\/wp-content\/uploads\/2015\/04\/almarzapag1.gif\" alt=\"almarzapag1\" width=\"200\" height=\"155\" \/>El humano dispone de cinco sentidos. Sin\u00a0 alguno de ellos pese a sus dificultades puede tener una vida placentera. Pero si el humano carece del sexto sentido m\u00e1s importante: El del Humor, de seguro que su vida no ser\u00e1 tan placentera y feliz.<\/p>\n<p>Por tanto, la Exposici\u00f3n \u201cEl humor en la Prensa por Santiago Almarza\u201d, aparte de poder conocer m\u00e1s profundamente sus trabajos, es una muy buena ocasi\u00f3n para\u00a0 disfrutar y sonre\u00edr.<\/p>\n<p>Gracias Santiago por hacernos re\u00edr.<\/p>\n<p><em>Amigos del Museo Etnol\u00f3gico<\/em><\/p>\n<p><span style=\"text-decoration: underline; color: #800000;\"><strong><img loading=\"lazy\" decoding=\"async\" class=\"alignright size-full wp-image-1533\" src=\"http:\/\/ww2.museosantacruz.org\/wp-content\/uploads\/2015\/04\/almarzacaric.jpg\" alt=\"almarzacaric\" width=\"145\" height=\"179\" \/>Santiago Almarza Caballero: (1931) Santa Cruz de la Zarza<\/strong><\/span><\/p>\n<p>Humorista gr\u00e1fico y caricaturista. Es uno de los grandes del humorismo gr\u00e1fico de Espa\u00f1a, con varios premios internacionales y nacionales entre los 1\u00ba Elda, 2 Paletas Agrom\u00e1n, y acc\u00e9sits; Canad\u00e1, Toronto; Certamen del Humor Villa de Madrid (2000); Olimpiadas del Humor, Valencia, \u201cEn Jaque\u201d RTVE; Premio Notario del Humor (2004).<\/p>\n<p>Ha trabajado en diversas facetas tales como dibujos animados, ilustraci\u00f3n, publicidad, escaparates, diarios, revistas, caricatura personal, etc. y ha colaborado con varias publicaciones, como La Codorniz, El Cocodrilo Leopoldo, Don Jos\u00e9, La Golondriz, MAS y ABC, YA, El Alc\u00e1zar, Cuadernos de Humor, Marca, etc\u00e9tera.<\/p>\n","protected":false},"excerpt":{"rendered":"<p>Asociaci\u00f3n Cultural Amigos del Museo Etnol\u00f3gico Santa Cruz de la Zarza con la Colaboraci\u00f3n del Ayuntamiento de Santa Cruz de la Zarza A modo de introducci\u00f3n Desde peque\u00f1a he visto a mi padre con un l\u00e1piz en la mano. Recuerdo cuando trabajaba para Estudios Moro y Hanna Barber\u00e1 en la&#8230; <a class=\"continue-reading-link\" href=\"https:\/\/ww2.museosantacruz.org\/?page_id=1531\">Continue reading<\/a><\/p>\n","protected":false},"author":1,"featured_media":0,"parent":24,"menu_order":0,"comment_status":"closed","ping_status":"open","template":"template-full-width.php","meta":{"footnotes":""},"class_list":["post-1531","page","type-page","status-publish","hentry"],"_links":{"self":[{"href":"https:\/\/ww2.museosantacruz.org\/index.php?rest_route=\/wp\/v2\/pages\/1531","targetHints":{"allow":["GET"]}}],"collection":[{"href":"https:\/\/ww2.museosantacruz.org\/index.php?rest_route=\/wp\/v2\/pages"}],"about":[{"href":"https:\/\/ww2.museosantacruz.org\/index.php?rest_route=\/wp\/v2\/types\/page"}],"author":[{"embeddable":true,"href":"https:\/\/ww2.museosantacruz.org\/index.php?rest_route=\/wp\/v2\/users\/1"}],"replies":[{"embeddable":true,"href":"https:\/\/ww2.museosantacruz.org\/index.php?rest_route=%2Fwp%2Fv2%2Fcomments&post=1531"}],"version-history":[{"count":4,"href":"https:\/\/ww2.museosantacruz.org\/index.php?rest_route=\/wp\/v2\/pages\/1531\/revisions"}],"predecessor-version":[{"id":1677,"href":"https:\/\/ww2.museosantacruz.org\/index.php?rest_route=\/wp\/v2\/pages\/1531\/revisions\/1677"}],"up":[{"embeddable":true,"href":"https:\/\/ww2.museosantacruz.org\/index.php?rest_route=\/wp\/v2\/pages\/24"}],"wp:attachment":[{"href":"https:\/\/ww2.museosantacruz.org\/index.php?rest_route=%2Fwp%2Fv2%2Fmedia&parent=1531"}],"curies":[{"name":"wp","href":"https:\/\/api.w.org\/{rel}","templated":true}]}}