{"id":1542,"date":"2015-04-20T12:57:13","date_gmt":"2015-04-20T12:57:13","guid":{"rendered":"http:\/\/ww2.museosantacruz.org\/?page_id=1542"},"modified":"2020-09-14T13:27:50","modified_gmt":"2020-09-14T11:27:50","slug":"enlaces","status":"publish","type":"page","link":"https:\/\/ww2.museosantacruz.org\/?page_id=1542","title":{"rendered":"M\u00e1s&#8230;"},"content":{"rendered":"<p><nav aria-label=\"breadcrumbs\">\n            <div class=\"breadcrumb-container theme4\">\n                <ol>\n                                    <\/ol>\n            <\/div>\n        <\/nav>    <script type=\"application\/ld+json\">\n        {\n            \"@context\": \"http:\/\/schema.org\",\n            \"@type\": \"BreadcrumbList\",\n            \"itemListElement\": [\n                            ]\n        }\n    <\/script>\n    <style type=\"text\/css\">\n        .breadcrumb-container {\n            font-size: 13px;\n        }\n\n        .breadcrumb-container ul {\n            margin: 0;\n            padding: 0;\n        }\n\n        .breadcrumb-container li {\n            box-sizing: unset;\n            display: inline-block;\n            margin: 0;\n            padding: 0;\n        }\n\n        .breadcrumb-container li a {\n            box-sizing: unset;\n            padding: 0 10px;\n        }\n\n        .breadcrumb-container {\n            font-size: 12px !important;\n                    }\n\n        .breadcrumb-container li a {\n            color: #301400 !important;\n            font-size: 12px !important;\n            line-height: 12px !important;\n                    }\n\n        .breadcrumb-container li .separator {\n            color: #000000 !important;\n            font-size: 12px !important;\n                    }\n\n        .breadcrumb-container li:last-child .separator {\n            display: none;\n        }\n    <\/style>\n    <style type=\"text\/css\">\n\n        .breadcrumb-container.theme4 li {\n            display: inline-block;\n            margin: 0 14px;\n            padding: 0;\n        }\n\n        .breadcrumb-container.theme4 a {\n            background: #ddb57a;\n            color: rgb(102, 102, 102);\n            display: inline-block;\n            font-size: 14px;\n            height: 16px;\n            margin: 0;\n            padding: 5px 10px;\n            text-decoration: none;\n            position:relative;\n        }\n\n\n        .breadcrumb-container.theme4 a::after {\n            -moz-border-bottom-colors: none;\n            -moz-border-left-colors: none;\n            -moz-border-right-colors: none;\n            -moz-border-top-colors: none;\n            border-color: rgba(0, 0, 0, 0) rgba(0, 0, 0, 0) rgba(0, 0, 0, 0) #ddb57a;\n            border-image: none;\n            border-style: solid;\n            border-width: 13px;\n            content: \" \";\n            display: inline-block;\n            height: 0;\n            line-height: 0;\n            position: absolute;\n            right: -26px;\n            top: 0;\n            width: 0;\n        }\n\n        .breadcrumb-container.theme4 .separator {\n            display: none;\n        }\n    <\/style>\n        <style type=\"text\/css\">\n        .breadcrumb-container{}\r\n.breadcrumb-container ul{}\r\n.breadcrumb-container li{}\r\n.breadcrumb-container a{}\r\n.breadcrumb-container .separator{}\r\n    <\/style>\n    <script>\n            <\/script>\n<strong><span style=\"color: #800000; font-family: Arial;\">M\u00e1s sobre nuestra p\u00e1gina. Y algunos enlaces&#8230;<\/span><\/strong><\/p>\n<p>Nuestra p\u00e1gina web est\u00e1 alojada en un servidor de pago, sin publicidad y sin l\u00edmite de datos de almacenamiento o de tr\u00e1fico.<\/p>\n<p>Adem\u00e1s de esta p\u00e1gina y dominio principal (www.museosantacruz.org), administrada con WordPress, disponemos de otros subportales y\/o subdominios para alojar contenidos espec\u00edficos:<\/p>\n<ol>\n<li><a href=\"https:\/\/ww2.museosantacruz.org\/?page_id=51\"><strong>Archivo Digital<\/strong><\/a><br \/>\nUna colecci\u00f3n de documentos indexados sobre nuestro pueblo (<strong>399 documentos y 1.936 p\u00e1ginas), <\/strong>con \u00edndices de acceso por <strong><a href=\"http:\/\/ww2.museosantacruz.org\/?page_id=860\">Autores<\/a><\/strong>, <strong><a href=\"http:\/\/ww2.museosantacruz.org\/?page_id=915\">Materias<\/a> <\/strong>y <strong><a href=\"http:\/\/ww2.museosantacruz.org\/?page_id=918\">Fuentes de publicaci\u00f3n<\/a><\/strong>. Documentos completos descargables en formato PDF.<\/li>\n<li><a href=\"https:\/\/www.museosantacruz.org\/PRIVILEGIOS\/\"><strong>Libro de Privilegios.<\/strong><\/a><br \/>\nEdici\u00f3n web, a partir de la edici\u00f3n digital en DVD del libro de los <strong>\u201cPrivilegios de la villa de Santa Cruz de la Zarza\u201d<\/strong>, sin duda el documento hist\u00f3rico m\u00e1s importante y relevante de la historia de Santa Cruz desde su fundaci\u00f3n como villa.<\/li>\n<li><a href=\"https:\/\/fototeca.museosantacruz.org\/\"><strong>Fototeca<\/strong><\/a><br \/>\nSubdominio del Archivo Fotogr\u00e1fico del pueblo (<strong>1.830 fotograf\u00edas), <\/strong>organizado por \u00e1lbumes y sub\u00e1lbumes, con etiquetas de a\u00f1os y temas y la posibilidad de b\u00fasqueda en texto libre en los t\u00edtulos, leyendas y descripciones de las fotos. Se trata de una colecci\u00f3n \u00fanica y muy visitada, que estamos ampliando casi diariamente con el \u00abFondo C\u00e9sar S\u00e1nchez\u00bb, gracias a la generosidad de Delf\u00edn S\u00e1nchez.<br \/>\nNota: Debido a un problema de \u00abobsolescencia\u00bb (futura eliminaci\u00f3n, en diciembre de 2020, del soporte de FlashPlayer en Windows), estamos preparando la migraci\u00f3n de toda la fototeca a otra plataforma, para asegurarnos de que no perderemos ning\u00fan dato y de que la nueva versi\u00f3n estar\u00e1 disponible antes de esa fecha.<\/li>\n<li><a href=\"http:\/\/santaqruz.org\/\" target=\"_blank\" rel=\"noopener noreferrer\"><strong>SantaQR-uz<\/strong><\/a><strong><br \/>\n<\/strong>Subdominio experimental de una gu\u00eda virtual por nuestro pueblo, por sus sitios, su patrimonio, su cultura y su historia, utilizando peque\u00f1as etiquetas QR din\u00e1micas que se situar\u00edan en diferentes\u00a0 lugares del municipio. Las primeras pruebas -muy limitadas- funcionaron muy bien. Nos gustar\u00eda ampliar los contenidos de la gu\u00eda, pero ello s\u00f3lo ser\u00e1 posible con la participaci\u00f3n de voluntarios y alg\u00fan apoyo material por parte de las autoridades de Santa Cruz.<\/li>\n<\/ol>\n<p><strong><span style=\"color: #800000; font-family: Arial;\">Enlaces\u00a0<\/span><\/strong><\/p>\n<ol>\n<li><a href=\"https:\/\/www.facebook.com\/No-me-cuentes-historias-299364487601743\/\" target=\"_blank\" rel=\"noopener noreferrer\">Programa de radio \u00abNo me cuentes historias\u00bb<\/a>\u00a0(Ondaplana). O c\u00f3mo aprender historia de nuestro pueblo (y m\u00e1s) de una manera \u00e1gil y divertida.<\/li>\n<li><span style=\"font-family: Arial; font-size: small;\"><a href=\"http:\/\/es.wikipedia.org\/wiki\/Santa_Cruz_de_la_Zarza\" target=\"_blank\" rel=\"noopener noreferrer\">P\u00e1gina de Santa Cruz en Wikipedia<\/a>, por <i><span style=\"text-decoration: underline;\">Obelix<\/span> <\/i>y colaboradores an\u00f3nimos<\/span><\/li>\n<li><span style=\"font-family: Arial; font-size: small;\"><a href=\"http:\/\/www.santacruzdelazarza.es\" target=\"_blank\" rel=\"noopener noreferrer\">Ayuntamiento de Santa Cruz de la Zarza<\/a><br \/>\n<\/span><\/li>\n<li><span style=\"font-family: Arial; font-size: small;\"><a href=\"http:\/\/www.ondaplanasantacruz.es\" target=\"_blank\" rel=\"noopener noreferrer\">Onda Plana Santa Cruz<\/a>,\u00a0la emisora de radio de Santa Cruz de la Zarza (Toledo)<br \/>\n<\/span><\/li>\n<li><span style=\"font-size: small;\"><a href=\"http:\/\/asociacionmusicallafilarmonica.es\/\" target=\"_blank\" rel=\"noopener noreferrer\"><span style=\"color: #0000ff; font-size: small;\">P\u00e1gina de la Banda de M\u00fasica \u00abLa Fil\u00e1rmonica\u00bb<\/span><\/a><\/span><\/li>\n<li><span style=\"font-family: Arial;\"><span style=\"font-size: small;\"><a href=\"https:\/\/www.youtube.com\/channel\/UCcT2mOs3h0WmM702uDrCtlA\" target=\"_blank\" rel=\"noopener noreferrer\">Canal de Grosan TV en Youtube<\/a><\/span><\/span><\/li>\n<li><span style=\"font-family: Arial;\"><span style=\"font-size: small;\"><a href=\"https:\/\/play.google.com\/store\/apps\/details?id=com.spm.santaquizzarza&amp;hl=es_419\" target=\"_blank\" rel=\"noopener noreferrer\">\u00abSanta Quiz de la Zarza\u00bb<\/a>, aplicaci\u00f3n gratuita desarrollada por Sergio Piqueras\u00a0<\/span><\/span><\/li>\n<\/ol>\n","protected":false},"excerpt":{"rendered":"<p>M\u00e1s sobre nuestra p\u00e1gina. Y algunos enlaces&#8230; Nuestra p\u00e1gina web est\u00e1 alojada en un servidor de pago, sin publicidad y sin l\u00edmite de datos de almacenamiento o de tr\u00e1fico. Adem\u00e1s de esta p\u00e1gina y dominio principal (www.museosantacruz.org), administrada con WordPress, disponemos de otros subportales y\/o subdominios para alojar contenidos espec\u00edficos:&#8230; <a class=\"continue-reading-link\" href=\"https:\/\/ww2.museosantacruz.org\/?page_id=1542\">Continue reading<\/a><\/p>\n","protected":false},"author":1,"featured_media":0,"parent":0,"menu_order":10,"comment_status":"closed","ping_status":"open","template":"","meta":{"footnotes":""},"class_list":["post-1542","page","type-page","status-publish","hentry"],"_links":{"self":[{"href":"https:\/\/ww2.museosantacruz.org\/index.php?rest_route=\/wp\/v2\/pages\/1542","targetHints":{"allow":["GET"]}}],"collection":[{"href":"https:\/\/ww2.museosantacruz.org\/index.php?rest_route=\/wp\/v2\/pages"}],"about":[{"href":"https:\/\/ww2.museosantacruz.org\/index.php?rest_route=\/wp\/v2\/types\/page"}],"author":[{"embeddable":true,"href":"https:\/\/ww2.museosantacruz.org\/index.php?rest_route=\/wp\/v2\/users\/1"}],"replies":[{"embeddable":true,"href":"https:\/\/ww2.museosantacruz.org\/index.php?rest_route=%2Fwp%2Fv2%2Fcomments&post=1542"}],"version-history":[{"count":16,"href":"https:\/\/ww2.museosantacruz.org\/index.php?rest_route=\/wp\/v2\/pages\/1542\/revisions"}],"predecessor-version":[{"id":2666,"href":"https:\/\/ww2.museosantacruz.org\/index.php?rest_route=\/wp\/v2\/pages\/1542\/revisions\/2666"}],"wp:attachment":[{"href":"https:\/\/ww2.museosantacruz.org\/index.php?rest_route=%2Fwp%2Fv2%2Fmedia&parent=1542"}],"curies":[{"name":"wp","href":"https:\/\/api.w.org\/{rel}","templated":true}]}}