{"id":1811,"date":"2015-08-07T11:52:10","date_gmt":"2015-08-07T11:52:10","guid":{"rendered":"http:\/\/ww2.museosantacruz.org\/?page_id=1811"},"modified":"2015-08-13T16:07:54","modified_gmt":"2015-08-13T16:07:54","slug":"banda-de-musica","status":"publish","type":"page","link":"https:\/\/ww2.museosantacruz.org\/?page_id=1811","title":{"rendered":"Banda de M\u00fasica"},"content":{"rendered":"<nav aria-label=\"breadcrumbs\">\n            <div class=\"breadcrumb-container theme4\">\n                <ol>\n                                    <\/ol>\n            <\/div>\n        <\/nav>    <script type=\"application\/ld+json\">\n        {\n            \"@context\": \"http:\/\/schema.org\",\n            \"@type\": \"BreadcrumbList\",\n            \"itemListElement\": [\n                            ]\n        }\n    <\/script>\n    <style type=\"text\/css\">\n        .breadcrumb-container {\n            font-size: 13px;\n        }\n\n        .breadcrumb-container ul {\n            margin: 0;\n            padding: 0;\n        }\n\n        .breadcrumb-container li {\n            box-sizing: unset;\n            display: inline-block;\n            margin: 0;\n            padding: 0;\n        }\n\n        .breadcrumb-container li a {\n            box-sizing: unset;\n            padding: 0 10px;\n        }\n\n        .breadcrumb-container {\n            font-size: 12px !important;\n                    }\n\n        .breadcrumb-container li a {\n            color: #301400 !important;\n            font-size: 12px !important;\n            line-height: 12px !important;\n                    }\n\n        .breadcrumb-container li .separator {\n            color: #000000 !important;\n            font-size: 12px !important;\n                    }\n\n        .breadcrumb-container li:last-child .separator {\n            display: none;\n        }\n    <\/style>\n    <style type=\"text\/css\">\n\n        .breadcrumb-container.theme4 li {\n            display: inline-block;\n            margin: 0 14px;\n            padding: 0;\n        }\n\n        .breadcrumb-container.theme4 a {\n            background: #ddb57a;\n            color: rgb(102, 102, 102);\n            display: inline-block;\n            font-size: 14px;\n            height: 16px;\n            margin: 0;\n            padding: 5px 10px;\n            text-decoration: none;\n            position:relative;\n        }\n\n\n        .breadcrumb-container.theme4 a::after {\n            -moz-border-bottom-colors: none;\n            -moz-border-left-colors: none;\n            -moz-border-right-colors: none;\n            -moz-border-top-colors: none;\n            border-color: rgba(0, 0, 0, 0) rgba(0, 0, 0, 0) rgba(0, 0, 0, 0) #ddb57a;\n            border-image: none;\n            border-style: solid;\n            border-width: 13px;\n            content: \" \";\n            display: inline-block;\n            height: 0;\n            line-height: 0;\n            position: absolute;\n            right: -26px;\n            top: 0;\n            width: 0;\n        }\n\n        .breadcrumb-container.theme4 .separator {\n            display: none;\n        }\n    <\/style>\n        <style type=\"text\/css\">\n        .breadcrumb-container{}\r\n.breadcrumb-container ul{}\r\n.breadcrumb-container li{}\r\n.breadcrumb-container a{}\r\n.breadcrumb-container .separator{}\r\n    <\/style>\n    <script>\n            <\/script>\n\n<h3><span style=\"color: #800000;\">Historia<\/span><\/h3>\n<div id=\"attachment_1759\" style=\"width: 310px\" class=\"wp-caption alignright\"><a href=\"http:\/\/ww2.museosantacruz.org\/wp-content\/uploads\/2015\/08\/Banda_1933.jpg\"><img loading=\"lazy\" decoding=\"async\" aria-describedby=\"caption-attachment-1759\" class=\"size-medium wp-image-1759\" src=\"http:\/\/ww2.museosantacruz.org\/wp-content\/uploads\/2015\/08\/Banda_1933-300x211.jpg\" alt=\"\u00abLa M\u00fasica Vieja\u00bb, Virgen de la Paz en el Pozo Seco, 1933. Gregorio Lopez, Graciano de Andr\u00e9s, Caridad Trigo, Adolfo Garc\u00eda, Valeriana Oteros, Domingo \u00abEl Molinero\u00bb, Marino Palacios, Melit\u00f3n Gallo, Le\u00f3n Belinch\u00f3n, Valeria Oteros (hijo), Santiago Escamilla,  Florencio Escamilla, Daniel \u00abel de la Luz\u00bb, Telesforo \u00abEl Rano\u00bb, Angel S\u00e1nchez \u00abCotana\u00bb, Anastasia Gallo, Casildo Belinch\u00f3n, Ismael Trigo, Francisco Trigo \u00abTraviesa\u00bb, Paco \u00abel del Bombo\u00bb y Tom\u00e1s \u00abPu\u00f1ema el Sacrist\u00e1n\u00bb.\" width=\"300\" height=\"211\" srcset=\"https:\/\/ww2.museosantacruz.org\/wp-content\/uploads\/2015\/08\/Banda_1933-300x211.jpg 300w, https:\/\/ww2.museosantacruz.org\/wp-content\/uploads\/2015\/08\/Banda_1933-1024x721.jpg 1024w, https:\/\/ww2.museosantacruz.org\/wp-content\/uploads\/2015\/08\/Banda_1933.jpg 1097w\" sizes=\"auto, (max-width: 300px) 100vw, 300px\" \/><\/a><p id=\"caption-attachment-1759\" class=\"wp-caption-text\">\u00abLa M\u00fasica Vieja\u00bb, Virgen de la Paz en el Pozo Seco, 1933. Gregorio Lopez, Graciano de Andr\u00e9s, Caridad Trigo, Adolfo Garc\u00eda, Valeriana Oteros, Domingo \u00abEl Molinero\u00bb, Marino Palacios, Melit\u00f3n Gallo, Le\u00f3n Belinch\u00f3n, Valeria Oteros (hijo), Santiago Escamilla, Florencio Escamilla, Daniel \u00abel de la Luz\u00bb, Telesforo \u00abEl Rano\u00bb, Angel S\u00e1nchez \u00abCotana\u00bb, Anastasia Gallo, Casildo Belinch\u00f3n, Ismael Trigo, Francisco Trigo \u00abTraviesa\u00bb, Paco \u00abel del Bombo\u00bb y Tom\u00e1s \u00abPu\u00f1ema el Sacrist\u00e1n\u00bb.<\/p><\/div>\n<p>La Banda de M\u00fasica \u00abLa Filarm\u00f3nica\u00bb tiene su antecedente m\u00e1s remoto en la denominada <strong>Banda de M\u00fasica \u00abVieja<\/strong>\u00ab, fundada en Mayo de 1877. Su primera actuaci\u00f3n tuvo lugar con motivo de la Procesi\u00f3n y Romer\u00eda de la Virgen de la Paz de dicho a\u00f1o. Su fundador y primer director fue D. Ram\u00f3n Gimeno, que la mantuvo a cargo hasta 1886, a quien sucedieron:<\/p>\n<ul>\n<li>1886\/1890 D. Pedro Ort\u00edz<\/li>\n<li>1890\/1892 D. Juan Rubio<\/li>\n<li>1892\/1902 D. Eduardo Rivas<\/li>\n<li>1902\/1922 D. Abel Rivas<\/li>\n<li>1922\/1923 D. Antonio Ruiz<\/li>\n<li>1923\/1936 D. Melit\u00f3n Gallo<\/li>\n<\/ul>\n<div id=\"attachment_1752\" style=\"width: 310px\" class=\"wp-caption alignleft\"><a href=\"http:\/\/ww2.museosantacruz.org\/wp-content\/uploads\/2015\/08\/bandanueva1914.jpg\"><img loading=\"lazy\" decoding=\"async\" aria-describedby=\"caption-attachment-1752\" class=\"size-medium wp-image-1752\" src=\"http:\/\/ww2.museosantacruz.org\/wp-content\/uploads\/2015\/08\/bandanueva1914-300x202.jpg\" alt=\"La Banda Nueva. A\u00f1o 1917. Entre otros, se ha podido localizar a: Adolfo Garcia Mochales (Director),  Adolfo y Bernab\u00e9 Garcia de la Cruz, Benjam\u00edn Garcia-Cuenca Lopez, Antonio Rui; (Director de teatro),  Antonio Garcia Cuenca, Tirso Abril Garcia, Melquiades Garcia Cuenca, Marcelino Fern\u00e1ndez y Tom\u00e1s Abril.\" width=\"300\" height=\"202\" srcset=\"https:\/\/ww2.museosantacruz.org\/wp-content\/uploads\/2015\/08\/bandanueva1914-300x202.jpg 300w, https:\/\/ww2.museosantacruz.org\/wp-content\/uploads\/2015\/08\/bandanueva1914-1024x689.jpg 1024w, https:\/\/ww2.museosantacruz.org\/wp-content\/uploads\/2015\/08\/bandanueva1914-120x80.jpg 120w, https:\/\/ww2.museosantacruz.org\/wp-content\/uploads\/2015\/08\/bandanueva1914.jpg 1558w\" sizes=\"auto, (max-width: 300px) 100vw, 300px\" \/><\/a><p id=\"caption-attachment-1752\" class=\"wp-caption-text\">La Banda Nueva. A\u00f1o 1917. Entre otros, se ha podido localizar a: Adolfo Garcia Mochales (Director), Adolfo y Bernab\u00e9 Garcia de la Cruz, Benjam\u00edn Garcia-Cuenca Lopez, Antonio Rui; (Director de teatro), Antonio Garcia Cuenca, Tirso Abril Garcia, Melquiades Garcia Cuenca, Marcelino Fern\u00e1ndez y Tom\u00e1s Abril.<\/p><\/div>\n<p>En 1892 se funda otra banda de m\u00fasica, la de <strong>\u00abM\u00fasica Nueva\u00bb<\/strong>, por iniciativa de la \u00abAsociaci\u00f3n de\u00a0 Amigos del Arte, M\u00fasica y Teatro\u00bb: D. Constantino Bertol\u00edn, D. Adolfo Garc\u00eda-Mochales Garc\u00eda, D. Te\u00f3filo Bertol\u00edn, D. Canuto Fern\u00e1ndez, D. Melquades Garc\u00eda-Cuenca, D. Valent\u00edn Arias, D. Jos\u00e9 Albares, D. Claudio Rodriguez y D. Juan Mart\u00ednez L\u00e1zaro, entre otros.<\/p>\n<p>Esta banda tuvo como sucesivos directores a:<\/p>\n<ul>\n<li>1892\/1900 D. Constantino Bertol\u00edn.<\/li>\n<li>1900\/1923 D. Adolfo Garc\u00eda-Mochales<\/li>\n<li>1923\/1925 D. Godofredo Gil Garc\u00eda<\/li>\n<li>1925\/1931 D. Lucio Horcajada<\/li>\n<li>1931\/1936 D. Isidoro C\u00e1mara<\/li>\n<\/ul>\n<p>Mientras convivieron las dos Bandas, prevaleci\u00f3 una cierta rivalidad y enemistad entre ambas por los diferentes simpatizantes pol\u00edticos con los que contaban cada una de ellas, hasta que en 1917 se reconciliaron, lo que signific\u00f3 un gran acontecimiento y celebraci\u00f3n en todo en el pueblo. A partir de ese a\u00f1o, ambas bandas actuaron juntas y por turnos en las funciones de Teatro y en los famosos \u00abBailes de Carnaval\u00bb que se daban en \u00abla Tercia\u00bb, participando igualmente en las fiestas locales y celebraci\u00f3n de la patrona \u00abSanta Cecilia\u00bb.<\/p>\n<p>La actividad de las dos bandas se vio interrumpida durante la Guerra Civil. Finalizada la guerra, en 1939 se constituye la <strong>Banda \u00abLa Filarm\u00f3nica\u00bb<\/strong>, con m\u00fasicos procedentes de ambas bandas, bajo la batuta de los siguientes directores:<a href=\"http:\/\/ww2.museosantacruz.org\/wp-content\/uploads\/2015\/08\/Banda_1940.jpg\"><img loading=\"lazy\" decoding=\"async\" class=\"size-medium wp-image-1761 alignright\" src=\"http:\/\/ww2.museosantacruz.org\/wp-content\/uploads\/2015\/08\/Banda_1940-300x210.jpg\" alt=\"La Banda, a\u00f1os 1940: Director Melit\u00f3n Gallo, Gregorio L\u00f3pez, Pedro Oteros, Primitivo, Florencio Escamilla, Emilio Fern\u00e1ndez &quot;Lagarto&quot;, Ignacio Loriente, Juli\u00e1n Reyes, Tom\u00e1s Garc\u00eda, Juli\u00e1n Esteban, Caridad Trigo, Graciano de Andr\u00e9s, Jos\u00e9 Pav\u00f3n, Manuel Mu\u00f1oz, Adolfo Garda, Avelino Tngo, Joaqu\u00edn Arias, Librado Rodr\u00edguez hijo, Librado Rodr\u00edguez padre, Herminio S\u00e1nchez, Miguel Santos, Joaqu\u00edn Loriente, Le\u00f3n Belinch\u00f3n, Juli\u00e1n Torrijos, Santiago Torrijos.\" width=\"300\" height=\"210\" srcset=\"https:\/\/ww2.museosantacruz.org\/wp-content\/uploads\/2015\/08\/Banda_1940-300x210.jpg 300w, https:\/\/ww2.museosantacruz.org\/wp-content\/uploads\/2015\/08\/Banda_1940-1024x715.jpg 1024w, https:\/\/ww2.museosantacruz.org\/wp-content\/uploads\/2015\/08\/Banda_1940.jpg 1263w\" sizes=\"auto, (max-width: 300px) 100vw, 300px\" \/><\/a><\/p>\n<ul>\n<li>1939\/1945 D. Melit\u00f3n Gallo C\u00e1mara<\/li>\n<li>1945\/1956 D. Adolfo Garc\u00eda de la Cruz<\/li>\n<li>1956\/1958 D. Isidoro Santos<\/li>\n<li>1958\/1960 D. Adolfo Garc\u00eda de la Cruz<\/li>\n<li>1960\/1992 D. Joaqu\u00edn Arias Loriente<\/li>\n<li>1992\/actualidad D. Francisco Villarreal Palacios<\/li>\n<\/ul>\n<p>En la actualidad la <strong><a href=\"http:\/\/asociacionmusicallafilarmonica.es\/\" target=\"_blank\">Banda de M\u00fasica \u00abLa Filarm\u00f3nica\u00bb<\/a>, <\/strong>con setenta componentes, puede ser considerada sin duda como\u00a0 la entidad cultural m\u00e1s veterana y con mayor peso social, presencia y prestigio en la localidad, y ofrece durante todo el a\u00f1o numerosas actuaciones y conciertos en el municipio y fuera de \u00e9l, participando pr\u00e1cticamente en todos los actos oficiales y p\u00fablicos (fiestas, procesiones, etc.).<\/p>\n<h3 style=\"text-align: center;\"><span style=\"color: #800000;\"><a href=\"http:\/\/ww2.museosantacruz.org\/?page_id=1862\">Su historia en im\u00e1genes<\/a><\/span><\/h3>\n<p>&nbsp;<\/p>\n","protected":false},"excerpt":{"rendered":"<p>Historia La Banda de M\u00fasica \u00abLa Filarm\u00f3nica\u00bb tiene su antecedente m\u00e1s remoto en la denominada Banda de M\u00fasica \u00abVieja\u00ab, fundada en Mayo de 1877. Su primera actuaci\u00f3n tuvo lugar con motivo de la Procesi\u00f3n y Romer\u00eda de la Virgen de la Paz de dicho a\u00f1o. Su fundador y primer director&#8230; <a class=\"continue-reading-link\" href=\"https:\/\/ww2.museosantacruz.org\/?page_id=1811\">Continue reading<\/a><\/p>\n","protected":false},"author":1,"featured_media":0,"parent":772,"menu_order":0,"comment_status":"closed","ping_status":"open","template":"template-full-width.php","meta":{"footnotes":""},"class_list":["post-1811","page","type-page","status-publish","hentry"],"_links":{"self":[{"href":"https:\/\/ww2.museosantacruz.org\/index.php?rest_route=\/wp\/v2\/pages\/1811","targetHints":{"allow":["GET"]}}],"collection":[{"href":"https:\/\/ww2.museosantacruz.org\/index.php?rest_route=\/wp\/v2\/pages"}],"about":[{"href":"https:\/\/ww2.museosantacruz.org\/index.php?rest_route=\/wp\/v2\/types\/page"}],"author":[{"embeddable":true,"href":"https:\/\/ww2.museosantacruz.org\/index.php?rest_route=\/wp\/v2\/users\/1"}],"replies":[{"embeddable":true,"href":"https:\/\/ww2.museosantacruz.org\/index.php?rest_route=%2Fwp%2Fv2%2Fcomments&post=1811"}],"version-history":[{"count":10,"href":"https:\/\/ww2.museosantacruz.org\/index.php?rest_route=\/wp\/v2\/pages\/1811\/revisions"}],"predecessor-version":[{"id":1867,"href":"https:\/\/ww2.museosantacruz.org\/index.php?rest_route=\/wp\/v2\/pages\/1811\/revisions\/1867"}],"up":[{"embeddable":true,"href":"https:\/\/ww2.museosantacruz.org\/index.php?rest_route=\/wp\/v2\/pages\/772"}],"wp:attachment":[{"href":"https:\/\/ww2.museosantacruz.org\/index.php?rest_route=%2Fwp%2Fv2%2Fmedia&parent=1811"}],"curies":[{"name":"wp","href":"https:\/\/api.w.org\/{rel}","templated":true}]}}