{"id":2795,"date":"2023-01-30T15:45:22","date_gmt":"2023-01-30T13:45:22","guid":{"rendered":"https:\/\/ww2.museosantacruz.org\/?page_id=2795"},"modified":"2024-02-26T11:39:25","modified_gmt":"2024-02-26T12:39:25","slug":"buscador-de-nuestra-web","status":"publish","type":"page","link":"https:\/\/ww2.museosantacruz.org\/?page_id=2795","title":{"rendered":"BUSCADOR"},"content":{"rendered":"<div class=\"gcse-search\"><script async src=\"https:\/\/cse.google.com\/cse.js?cx=a2fee7bee2f294440\">\n<\/script><\/div>\n<h4 style=\"text-align: center;\"><span style=\"color: #800000;\"><span style=\"color: #000000;\">Escriba en la <\/span>l\u00ednea de arriba <span style=\"color: #000000;\">lo que desea buscar (en todo este sitio web)<\/span><\/span><\/h4>\n<ul>\n<li style=\"list-style-type: none;\">\n<ul>\n<li><span style=\"color: #800000;\"><strong>Ejemplos<\/strong><\/span>:<\/li>\n<\/ul>\n<\/li>\n<\/ul>\n<ol>\n<li style=\"list-style-type: none;\">\n<ol>\n<li style=\"list-style-type: none;\">\n<ol>\n<li><em>grupo<\/em> -&gt; Busca esa palabra (\u201c<em>grupo<\/em>\u201d o \u201c<em>grupos<\/em>\u201d)<\/li>\n<li><em>grupo teatro<\/em> \u2013&gt; Busca documentos con las dos palabras (\u00ab<em>grupo<\/em>\u00bb <span style=\"color: #800000;\"><strong>Y<\/strong><\/span> \u00ab<em>teatro<\/em>\u00ab)<\/li>\n<li><em>tr\u00e9bedes<\/em> -&gt; Busca documentos con esa palabra<\/li>\n<li style=\"text-align: left;\"><em>tr\u00e9bedes -teatro<\/em> -&gt; (con signo \u00abmenos\u00bb antes de \u00abteatro\u00bb) Busca documentos con \u00ab<em>tr\u00e9bedes<\/em>\u00bb pero <strong><span style=\"color: #800000;\">SIN<\/span> <\/strong>\u00ab<em>teatro<\/em>\u00ab<\/li>\n<\/ol>\n<\/li>\n<\/ol>\n<\/li>\n<\/ol>\n<p style=\"text-align: center;\"><span style=\"color: #000080;\"><em>Nota: se muestran 10 resultados por p\u00e1gina, pero se pueden ver m\u00e1s resultados al final de est\u00e1 p\u00e1gina<br \/>\n<\/em> <\/span><\/p>\n<p style=\"text-align: center;\"><span style=\"color: #000080;\"><em>Si se trata de un documento en PDF, puede localizar lo que busca pulsando Ctrl+V<\/em><\/span><\/p>\n","protected":false},"excerpt":{"rendered":"<p>Escriba en la l\u00ednea de arriba lo que desea buscar (en todo este sitio web) Ejemplos: grupo -&gt; Busca esa palabra (\u201cgrupo\u201d o \u201cgrupos\u201d) grupo teatro \u2013&gt; Busca documentos con las dos palabras (\u00abgrupo\u00bb Y \u00abteatro\u00ab) tr\u00e9bedes -&gt; Busca documentos con esa palabra tr\u00e9bedes -teatro -&gt; (con signo \u00abmenos\u00bb antes&#8230; <a class=\"continue-reading-link\" href=\"https:\/\/ww2.museosantacruz.org\/?page_id=2795\">Continue reading<\/a><\/p>\n","protected":false},"author":1,"featured_media":0,"parent":0,"menu_order":0,"comment_status":"closed","ping_status":"closed","template":"","meta":{"footnotes":""},"class_list":["post-2795","page","type-page","status-publish","hentry"],"_links":{"self":[{"href":"https:\/\/ww2.museosantacruz.org\/index.php?rest_route=\/wp\/v2\/pages\/2795","targetHints":{"allow":["GET"]}}],"collection":[{"href":"https:\/\/ww2.museosantacruz.org\/index.php?rest_route=\/wp\/v2\/pages"}],"about":[{"href":"https:\/\/ww2.museosantacruz.org\/index.php?rest_route=\/wp\/v2\/types\/page"}],"author":[{"embeddable":true,"href":"https:\/\/ww2.museosantacruz.org\/index.php?rest_route=\/wp\/v2\/users\/1"}],"replies":[{"embeddable":true,"href":"https:\/\/ww2.museosantacruz.org\/index.php?rest_route=%2Fwp%2Fv2%2Fcomments&post=2795"}],"version-history":[{"count":18,"href":"https:\/\/ww2.museosantacruz.org\/index.php?rest_route=\/wp\/v2\/pages\/2795\/revisions"}],"predecessor-version":[{"id":3834,"href":"https:\/\/ww2.museosantacruz.org\/index.php?rest_route=\/wp\/v2\/pages\/2795\/revisions\/3834"}],"wp:attachment":[{"href":"https:\/\/ww2.museosantacruz.org\/index.php?rest_route=%2Fwp%2Fv2%2Fmedia&parent=2795"}],"curies":[{"name":"wp","href":"https:\/\/api.w.org\/{rel}","templated":true}]}}