{"id":3718,"date":"2024-02-15T19:35:02","date_gmt":"2024-02-15T20:35:02","guid":{"rendered":"https:\/\/ww2.museosantacruz.org\/?page_id=3718"},"modified":"2024-02-16T01:06:52","modified_gmt":"2024-02-16T02:06:52","slug":"el-libro-de-privilegios-introduccion","status":"publish","type":"page","link":"https:\/\/ww2.museosantacruz.org\/?page_id=3718","title":{"rendered":"El \u00abLibro de Privilegios\u00bb &#8211; Introducci\u00f3n"},"content":{"rendered":"<h3><span style=\"color: #800000;\">Introducci\u00f3n<\/span><\/h3>\n<p>El \u201c<strong>Libro de los Privilegios de Santa Cruz\u201c<\/strong>, confirmados por Felipe II, recoge una informaci\u00f3n valios\u00edsima de la historia de nuestro pueblo, desde su fundaci\u00f3n como Villa en 1253, hasta comienzos del siglo XVIII.<\/p>\n<p>El libro, que debi\u00f3 iniciarse como un documento \u00fanico, es en realidad un archivo de documentos manuscritos, fechados entre 1562 y 1722, encuadernados en un solo volumen. Consta de 91 folios, de unas dimensiones medias de 23 x 30 cm., de los cuales 66 aparecen escritos por ambas caras, 20 van escritos por una sola cara y 5 est\u00e1n totalmente en blanco; los primeros 26 folios son de pergamino y el resto de papel.<\/p>\n<p>Los <em>privilegios<\/em> de Santa Cruz de la Zarza es un ejemplo m\u00e1s de los que los\u00a0 reyes conced\u00edan a las villas, que registraban y reconoc\u00edan formalmente los l\u00edmites, propiedades, obligaciones, derechos y competencias cedidas a las autoridades locales, as\u00ed como determinadas licencias y exenciones en materia de justicia, tributaci\u00f3n y recaudaci\u00f3n de impuestos.<\/p>\n<p>Asimismo, regulaban determinadas actividades econ\u00f3micas de importancia (mercados, mataderos, tahonas, bodegas, pastoreo y explotaci\u00f3n de los bosques del com\u00fan\u2026) y tambi\u00e9n los derechos de servidumbre y paso de los municipios (portazgo, pontazgo, etc.,.).<\/p>\n<p>Los <strong>\u201clibros de privilegios\u201d<\/strong>, por tanto, recog\u00edan y garantizaban el estatus jur\u00eddico de las ciudades y villas frente a otras autoridades o poderes o ante posibles actuaciones que pudieran violar sus derechos o fueran contra los intereses locales. No eran documentos, sin embargo, documentos requeridos u obtenidos a instancia de las propias ciudades y villas, sino que obedec\u00edan a las c\u00e9dulas y ordenanzas reales que, desde comienzos del s. XVI y con car\u00e1cter general, obligaban a los concejos a constituir, mantener y custodiar sus propios archivos legislativos, administrativos y contables. La aplicaci\u00f3n de dichas ordenanzas se retras\u00f3 durante varias d\u00e9cadas en las villas menores, debido a la falta de personas cualificadas y a la escasez de medios. Por esta raz\u00f3n, los privilegios de Santa Cruz de la Zarza y de otras muchas villas de la comarca no se plasmaron documentalmente hasta el reinado de Felipe II, quien, como es sabido, impuls\u00f3 enormemente el desarrollo administrativo del Reino y la extensi\u00f3n de una burocracia moderna. Fue as\u00ed como se redactaron muchos de los libros de privilegios\u00a0 \u2013producidos en serie, dir\u00edamos hoy\u2013, ci\u00f1\u00e9ndose estrictamente a alguno de los modelos ya aplicados y probados con anterioridad en otras ciudades y villas (Sevilla, Cuenca, Teruel). En el caso de Santa Cruz y de la mayor\u00eda de las villas de la Orden de Santiago en La Mancha, se sigue fielmente el modelo del Fuero de Cuenca.<\/p>\n<p>Para <a href=\"https:\/\/ww2.museosantacruz.org\/?page_id=3724\"><strong>descargar el Libro, pulsa aqu\u00ed<\/strong><\/a><\/p>\n","protected":false},"excerpt":{"rendered":"<p>Introducci\u00f3n El \u201cLibro de los Privilegios de Santa Cruz\u201c, confirmados por Felipe II, recoge una informaci\u00f3n valios\u00edsima de la historia de nuestro pueblo, desde su fundaci\u00f3n como Villa en 1253, hasta comienzos del siglo XVIII. El libro, que debi\u00f3 iniciarse como un documento \u00fanico, es en realidad un archivo de&#8230; <a class=\"continue-reading-link\" href=\"https:\/\/ww2.museosantacruz.org\/?page_id=3718\">Continue reading<\/a><\/p>\n","protected":false},"author":1,"featured_media":0,"parent":54,"menu_order":0,"comment_status":"closed","ping_status":"closed","template":"","meta":{"footnotes":""},"class_list":["post-3718","page","type-page","status-publish","hentry"],"_links":{"self":[{"href":"https:\/\/ww2.museosantacruz.org\/index.php?rest_route=\/wp\/v2\/pages\/3718","targetHints":{"allow":["GET"]}}],"collection":[{"href":"https:\/\/ww2.museosantacruz.org\/index.php?rest_route=\/wp\/v2\/pages"}],"about":[{"href":"https:\/\/ww2.museosantacruz.org\/index.php?rest_route=\/wp\/v2\/types\/page"}],"author":[{"embeddable":true,"href":"https:\/\/ww2.museosantacruz.org\/index.php?rest_route=\/wp\/v2\/users\/1"}],"replies":[{"embeddable":true,"href":"https:\/\/ww2.museosantacruz.org\/index.php?rest_route=%2Fwp%2Fv2%2Fcomments&post=3718"}],"version-history":[{"count":3,"href":"https:\/\/ww2.museosantacruz.org\/index.php?rest_route=\/wp\/v2\/pages\/3718\/revisions"}],"predecessor-version":[{"id":3756,"href":"https:\/\/ww2.museosantacruz.org\/index.php?rest_route=\/wp\/v2\/pages\/3718\/revisions\/3756"}],"up":[{"embeddable":true,"href":"https:\/\/ww2.museosantacruz.org\/index.php?rest_route=\/wp\/v2\/pages\/54"}],"wp:attachment":[{"href":"https:\/\/ww2.museosantacruz.org\/index.php?rest_route=%2Fwp%2Fv2%2Fmedia&parent=3718"}],"curies":[{"name":"wp","href":"https:\/\/api.w.org\/{rel}","templated":true}]}}