{"id":43,"date":"2015-03-05T21:29:36","date_gmt":"2015-03-05T21:29:36","guid":{"rendered":"http:\/\/ww2.museosantacruz.org\/?page_id=43"},"modified":"2015-04-28T14:02:02","modified_gmt":"2015-04-28T14:02:02","slug":"leyendas","status":"publish","type":"page","link":"https:\/\/ww2.museosantacruz.org\/?page_id=43","title":{"rendered":"Leyendas"},"content":{"rendered":"<nav aria-label=\"breadcrumbs\">\n            <div class=\"breadcrumb-container theme4\">\n                <ol>\n                                    <\/ol>\n            <\/div>\n        <\/nav>    <script type=\"application\/ld+json\">\n        {\n            \"@context\": \"http:\/\/schema.org\",\n            \"@type\": \"BreadcrumbList\",\n            \"itemListElement\": [\n                            ]\n        }\n    <\/script>\n    <style type=\"text\/css\">\n        .breadcrumb-container {\n            font-size: 13px;\n        }\n\n        .breadcrumb-container ul {\n            margin: 0;\n            padding: 0;\n        }\n\n        .breadcrumb-container li {\n            box-sizing: unset;\n            display: inline-block;\n            margin: 0;\n            padding: 0;\n        }\n\n        .breadcrumb-container li a {\n            box-sizing: unset;\n            padding: 0 10px;\n        }\n\n        .breadcrumb-container {\n            font-size: 12px !important;\n                    }\n\n        .breadcrumb-container li a {\n            color: #301400 !important;\n            font-size: 12px !important;\n            line-height: 12px !important;\n                    }\n\n        .breadcrumb-container li .separator {\n            color: #000000 !important;\n            font-size: 12px !important;\n                    }\n\n        .breadcrumb-container li:last-child .separator {\n            display: none;\n        }\n    <\/style>\n    <style type=\"text\/css\">\n\n        .breadcrumb-container.theme4 li {\n            display: inline-block;\n            margin: 0 14px;\n            padding: 0;\n        }\n\n        .breadcrumb-container.theme4 a {\n            background: #ddb57a;\n            color: rgb(102, 102, 102);\n            display: inline-block;\n            font-size: 14px;\n            height: 16px;\n            margin: 0;\n            padding: 5px 10px;\n            text-decoration: none;\n            position:relative;\n        }\n\n\n        .breadcrumb-container.theme4 a::after {\n            -moz-border-bottom-colors: none;\n            -moz-border-left-colors: none;\n            -moz-border-right-colors: none;\n            -moz-border-top-colors: none;\n            border-color: rgba(0, 0, 0, 0) rgba(0, 0, 0, 0) rgba(0, 0, 0, 0) #ddb57a;\n            border-image: none;\n            border-style: solid;\n            border-width: 13px;\n            content: \" \";\n            display: inline-block;\n            height: 0;\n            line-height: 0;\n            position: absolute;\n            right: -26px;\n            top: 0;\n            width: 0;\n        }\n\n        .breadcrumb-container.theme4 .separator {\n            display: none;\n        }\n    <\/style>\n        <style type=\"text\/css\">\n        .breadcrumb-container{}\r\n.breadcrumb-container ul{}\r\n.breadcrumb-container li{}\r\n.breadcrumb-container a{}\r\n.breadcrumb-container .separator{}\r\n    <\/style>\n    <script>\n            <\/script>\n\n<h4><span style=\"color: #800000;\">Introducci\u00f3n<\/span><\/h4>\n<p>Hay innumerables leyendas, algunas de ellas referidas al mundo de las creencias. Un ejemplo lo tenemos en Toledo capital, con el Cristo de la Vega extendiendo su brazo para prestar juramento y ratificar as\u00ed la declaraci\u00f3n y la promesa que un novio hab\u00eda realizado anta\u00f1o a su querida, y de la que al parecer se olvid\u00f3.<\/p>\n<p>Otras leyendas, en cambio, se refieren a personajes reales o inventados, o a acontecimientos hist\u00f3ricos (guerras, cat\u00e1strofes, cr\u00edmenes) que marcaron la vida del pueblo. Las leyendas populares, transmitidas de boca en boca y de generaci\u00f3n en generaci\u00f3n, son una parte del legado hist\u00f3rico de nuestros pueblos.<\/p>\n<p>Son relatos que suelen forjarse a partir de acontecimientos reales y van siendo adaptadas o modificadas con el paso del tiempo. Muchos de ellas terminan con una moraleja. Es el caso de \u201c<a title=\"La Encantada\" href=\"http:\/\/ww2.museosantacruz.org\/?page_id=681\">La leyenda de la Encantada<\/a>\u201d y de \u201c<a title=\"La Casa de las dos puertas\" href=\"http:\/\/ww2.museosantacruz.org\/?page_id=652\">La Casa de las Dos Puertas<\/a>\u00ab. En ambas se trata de la soberbia y de la intransigencia: en el primer caso, de la cerraz\u00f3n de la amada a dar asilo a una madre necesitada de amparo para su hijo; en el segundo, de la terca oposici\u00f3n del padre a los amor\u00edos de su hija. Y ambas comparten el tema de la \u201cceguera de amor\u201d. Su final, en cambio, es diferente. Mientras que en una culmina felizmente, como en un cuento (podr\u00edamos decir que \u201cfueron felices y comieron perdices\u201d), en la otra narraci\u00f3n la obnubilada amante no termina muy bien.<\/p>\n<p>Es muy posible que el lector recuerde otras versiones de estas leyendas, algo distintas a las que aqu\u00ed se narran: la transmisi\u00f3n oral permite las fantas\u00edas de los narradores<\/p>\n<h4><span style=\"color: #800000;\">Dos leyendas de Santa Cruz<br \/>\n<\/span><\/h4>\n<ol>\n<li>\n<h3><a title=\"La Casa de las dos puertas\" href=\"http:\/\/ww2.museosantacruz.org\/?page_id=652\">La Casa de las Dos Puertas<\/a><\/h3>\n<\/li>\n<li>\n<h3><strong><a title=\"La Encantada\" href=\"http:\/\/ww2.museosantacruz.org\/?page_id=681\">La Encantada<\/a><\/strong><\/h3>\n<\/li>\n<\/ol>\n<p>&nbsp;<\/p>\n<p>&nbsp;<\/p>\n","protected":false},"excerpt":{"rendered":"<p>Introducci\u00f3n Hay innumerables leyendas, algunas de ellas referidas al mundo de las creencias. Un ejemplo lo tenemos en Toledo capital, con el Cristo de la Vega extendiendo su brazo para prestar juramento y ratificar as\u00ed la declaraci\u00f3n y la promesa que un novio hab\u00eda realizado anta\u00f1o a su querida, y&#8230; <a class=\"continue-reading-link\" href=\"https:\/\/ww2.museosantacruz.org\/?page_id=43\">Continue reading<\/a><\/p>\n","protected":false},"author":1,"featured_media":0,"parent":46,"menu_order":0,"comment_status":"open","ping_status":"closed","template":"template-full-width.php","meta":{"footnotes":""},"class_list":["post-43","page","type-page","status-publish","hentry"],"_links":{"self":[{"href":"https:\/\/ww2.museosantacruz.org\/index.php?rest_route=\/wp\/v2\/pages\/43","targetHints":{"allow":["GET"]}}],"collection":[{"href":"https:\/\/ww2.museosantacruz.org\/index.php?rest_route=\/wp\/v2\/pages"}],"about":[{"href":"https:\/\/ww2.museosantacruz.org\/index.php?rest_route=\/wp\/v2\/types\/page"}],"author":[{"embeddable":true,"href":"https:\/\/ww2.museosantacruz.org\/index.php?rest_route=\/wp\/v2\/users\/1"}],"replies":[{"embeddable":true,"href":"https:\/\/ww2.museosantacruz.org\/index.php?rest_route=%2Fwp%2Fv2%2Fcomments&post=43"}],"version-history":[{"count":7,"href":"https:\/\/ww2.museosantacruz.org\/index.php?rest_route=\/wp\/v2\/pages\/43\/revisions"}],"predecessor-version":[{"id":1668,"href":"https:\/\/ww2.museosantacruz.org\/index.php?rest_route=\/wp\/v2\/pages\/43\/revisions\/1668"}],"up":[{"embeddable":true,"href":"https:\/\/ww2.museosantacruz.org\/index.php?rest_route=\/wp\/v2\/pages\/46"}],"wp:attachment":[{"href":"https:\/\/ww2.museosantacruz.org\/index.php?rest_route=%2Fwp%2Fv2%2Fmedia&parent=43"}],"curies":[{"name":"wp","href":"https:\/\/api.w.org\/{rel}","templated":true}]}}