{"id":51,"date":"2015-03-05T21:31:29","date_gmt":"2015-03-05T21:31:29","guid":{"rendered":"http:\/\/ww2.museosantacruz.org\/?page_id=51"},"modified":"2024-05-11T09:46:59","modified_gmt":"2024-05-11T10:46:59","slug":"archivo-digital","status":"publish","type":"page","link":"https:\/\/ww2.museosantacruz.org\/?page_id=51","title":{"rendered":"Archivo"},"content":{"rendered":"<h4><strong><img decoding=\"async\" src=\"https:\/\/ww2.museosantacruz.org\/wp-content\/uploads\/2015\/03\/ARCHIVO.gif\" \/><\/strong><\/h4>\n<h4 style=\"text-align: center;\"><span style=\"color: #ff0000;\"><a style=\"color: #ff0000;\" title=\"Autores\" href=\"http:\/\/ww2.museosantacruz.org\/?page_id=4076\"><span style=\"text-decoration: underline;\"><span style=\"text-decoration: underline;\">AUTORES &#8211;\u00a0 <\/span><\/span><\/a><\/span><span style=\"color: #008000;\"><a style=\"color: #008000;\" title=\"Materias\" href=\"http:\/\/ww2.museosantacruz.org\/?page_id=3919\"><span style=\"text-decoration: underline;\"><span style=\"text-decoration: underline;\">MATERIA<\/span><\/span><\/a><\/span><span style=\"color: #008000;\"><a style=\"color: #008000;\" title=\"Materias\" href=\"http:\/\/ww2.museosantacruz.org\/?page_id=915\"><span style=\"text-decoration: underline;\"><span style=\"text-decoration: underline;\">S\u00a0<\/span><\/span><\/a><\/span> &#8211; <a title=\"Fuentes de publicaci\u00f3n\" href=\"http:\/\/ww2.museosantacruz.org\/?page_id=3917\"><span style=\"text-decoration: underline;\"><span style=\"color: #800000; text-decoration: underline;\">FUENTES<\/span><\/span><\/a><\/h4>\n<h4><span style=\"color: #800000;\">Presentaci\u00f3n<\/span><\/h4>\n<p>El Archivo Digital, creado por ACAME \u201cJoaqu\u00edn Arias\u201d, tiene por objetivo recopilar informaci\u00f3n sobre Santa Cruz de la Zarza y ponerla a disposici\u00f3n de nuestros vecinos y de los visitantes virtuales de esta web, atendiendo a los intereses de nuestra Asociaci\u00f3n, a saber: el estudio, el conocimiento y la difusi\u00f3n de la historia y la cultura de Santa Cruz.Para ello iremos incorporando una serie de documentos que, en nuestra opini\u00f3n, merecen ser conservados y difundidos, ya sean originales o procedentes de diversas fuentes de publicaci\u00f3n.<\/p>\n<p>Tras la actualizaci\u00f3n de <strong>abril de 2024, <\/strong>el Archivo consta de <span style=\"color: #800000;\"><strong>513 documentos y 2.722 p\u00e1ginas<\/strong>,\u00a0<span style=\"color: #800000;\"><span style=\"color: #000000;\">correspondientes<\/span><strong> a 98 autores <\/strong><span style=\"color: #000000;\">y <strong><span style=\"color: #800000;\">66 materias<\/span><\/strong>.<br \/>\nLa versi\u00f3n actual incluye nuevos documentos, algunos de los cuales ya se hallaban accesibles, aunque <em>dispersos<\/em> en otras secciones de nuestra web.<br \/>\n<\/span><\/span><\/span><\/p>\n<p>Antes de comenzar, le recomendamos lea la <a title=\"Ayuda y Recomendaciones\" href=\"http:\/\/ww2.museosantacruz.org\/?page_id=1011\"><strong>Ayuda<\/strong><\/a> para obtener el mejor servicio de este Archivo.<\/p>\n<h4><span style=\"color: #800000;\"><b>Contenido<\/b><\/span><\/h4>\n<p>El Archivo contiene principalmente ficheros en <strong><span style=\"color: #800000;\">PDF<\/span> <\/strong>(y tambi\u00e9n otros formatos) de documentos seleccionados, escaneados, catalogados e indexados para facilitar la b\u00fasqueda y acceso.<br \/>\nCada documento se expone muy brevemente en una ficha con los siguientes datos: <strong>T\u00edtulo, Autor(es), Descripci\u00f3n, Materia(s) y Enlace<\/strong> al documento.<br \/>\nEl acceso a los documentos se hace a trav\u00e9s de 3 \u00edndices:<br \/>\n&#8211; \u00cdndice de Autores consta de 98 entradas:<\/p>\n<h4><span style=\"color: #800000;\"><b>Propiedad intelectual <\/b><\/span><\/h4>\n<p>La propiedad de los documentos pertenece: 1) en primer lugar, e individualmente, a cada uno de sus <strong>autores<\/strong>. 2) en segundo lugar, a los <strong>editores<\/strong> de las publicaciones originales de donde se han extra\u00eddo (Ayuntamiento de Santa Cruz, Asociaciones Culturales, etc.,). y 3) por \u00faltimo, la propiedad de esta <strong>versi\u00f3n digita<\/strong>l (documentos, cat\u00e1logos, etc.,.) pertenece a <strong>ACAME \u201cJoaqu\u00edn Arias<\/strong>\u201c, que la hace p\u00fablica con fines culturales, excluyendo cualquier uso comercial.<\/p>\n<h4><span style=\"color: #800000;\">Fuentes utilizadas<br \/>\n<\/span><\/h4>\n<p>Los documentos y art\u00edculos proceden de un total de <span style=\"color: #800000;\"><strong>40 fuentes diferentes<\/strong><\/span>: inicialmente de los <strong>\u201cProgramas de Fiestas<\/strong>\u201d publicados por el Ayuntamiento de Santa Cruz (a\u00f1os 1989-2023), y tambi\u00e9n de <strong>peri\u00f3dicos locales<\/strong>, <strong>publicaciones oficiales, <\/strong>publicaciones de <strong>ACAME \u201cJoaqu\u00edn Arias\u201d<\/strong>, materiales in\u00e9ditos, ediciones digitales, etc.,.<\/p>\n<h4><b>&#8211; Los \u201cProgramas de Fiestas\u201d: una riqu\u00edsima fuente de informaci\u00f3n sobre Santa Cruz<a href=\"http:\/\/ww2.museosantacruz.org\/wp-content\/uploads\/2015\/03\/programa-fiestas-69-portada.jpg\"><img loading=\"lazy\" decoding=\"async\" class=\" wp-image-297 alignright\" src=\"http:\/\/ww2.museosantacruz.org\/wp-content\/uploads\/2015\/03\/programa-fiestas-69-portada-212x300.jpg\" alt=\"programa-fiestas-69-portada\" width=\"202\" height=\"273\" \/><\/a><\/b><\/h4>\n<p>Exceptuando algunas publicaciones peri\u00f3dicas del pasado, de vida bastante corta (\u201cEl Amigo del Pueblo\u201d, \u201cEl Preg\u00f3n de Santa Cruz\u201d, \u201cEcos de la Mesa\u201d, etc.), los programas oficiales de las fiestas patronales -los <em>\u201cprogramas de festejos\u201d<\/em>-, constituyen pr\u00e1cticamente la \u00fanica publicaci\u00f3n peri\u00f3dica regular de Santa Cruz , interrumpida solamente durante el per\u00edodo 1936-1939.<\/p>\n<p>Aunque su finalidad primera era informar al pueblo sobre el calendario de acontecimientos taurinos y deportivos, religiosos, actuaciones musicales, pirotecnia, etc., que anualmente de organizaban con ocasi\u00f3n de las Fiestas Patronales, lo cierto es que, especialmente a partir de los a\u00f1os 70 y 80, los <em>programas de festejos<\/em> fueron dando cabida a cada vez mayor n\u00famero de \u201ccolaboraciones\u201d ajenas a las fiestas: art\u00edculos de investigaci\u00f3n sobre la historia y el patrimonio cultural, sus costumbres, sus personajes, reproducci\u00f3n de documentos hist\u00f3ricos o \u201ccuriosos\u201d, pero tambi\u00e9n obras de creaci\u00f3n art\u00edstica y literaria (poes\u00eda, memorias del pasado reciente, fotograf\u00eda, pintura\u2026), todas ellas sobre Santa Cruz.<\/p>\n<p><a href=\"http:\/\/ww2.museosantacruz.org\/wp-content\/uploads\/2015\/03\/programa-fiestas-44-portada1.jpg\"><img loading=\"lazy\" decoding=\"async\" class=\" wp-image-290 alignleft\" src=\"http:\/\/ww2.museosantacruz.org\/wp-content\/uploads\/2015\/03\/programa-fiestas-44-portada1-163x300.jpg\" alt=\"programa-fiestas-44-portada\" width=\"133\" height=\"260\" \/><\/a>De este modo, a\u00f1o tras a\u00f1o, los programas fueron aumentando su n\u00famero de p\u00e1ginas y el tama\u00f1o del formato, mejorando paralelamente la calidad de la maquetaci\u00f3n, impresi\u00f3n (color) y encuadernaci\u00f3n, hasta convertirse en lo que podr\u00edamos llamar una <em><strong>revista monogr\u00e1fica<\/strong><\/em> sobre Santa Cruz, <em><strong>de periodicidad anual<\/strong><\/em>.<\/p>\n<p>El resultado acumulado son cientos de art\u00edculos y peque\u00f1as piezas de creaci\u00f3n, obra de santacruceros y para los santacruceros, una riqu\u00edsima informaci\u00f3n que hemos cre\u00eddo conveniente recuperar, conservar y transmitir.<\/p>\n<p>Conviene aclarar, sin embargo, que el vaciado de art\u00edculos que ha llevado a cabo <strong>ACAME \u201cJoaqu\u00edn Arias\u201d<\/strong> no es exhaustivo, sino selectivo, limit\u00e1ndose a aquellos contenidos que se consideraban de mayor inter\u00e9s para los fines de nuestra Asociaci\u00f3n . Los criterios de selecci\u00f3n son subjetivos y por lo tanto discutibles, sin que ello suponga un juicio de valor negativo sobre la \u201ccalidad\u201d de aquellos materiales que no han sido incorporados al Archivo.<\/p>\n<h4><b>&#8211; Otras fuentes<\/b><\/h4>\n<p><b><a href=\"http:\/\/ww2.museosantacruz.org\/wp-content\/uploads\/2015\/03\/Gaceta_01.jpg\"><img loading=\"lazy\" decoding=\"async\" class=\" wp-image-463 alignright\" src=\"http:\/\/ww2.museosantacruz.org\/wp-content\/uploads\/2015\/03\/Gaceta_01-252x300.jpg\" alt=\"Gaceta_01\" width=\"229\" height=\"270\" \/><\/a><\/b>En el Archivo se han incluido tambi\u00e9n documentos de otras fuentes, tales como <strong>\u201cEl Preg\u00f3n del Pueblo\u201d<\/strong> (\u00e9pocas 1\u00aa y 2), <strong>\u201cLa Voz de Santa Cruz\u201d<\/strong>, <strong>\u201cLa Gaceta de Madrid\u201d<\/strong> (antecedente del B.O.E), el Bolet\u00edn Oficial de la Provincia de Toledo,\u00a0 y las <strong>Publicaciones de ACAME \u201cJoaqu\u00edn Arias<\/strong>\u201d (\u201cHistoria de Santa Cruz\u201d -13 cap\u00edtulos publicados-, Cr\u00f3nicas de un Pueblo\u201d, etc.,.) y algunos documentos in\u00e9ditos, elaborados especialmente para el Archivo.<\/p>\n<h4><span style=\"color: #800000;\"><b>Protecci\u00f3n de datos<\/b><\/span><\/h4>\n<p>La mayor parte de la informaci\u00f3n del Archivo ha sido objeto de publicaciones previas, por lo que entendemos que su divulgaci\u00f3n no vulnera ning\u00fan derecho. En el caso de los documentos in\u00e9ditos hasta ahora, el Archivo cuenta con la autorizaci\u00f3n expresa de sus respectivos autores.<br \/>\nDe todos modos, si alguna persona o instituci\u00f3n considerase que determinados documentos afectan a su honor, intimidad, derechos de propiedad, etc.,. puede solicitar su retirada de esta p\u00e1gina, dirigi\u00e9ndose por correo electr\u00f3nico a nuestra Asociaci\u00f3n.<\/p>\n<h4><span style=\"color: #800000;\"><b>Agradecimientos<\/b><\/span><\/h4>\n<p><strong>ACAME \u201cJoaqu\u00edn Arias\u201d<\/strong> agradece a D. Maximino S\u00e1nchez Mart\u00ednez, a D. Fernando Cana Garc\u00eda y a D. Dionisio Urbina su inestimable colaboraci\u00f3n en la selecci\u00f3n, elaboraci\u00f3n y escaneado de los materiales. La catalogaci\u00f3n, indexaci\u00f3n y programaci\u00f3n de la web es obra de D. Jos\u00e9 Manuel Avia Aranda.<\/p>\n<p>&nbsp;<\/p>\n","protected":false},"excerpt":{"rendered":"<p>AUTORES &#8211;\u00a0 MATERIAS\u00a0 &#8211; FUENTES Presentaci\u00f3n El Archivo Digital, creado por ACAME \u201cJoaqu\u00edn Arias\u201d, tiene por objetivo recopilar informaci\u00f3n sobre Santa Cruz de la Zarza y ponerla a disposici\u00f3n de nuestros vecinos y de los visitantes virtuales de esta web, atendiendo a los intereses de nuestra Asociaci\u00f3n, a saber: el&#8230; <a class=\"continue-reading-link\" href=\"https:\/\/ww2.museosantacruz.org\/?page_id=51\">Continue reading<\/a><\/p>\n","protected":false},"author":1,"featured_media":460,"parent":0,"menu_order":6,"comment_status":"open","ping_status":"open","template":"","meta":{"footnotes":""},"class_list":["post-51","page","type-page","status-publish","has-post-thumbnail","hentry"],"_links":{"self":[{"href":"https:\/\/ww2.museosantacruz.org\/index.php?rest_route=\/wp\/v2\/pages\/51","targetHints":{"allow":["GET"]}}],"collection":[{"href":"https:\/\/ww2.museosantacruz.org\/index.php?rest_route=\/wp\/v2\/pages"}],"about":[{"href":"https:\/\/ww2.museosantacruz.org\/index.php?rest_route=\/wp\/v2\/types\/page"}],"author":[{"embeddable":true,"href":"https:\/\/ww2.museosantacruz.org\/index.php?rest_route=\/wp\/v2\/users\/1"}],"replies":[{"embeddable":true,"href":"https:\/\/ww2.museosantacruz.org\/index.php?rest_route=%2Fwp%2Fv2%2Fcomments&post=51"}],"version-history":[{"count":25,"href":"https:\/\/ww2.museosantacruz.org\/index.php?rest_route=\/wp\/v2\/pages\/51\/revisions"}],"predecessor-version":[{"id":4420,"href":"https:\/\/ww2.museosantacruz.org\/index.php?rest_route=\/wp\/v2\/pages\/51\/revisions\/4420"}],"wp:featuredmedia":[{"embeddable":true,"href":"https:\/\/ww2.museosantacruz.org\/index.php?rest_route=\/wp\/v2\/media\/460"}],"wp:attachment":[{"href":"https:\/\/ww2.museosantacruz.org\/index.php?rest_route=%2Fwp%2Fv2%2Fmedia&parent=51"}],"curies":[{"name":"wp","href":"https:\/\/api.w.org\/{rel}","templated":true}]}}