{"id":54,"date":"2015-03-05T21:31:56","date_gmt":"2015-03-05T21:31:56","guid":{"rendered":"http:\/\/ww2.museosantacruz.org\/?page_id=54"},"modified":"2022-10-06T12:23:48","modified_gmt":"2022-10-06T10:23:48","slug":"libro-de-privilegios","status":"publish","type":"page","link":"https:\/\/ww2.museosantacruz.org\/?page_id=54","title":{"rendered":"Libro de Privilegios"},"content":{"rendered":"<h3><a href=\"http:\/\/ww2.museosantacruz.org\/wp-content\/uploads\/2015\/03\/Privilegios-_StCruz_01_10-1.jpg\"><img loading=\"lazy\" decoding=\"async\" class=\" size-medium wp-image-465 alignright\" src=\"http:\/\/ww2.museosantacruz.org\/wp-content\/uploads\/2015\/03\/Privilegios-_StCruz_01_10-1-200x300.jpg\" alt=\"Privilegios _StCruz_01_10-1\" width=\"200\" height=\"300\" \/><\/a><span style=\"color: #800000;\">Introducci\u00f3n<\/span><\/h3>\n<p><span class=\"texto_en_pagina\">El \u00ab<strong>Libro de los Privilegios de Santa Cruz<\/strong>\u00ab, otorgados por Felipe II, recoge una informaci\u00f3n valios\u00edsima de la historia de nuestro pueblo, desde su fundaci\u00f3n como Villa en 1253, hasta comienzos del siglo XVIII.<br \/>\n<\/span><\/p>\n<p><span class=\"texto_en_pagina\">El libro, que debi\u00f3 iniciarse como un documento \u00fanico, es en realidad un archivo de documentos manuscritos, fechados entre 1562 y 1722, encuadernados en un solo volumen. Consta de 91 folios, de unas dimensiones medias de 23 x 30 cm., de los cuales 66 aparecen escritos por ambas caras, 20 van escritos por una sola cara y 5 est\u00e1n totalmente en blanco; los primeros 26 folios son de pergamino y el resto de papel. <\/span><\/p>\n<p><span class=\"texto_en_pagina\">El libro de Santa Cruz de la Zarza es un ejemplo m\u00e1s de los libros de privilegios concedidos por los reyes a las villas, en los cuales se registraban y reconoc\u00edan formalmente los l\u00edmites, propiedades, obligaciones, derechos y competencias cedidas a las autoridades locales, as\u00ed como determinadas licencias y exenciones en materia de justicia, tributaci\u00f3n y recaudaci\u00f3n de impuestos.<\/span><\/p>\n<p>En los \u00abprivilegios\u00bb se regulaban tambi\u00e9n determinadas actividades econ\u00f3micas de importancia en cada una de las villas (mercados, mataderos, tahonas, bodegas, pastoreo y explotaci\u00f3n de los bosques del com\u00fan&#8230;), as\u00ed como los derechos de servidumbre y paso de los municipios (portazgo, pontazgo, etc.,.).<\/p>\n<p>Los \u00ablibros de privilegios\u00bb , por tanto, recog\u00edan y garantizaban el estatus jur\u00eddico de las ciudades y villas frente a otras autoridades o poderes o ante posibles actuaciones que pudieran violar sus derechos o fueran contra los intereses locales. Sin embargo, no eran documentos requeridos u obtenidos a instancia de las propias ciudades y villas, sino que obedec\u00edan a las c\u00e9dulas y ordenanzas reales que, desde comienzos del s. XVI y con car\u00e1cter general, les obligaban a constituir, mantener y custodiar sus propios archivos legislativos, administrativos y contables. La aplicaci\u00f3n de dichas ordenanzas se retras\u00f3 durante varias d\u00e9cadas en las villas menores, debido a la falta de personas cualificadas para ello y a la escasez de medios; los privilegios de Santa Cruz de la Zarza y de otras muchas villas de la comarca no se plasmaron documentalmente hasta el reinado de Felipe II, quien, como es sabido, impuls\u00f3 enormemente el desarrollo administrativo del Reino y la extensi\u00f3n de una burocracia moderna. Fue as\u00ed como se redactaron muchos de los libros de privilegios &#8211; \u00abproducidos en serie\u00bb, dir\u00edamos hoy-, ci\u00f1\u00e9ndose estrictamente a alguno de los modelos ya aplicados y probados con anterioridad en otras ciudades y villas (Sevilla, Cuenca, Teruel).<\/p>\n<p><span class=\"texto_en_pagina\">En el caso de Santa Cruz y de la mayor\u00eda de villas de la Orden de Santiago en La Mancha, se sigue fielmente el modelo del Fuero de Cuenca. <\/span><\/p>\n<h3><a href=\"http:\/\/ww2.museosantacruz.org\/wp-content\/uploads\/2015\/03\/DVD-privilegios1.jpg\"><img loading=\"lazy\" decoding=\"async\" class=\" size-medium wp-image-466 alignright\" src=\"http:\/\/ww2.museosantacruz.org\/wp-content\/uploads\/2015\/03\/DVD-privilegios1-300x239.jpg\" alt=\"DVD-privilegios\" width=\"300\" height=\"239\" srcset=\"https:\/\/ww2.museosantacruz.org\/wp-content\/uploads\/2015\/03\/DVD-privilegios1-300x239.jpg 300w, https:\/\/ww2.museosantacruz.org\/wp-content\/uploads\/2015\/03\/DVD-privilegios1.jpg 360w\" sizes=\"auto, (max-width: 300px) 100vw, 300px\" \/><\/a><span style=\"color: #800000;\">Edici\u00f3n digital en DVD<br \/>\n<\/span><\/h3>\n<p><span class=\"texto_en_pagina\">La edici\u00f3n digital del Libro de Privilegios, elaborada por Jos\u00e9 Manuel Avia a partir del material proporcionado por Maximino S\u00e1nchez, Fernando Cana y Maribel Quijada (im\u00e1genes del manuscrito, transcripci\u00f3n, gu\u00eda de lectura, cuadro cronol\u00f3gico, contexto hist\u00f3rico, biograf\u00edas y bibliograf\u00eda), tiene por objetivos:<br \/>\n1. Preservar el documento original<br \/>\n2. Difundir su existencia y su valor hist\u00f3rico y<br \/>\n3. Ponerlo al alcance de historiadores, estudiantes y personas interesadas en conocer la historia de Santa Cruz de la Zarza y su comarca.<br \/>\n4. Reducir los costes de reproducci\u00f3n de las copias.<\/span><\/p>\n<h3><a title=\"Libro de los Privilegios - Edici\u00f3n WEB\" href=\"http:\/\/www.museosantacruz.org\/PRIVILEGIOS\/\" target=\"_blank\" rel=\"noopener\"><img loading=\"lazy\" decoding=\"async\" class=\"  wp-image-474 alignleft\" src=\"http:\/\/ww2.museosantacruz.org\/wp-content\/uploads\/2015\/03\/link_icon_blue-150x150.png\" alt=\"link_icon_blue\" width=\"82\" height=\"82\" srcset=\"https:\/\/ww2.museosantacruz.org\/wp-content\/uploads\/2015\/03\/link_icon_blue-150x150.png 150w, https:\/\/ww2.museosantacruz.org\/wp-content\/uploads\/2015\/03\/link_icon_blue-300x300.png 300w, https:\/\/ww2.museosantacruz.org\/wp-content\/uploads\/2015\/03\/link_icon_blue.png 600w\" sizes=\"auto, (max-width: 82px) 100vw, 82px\" \/><\/a><a href=\"http:\/\/www.museosantacruz.org\/PRIVILEGIOS\/\" target=\"_blank\" rel=\"noopener\"><span style=\"text-decoration: underline;\"><span style=\"color: #800000; text-decoration: underline;\">Edici\u00f3n para web<\/span><\/span><\/a><\/h3>\n<p><span class=\"texto_en_pagina\">La edici\u00f3n web, de libre acceso, ha sido elaborada a partir de la edici\u00f3n digital en DVD. Se ha optado por una presentaci\u00f3n austera que, sin embargo, ofrece la misma informaci\u00f3n que la versi\u00f3n en DVD, con la \u00fanica excepci\u00f3n de las im\u00e1genes del manuscrito, que se presentan con menor tama\u00f1o y resoluci\u00f3n.<\/span><\/p>\n","protected":false},"excerpt":{"rendered":"<p>Introducci\u00f3n El \u00abLibro de los Privilegios de Santa Cruz\u00ab, otorgados por Felipe II, recoge una informaci\u00f3n valios\u00edsima de la historia de nuestro pueblo, desde su fundaci\u00f3n como Villa en 1253, hasta comienzos del siglo XVIII. El libro, que debi\u00f3 iniciarse como un documento \u00fanico, es en realidad un archivo de&#8230; <a class=\"continue-reading-link\" href=\"https:\/\/ww2.museosantacruz.org\/?page_id=54\">Continue reading<\/a><\/p>\n","protected":false},"author":1,"featured_media":0,"parent":0,"menu_order":9,"comment_status":"open","ping_status":"open","template":"","meta":{"footnotes":""},"class_list":["post-54","page","type-page","status-publish","hentry"],"_links":{"self":[{"href":"https:\/\/ww2.museosantacruz.org\/index.php?rest_route=\/wp\/v2\/pages\/54","targetHints":{"allow":["GET"]}}],"collection":[{"href":"https:\/\/ww2.museosantacruz.org\/index.php?rest_route=\/wp\/v2\/pages"}],"about":[{"href":"https:\/\/ww2.museosantacruz.org\/index.php?rest_route=\/wp\/v2\/types\/page"}],"author":[{"embeddable":true,"href":"https:\/\/ww2.museosantacruz.org\/index.php?rest_route=\/wp\/v2\/users\/1"}],"replies":[{"embeddable":true,"href":"https:\/\/ww2.museosantacruz.org\/index.php?rest_route=%2Fwp%2Fv2%2Fcomments&post=54"}],"version-history":[{"count":11,"href":"https:\/\/ww2.museosantacruz.org\/index.php?rest_route=\/wp\/v2\/pages\/54\/revisions"}],"predecessor-version":[{"id":2798,"href":"https:\/\/ww2.museosantacruz.org\/index.php?rest_route=\/wp\/v2\/pages\/54\/revisions\/2798"}],"wp:attachment":[{"href":"https:\/\/ww2.museosantacruz.org\/index.php?rest_route=%2Fwp%2Fv2%2Fmedia&parent=54"}],"curies":[{"name":"wp","href":"https:\/\/api.w.org\/{rel}","templated":true}]}}