{"id":763,"date":"2015-03-16T15:39:11","date_gmt":"2015-03-16T15:39:11","guid":{"rendered":"http:\/\/ww2.museosantacruz.org\/?page_id=763"},"modified":"2024-02-08T16:57:24","modified_gmt":"2024-02-08T17:57:24","slug":"tienda-del-museo","status":"publish","type":"page","link":"https:\/\/ww2.museosantacruz.org\/?page_id=763","title":{"rendered":"\u00abTienda\u00bb del Museo"},"content":{"rendered":"<p><nav aria-label=\"breadcrumbs\">\n            <div class=\"breadcrumb-container theme4\">\n                <ol>\n                                    <\/ol>\n            <\/div>\n        <\/nav>    <script type=\"application\/ld+json\">\n        {\n            \"@context\": \"http:\/\/schema.org\",\n            \"@type\": \"BreadcrumbList\",\n            \"itemListElement\": [\n                            ]\n        }\n    <\/script>\n    <style type=\"text\/css\">\n        .breadcrumb-container {\n            font-size: 13px;\n        }\n\n        .breadcrumb-container ul {\n            margin: 0;\n            padding: 0;\n        }\n\n        .breadcrumb-container li {\n            box-sizing: unset;\n            display: inline-block;\n            margin: 0;\n            padding: 0;\n        }\n\n        .breadcrumb-container li a {\n            box-sizing: unset;\n            padding: 0 10px;\n        }\n\n        .breadcrumb-container {\n            font-size: 12px !important;\n                    }\n\n        .breadcrumb-container li a {\n            color: #301400 !important;\n            font-size: 12px !important;\n            line-height: 12px !important;\n                    }\n\n        .breadcrumb-container li .separator {\n            color: #000000 !important;\n            font-size: 12px !important;\n                    }\n\n        .breadcrumb-container li:last-child .separator {\n            display: none;\n        }\n    <\/style>\n    <style type=\"text\/css\">\n\n        .breadcrumb-container.theme4 li {\n            display: inline-block;\n            margin: 0 14px;\n            padding: 0;\n        }\n\n        .breadcrumb-container.theme4 a {\n            background: #ddb57a;\n            color: rgb(102, 102, 102);\n            display: inline-block;\n            font-size: 14px;\n            height: 16px;\n            margin: 0;\n            padding: 5px 10px;\n            text-decoration: none;\n            position:relative;\n        }\n\n\n        .breadcrumb-container.theme4 a::after {\n            -moz-border-bottom-colors: none;\n            -moz-border-left-colors: none;\n            -moz-border-right-colors: none;\n            -moz-border-top-colors: none;\n            border-color: rgba(0, 0, 0, 0) rgba(0, 0, 0, 0) rgba(0, 0, 0, 0) #ddb57a;\n            border-image: none;\n            border-style: solid;\n            border-width: 13px;\n            content: \" \";\n            display: inline-block;\n            height: 0;\n            line-height: 0;\n            position: absolute;\n            right: -26px;\n            top: 0;\n            width: 0;\n        }\n\n        .breadcrumb-container.theme4 .separator {\n            display: none;\n        }\n    <\/style>\n        <style type=\"text\/css\">\n        .breadcrumb-container{}\r\n.breadcrumb-container ul{}\r\n.breadcrumb-container li{}\r\n.breadcrumb-container a{}\r\n.breadcrumb-container .separator{}\r\n    <\/style>\n    <script>\n            <\/script>\n<span style=\"font-family: Arial; font-size: small;\"><img loading=\"lazy\" decoding=\"async\" class=\"alignright wp-image-299 size-medium\" src=\"http:\/\/ww2.museosantacruz.org\/wp-content\/uploads\/2015\/03\/publicaciones2-300x120.jpg\" alt=\"publicaciones2\" width=\"300\" height=\"120\" srcset=\"https:\/\/ww2.museosantacruz.org\/wp-content\/uploads\/2015\/03\/publicaciones2-300x120.jpg 300w, https:\/\/ww2.museosantacruz.org\/wp-content\/uploads\/2015\/03\/publicaciones2-1024x410.jpg 1024w, https:\/\/ww2.museosantacruz.org\/wp-content\/uploads\/2015\/03\/publicaciones2.jpg 1200w\" sizes=\"auto, (max-width: 300px) 100vw, 300px\" \/>En la sede del museo se ha habilitado un peque\u00f1o espacio en el que se pueden adquirir todas las <a title=\"Publicaciones de ACAME\" href=\"http:\/\/ww2.museosantacruz.org\/?page_id=750\"><span style=\"color: #800000;\"> <b> Publicaciones de<\/b><b> la Asociaci\u00f3n<\/b><b><\/b><\/span><\/a><\/span><\/p>\n<p>&nbsp;<\/p>\n<p>&nbsp;<\/p>\n<p>&nbsp;<\/p>\n<p>&nbsp;<\/p>\n<p><span style=\"font-family: Arial; font-size: small;\"><span style=\"text-decoration: underline;\"><span style=\"color: #800000;\"><img loading=\"lazy\" decoding=\"async\" class=\"alignright wp-image-304 size-full\" src=\"http:\/\/ww2.museosantacruz.org\/wp-content\/uploads\/2015\/03\/recortable1.jpg\" alt=\"recortable1\" width=\"639\" height=\"366\" srcset=\"https:\/\/ww2.museosantacruz.org\/wp-content\/uploads\/2015\/03\/recortable1.jpg 639w, https:\/\/ww2.museosantacruz.org\/wp-content\/uploads\/2015\/03\/recortable1-300x172.jpg 300w\" sizes=\"auto, (max-width: 639px) 100vw, 639px\" \/><\/span><\/span><\/span><span style=\"font-family: Arial; font-size: small;\">Asimismo est\u00e1 a la venta una <span style=\"color: #800000;\"> <b>maqueta recortable de la Iglesia Parroquial de Santiago Ap\u00f3stol<\/b><\/span>, cuyos derechos han sido cedidos por sus autores para sufragar las actividades de la Asociaci\u00f3n. <\/span><\/p>\n<p><span style=\"font-family: Arial; font-size: small;\"><span style=\"text-decoration: underline;\"><span style=\"color: #800000;\">Descripci\u00f3n:<\/span><\/span> Escala <b>1:100. 4 l\u00e1minas color 30 x 42 cm (cartulina)<br \/>\n<\/b>Tama\u00f1o (montada): <b>21 x 19 x 15 cm. <\/b><br \/>\nIncluye: <b>40 piezas<\/b>, <b>Gu\u00eda hist\u00f3rica<\/b> e instrucciones de montaje.<br \/>\nDise\u00f1o, fotograf\u00eda, infograf\u00eda y maquetaci\u00f3n: Nel Avia \/ Texto: Dionisio Urbina.<br \/>\n<b>Precio: 10 \u20ac<\/b>.<\/span><\/p>\n","protected":false},"excerpt":{"rendered":"<p>En la sede del museo se ha habilitado un peque\u00f1o espacio en el que se pueden adquirir todas las Publicaciones de la Asociaci\u00f3n &nbsp; &nbsp; &nbsp; &nbsp; Asimismo est\u00e1 a la venta una maqueta recortable de la Iglesia Parroquial de Santiago Ap\u00f3stol, cuyos derechos han sido cedidos por sus autores&#8230; <a class=\"continue-reading-link\" href=\"https:\/\/ww2.museosantacruz.org\/?page_id=763\">Continue reading<\/a><\/p>\n","protected":false},"author":1,"featured_media":0,"parent":2,"menu_order":3,"comment_status":"open","ping_status":"closed","template":"","meta":{"footnotes":""},"class_list":["post-763","page","type-page","status-publish","hentry"],"_links":{"self":[{"href":"https:\/\/ww2.museosantacruz.org\/index.php?rest_route=\/wp\/v2\/pages\/763","targetHints":{"allow":["GET"]}}],"collection":[{"href":"https:\/\/ww2.museosantacruz.org\/index.php?rest_route=\/wp\/v2\/pages"}],"about":[{"href":"https:\/\/ww2.museosantacruz.org\/index.php?rest_route=\/wp\/v2\/types\/page"}],"author":[{"embeddable":true,"href":"https:\/\/ww2.museosantacruz.org\/index.php?rest_route=\/wp\/v2\/users\/1"}],"replies":[{"embeddable":true,"href":"https:\/\/ww2.museosantacruz.org\/index.php?rest_route=%2Fwp%2Fv2%2Fcomments&post=763"}],"version-history":[{"count":7,"href":"https:\/\/ww2.museosantacruz.org\/index.php?rest_route=\/wp\/v2\/pages\/763\/revisions"}],"predecessor-version":[{"id":1664,"href":"https:\/\/ww2.museosantacruz.org\/index.php?rest_route=\/wp\/v2\/pages\/763\/revisions\/1664"}],"up":[{"embeddable":true,"href":"https:\/\/ww2.museosantacruz.org\/index.php?rest_route=\/wp\/v2\/pages\/2"}],"wp:attachment":[{"href":"https:\/\/ww2.museosantacruz.org\/index.php?rest_route=%2Fwp%2Fv2%2Fmedia&parent=763"}],"curies":[{"name":"wp","href":"https:\/\/api.w.org\/{rel}","templated":true}]}}